{"id":5075,"date":"2022-05-24T18:31:53","date_gmt":"2022-05-24T18:31:53","guid":{"rendered":"https:\/\/belmar-bonaire.com\/sonderangebote\/"},"modified":"2024-03-06T11:56:53","modified_gmt":"2024-03-06T11:56:53","slug":"sonderangebote","status":"publish","type":"page","link":"https:\/\/belmar-bonaire.com\/de\/sonderangebote\/","title":{"rendered":"Sonderangebote"},"content":{"rendered":"<div class=\"wpb-content-wrapper\">[vc_row][vc_column][vc_column_text]\n<h1 style=\"text-align: center;\"><small>Belmar Oceanfront Apartments<\/small>Sonderangebote<\/h1>\n[\/vc_column_text][\/vc_column][\/vc_row][vc_row][vc_column width=&#8220;1\/2&#8243;][vc_single_image image=&#8220;5027&#8243; img_size=&#8220;full&#8220;][\/vc_column][vc_column width=&#8220;1\/2&#8243;][vc_column_text]\n<h2 class=\"text-uppercase\" style=\"text-align: center;\">Early Bird<\/h2>\n<h4>Reisezeitraum: Ganzj\u00e4hrig<\/h4>\n<p>Buchen Sie eines unserer Pakete 6 Monate im Voraus und erhalten Sie 10 % Fr\u00fchbucherrabatt.<\/p>\n<p><strong>Allgemeine Gesch\u00e4ftsbedingungen:<\/strong><br \/>\n* Eine Stornierung oder Umbuchung ist nicht m\u00f6glich.<br \/>\n* Muss zum Zeitpunkt der Buchung vollst\u00e4ndig bezahlt werden.<br \/>\n* Der Rabatt gilt f\u00fcr alle Teile des Pakets, mit Ausnahme des Valet-Tauchteils.<br \/>\n* Nicht g\u00fcltig in Kombination mit anderen Sonderangeboten oder Aktionen.<br \/>\n* G\u00fcltig f\u00fcr Reisen das ganze Jahr \u00fcber.[\/vc_column_text][\/vc_column][\/vc_row][vc_row][vc_column width=&#8220;1\/2&#8243;][vc_single_image image=&#8220;5031&#8243; img_size=&#8220;full&#8220;][\/vc_column][vc_column width=&#8220;1\/2&#8243;][vc_column_text]\n<h2 class=\"text-uppercase\" style=\"text-align: center;\">Das hei\u00dfe Sommerangebot von Belmars<\/h2>\n<h4>Reisezeitraum: 27. Juli \u2013 7. September 2024<\/h4>\n<p>Genie\u00dfen Sie einen erholsamen Sommer mit einem hei\u00dfen Sommerangebot in den Belmar Oceanfront Apartments! Buchen Sie unser Drive, Dive &amp; Tauchpaket f\u00fcr Aufenthalte an Land und<\/p>\n<ul>\n<li>Jeder 2. Taucher taucht KOSTENLOS!<\/li>\n<li>Kostenlose Discover Scuba-Sitzung f\u00fcr Nichttaucher.<\/li>\n<\/ul>\n<p><strong>Allgemeine Gesch\u00e4ftsbedingungen:<\/strong><br \/>\n* Buchbar in Kombination mit unserem Drive, Dive &amp; Aufenthaltspakete.<br \/>\n* Der Tauchrabatt gilt nicht f\u00fcr den Valet-Tauchteil.<br \/>\n* Nicht g\u00fcltig in Kombination mit anderen Sonderangeboten oder Aktionen.<br \/>\n* Nur f\u00fcr Neubuchungen.[\/vc_column_text][\/vc_column][\/vc_row][vc_row][vc_column width=&#8220;1\/2&#8243;][vc_single_image image=&#8220;7265&#8243; img_size=&#8220;full&#8220;][\/vc_column][vc_column width=&#8220;1\/2&#8243;][vc_column_text]\n<h2 class=\"text-uppercase\" style=\"text-align: center;\"><small>Erziehung zum Meeresleben mit <\/small>Eric Riesch<\/h2>\n<h4>Reisezeitraum: 10. \u2013 23. August 2024<em><br \/>\n<\/em><\/h4>\n<p><a href=\"https:\/\/buddydive.com\/marine-life-education-2\/\">Erziehung zum Meeresleben<\/a> auf Bonaire! Erfahren Sie vom Experten Eric Riesch alles \u00fcber das Leben an den Riffen und die Unterwasserwelt von Bonaire.<\/p>\n<p><strong><span style=\"font-size: 1.4rem;\">Angebot:<\/span><\/strong><\/p>\n<ul>\n<li style=\"list-style-type: none;\">\n<ul>\n<li>25 % Rabatt auf Tauchen + Rabatt auf Riff-Ausweisb\u00fccher<\/li>\n<li>7=6 f\u00fcr die Unterkunft<\/li>\n<li>Nehmen Sie an Veranstaltungen teil, die im Buddy Dive Resort* organisiert werden.<\/li>\n<\/ul>\n<\/li>\n<\/ul>\n<p><strong>Allgemeine Gesch\u00e4ftsbedingungen:<\/strong><\/p>\n<ul>\n<li>Buchbar in Kombination mit unserem Drive, Dive &amp; Aufenthaltspakete.<\/li>\n<li>Die kostenlose Nacht gilt nur f\u00fcr die Unterkunft.<\/li>\n<li>Der Tauchrabatt gilt nicht f\u00fcr den Valet-Tauchbereich.<\/li>\n<li>Nicht g\u00fcltig in Kombination mit anderen Sonderangeboten oder Aktionen.<\/li>\n<li>Nur f\u00fcr neue Buchungen.<\/li>\n<li>* F\u00fcr bestimmte Veranstaltungen kann ein Aufpreis anfallen.<\/li>\n<li>Die Aktivit\u00e4ten finden im Buddy Dive Resort oder au\u00dferhalb des Gel\u00e4ndes statt.<\/li>\n<\/ul>\n[\/vc_column_text][vc_btn title=&#8220;Marine Life Education Schedule&#8220; align=&#8220;center&#8220; link=&#8220;url:https%3A%2F%2Fbelmar-bonaire.com%2Fwp-content%2Fuploads%2F2023%2F06%2FBMA-MLE-schedule-2023.pdf|target:_blank|&#8220;][\/vc_column][\/vc_row][vc_row][vc_column width=&#8220;1\/2&#8243;][vc_single_image image=&#8220;7262&#8243; img_size=&#8220;full&#8220;][\/vc_column][vc_column width=&#8220;1\/2&#8243;][vc_column_text]\n<h2 class=\"text-uppercase\" style=\"text-align: center;\">Bonaire Madness<\/h2>\n<h4>Reisezeitraum: 30. November \u2013 20. Dezember 2024<\/h4>\n<p>Genie\u00dfen Sie kurz vor Beginn der Ferien eine Woche voller Sonne, Spa\u00df und Wahnsinn mit verr\u00fcckten Anreizen!<br \/>\n* 2. Tauchg\u00e4nge KOSTENLOS!<br \/>\n* Kostenlose Discover Scuba-Sitzung f\u00fcr Nichttaucher.<\/p>\n<p><strong>Gruppenangebote:<\/strong><br \/>\n* 8=7 f\u00fcr Unterkunft, Teil der Fahrzeugmiete &amp; Tauchen.<br \/>\n* Kostenloses Exemplar des \u201eReef Smart Guide Bonaire\u201c f\u00fcr den Gruppenleiter.<\/p>\n<p><strong>Allgemeine Gesch\u00e4ftsbedingungen:<\/strong><br \/>\n* Buchbar in Kombination mit unserem Drive, Dive &amp; Aufenthaltspakete.<br \/>\n* Der Tauchrabatt gilt nicht f\u00fcr den Valet-Tauchteil.<br \/>\n* Nicht g\u00fcltig in Kombination mit anderen Sonderangeboten oder Aktionen.<br \/>\n* Nur f\u00fcr Neubuchungen.[\/vc_column_text][\/vc_column][\/vc_row][vc_row][vc_column][vc_btn title=&#8220;Kontaktiere uns&#8220; color=&#8220;warning&#8220; align=&#8220;center&#8220; link=&#8220;url:mailto%3Areservations%40belmar-bonaire.com|target:_blank|&#8220;][vc_message]<em>Bitte beachten Sie: Alle Sonderangebote gelten nur f\u00fcr Neubuchungen, k\u00f6nnen nicht mit anderen Sonderangeboten oder Werbeaktionen kombiniert werden und es k\u00f6nnen bestimmte Einschr\u00e4nkungen gelten. Die Preise werden pro Person und Woche in US-Dollar angegeben und basieren auf der maximalen Belegung des Apartments. Ein Zustellbett pro Apartment kann gegen Aufpreis bereitgestellt werden (nicht im Studio). Die Preise verstehen sich zuz\u00fcglich Steuern, es wird keine zus\u00e4tzliche Servicegeb\u00fchr erhoben. Alle Preise, staatlichen Steuern und Sonderangebote auf dieser Seite k\u00f6nnen ohne vorherige Ank\u00fcndigung ge\u00e4ndert werden.<\/em><\/p>\n<p><em>F\u00fcr weitere Informationen zu unseren Tarifen, Sonderangeboten und Paketen kontaktieren Sie uns direkt oder kontaktieren Sie einen unserer US-amerikanischen, europ\u00e4ischen oder s\u00fcdamerikanischen <a href=\"https:\/\/www.buddydive.com\/travel-partners\/\"> Reisepartner<\/a>.<\/em>[\/vc_message][\/vc_column][\/vc_row]\n<\/div>","protected":false},"excerpt":{"rendered":"<p>[vc_row][vc_column][vc_column_text] Belmar Oceanfront ApartmentsSonderangebote [\/vc_column_text][\/vc_column][\/vc_row][vc_row][vc_column width=&#8220;1\/2&#8243;][vc_single_image image=&#8220;5027&#8243; img_size=&#8220;full&#8220;][\/vc_column][vc_column width=&#8220;1\/2&#8243;][vc_column_text] Early Bird Reisezeitraum: Ganzj\u00e4hrig Buchen Sie eines unserer Pakete 6 Monate [&hellip;]<\/p>\n","protected":false},"author":2,"featured_media":0,"parent":0,"menu_order":0,"comment_status":"closed","ping_status":"closed","template":"","meta":{"footnotes":""},"class_list":["post-5075","page","type-page","status-publish","hentry"],"yoast_head":"<!-- This site is optimized with the Yoast SEO plugin v27.5 - https:\/\/yoast.com\/product\/yoast-seo-wordpress\/ -->\n<title>Sonderangebote - Belmar Oceanfront Apartments<\/title>\n<meta name=\"description\" content=\"Unsere Specials in den Belmar Oceanfront Apartments\" \/>\n<meta name=\"robots\" content=\"index, follow, max-snippet:-1, max-image-preview:large, max-video-preview:-1\" \/>\n<link rel=\"canonical\" href=\"https:\/\/belmar-bonaire.com\/de\/sonderangebote\/\" \/>\n<meta property=\"og:locale\" content=\"de_DE\" \/>\n<meta property=\"og:type\" content=\"article\" \/>\n<meta property=\"og:title\" content=\"Sonderangebote - Belmar Oceanfront Apartments\" \/>\n<meta property=\"og:description\" content=\"Unsere Specials in den Belmar Oceanfront Apartments\" \/>\n<meta property=\"og:url\" content=\"https:\/\/belmar-bonaire.com\/de\/sonderangebote\/\" \/>\n<meta property=\"og:site_name\" content=\"Belmar Oceanfront Apartments\" \/>\n<meta property=\"article:publisher\" content=\"https:\/\/www.facebook.com\/belmaroceanfrontapartments\/\" \/>\n<meta property=\"article:modified_time\" content=\"2024-03-06T11:56:53+00:00\" \/>\n<meta property=\"og:image\" content=\"https:\/\/belmar-bonaire.com\/wp-content\/uploads\/2022\/02\/Belmar-Logo.png\" \/>\n\t<meta property=\"og:image:width\" content=\"1461\" \/>\n\t<meta property=\"og:image:height\" content=\"612\" \/>\n\t<meta property=\"og:image:type\" content=\"image\/png\" \/>\n<meta name=\"twitter:card\" content=\"summary_large_image\" \/>\n<meta name=\"twitter:label1\" content=\"Gesch\u00e4tzte Lesezeit\" \/>\n\t<meta name=\"twitter:data1\" content=\"3\u00a0Minuten\" \/>\n<script type=\"application\/ld+json\" class=\"yoast-schema-graph\">{\"@context\":\"https:\\\/\\\/schema.org\",\"@graph\":[{\"@type\":\"WebPage\",\"@id\":\"https:\\\/\\\/belmar-bonaire.com\\\/de\\\/sonderangebote\\\/\",\"url\":\"https:\\\/\\\/belmar-bonaire.com\\\/de\\\/sonderangebote\\\/\",\"name\":\"Sonderangebote - Belmar Oceanfront Apartments\",\"isPartOf\":{\"@id\":\"https:\\\/\\\/belmar-bonaire.com\\\/#website\"},\"datePublished\":\"2022-05-24T18:31:53+00:00\",\"dateModified\":\"2024-03-06T11:56:53+00:00\",\"description\":\"Unsere Specials in den Belmar Oceanfront Apartments\",\"breadcrumb\":{\"@id\":\"https:\\\/\\\/belmar-bonaire.com\\\/de\\\/sonderangebote\\\/#breadcrumb\"},\"inLanguage\":\"de\",\"potentialAction\":[{\"@type\":\"ReadAction\",\"target\":[\"https:\\\/\\\/belmar-bonaire.com\\\/de\\\/sonderangebote\\\/\"]}]},{\"@type\":\"BreadcrumbList\",\"@id\":\"https:\\\/\\\/belmar-bonaire.com\\\/de\\\/sonderangebote\\\/#breadcrumb\",\"itemListElement\":[{\"@type\":\"ListItem\",\"position\":1,\"name\":\"Home\",\"item\":\"https:\\\/\\\/belmar-bonaire.com\\\/\"},{\"@type\":\"ListItem\",\"position\":2,\"name\":\"Sonderangebote\"}]},{\"@type\":\"WebSite\",\"@id\":\"https:\\\/\\\/belmar-bonaire.com\\\/#website\",\"url\":\"https:\\\/\\\/belmar-bonaire.com\\\/\",\"name\":\"Belmar Oceanfront Apartments\",\"description\":\"Belmar Bonaire\",\"publisher\":{\"@id\":\"https:\\\/\\\/belmar-bonaire.com\\\/#organization\"},\"potentialAction\":[{\"@type\":\"SearchAction\",\"target\":{\"@type\":\"EntryPoint\",\"urlTemplate\":\"https:\\\/\\\/belmar-bonaire.com\\\/?s={search_term_string}\"},\"query-input\":{\"@type\":\"PropertyValueSpecification\",\"valueRequired\":true,\"valueName\":\"search_term_string\"}}],\"inLanguage\":\"de\"},{\"@type\":\"Organization\",\"@id\":\"https:\\\/\\\/belmar-bonaire.com\\\/#organization\",\"name\":\"Belmar Oceanfront Apartments\",\"url\":\"https:\\\/\\\/belmar-bonaire.com\\\/\",\"logo\":{\"@type\":\"ImageObject\",\"inLanguage\":\"de\",\"@id\":\"https:\\\/\\\/belmar-bonaire.com\\\/#\\\/schema\\\/logo\\\/image\\\/\",\"url\":\"https:\\\/\\\/belmar-bonaire.com\\\/wp-content\\\/uploads\\\/2022\\\/02\\\/Belmar-Logo.png\",\"contentUrl\":\"https:\\\/\\\/belmar-bonaire.com\\\/wp-content\\\/uploads\\\/2022\\\/02\\\/Belmar-Logo.png\",\"width\":1461,\"height\":612,\"caption\":\"Belmar Oceanfront Apartments\"},\"image\":{\"@id\":\"https:\\\/\\\/belmar-bonaire.com\\\/#\\\/schema\\\/logo\\\/image\\\/\"},\"sameAs\":[\"https:\\\/\\\/www.facebook.com\\\/belmaroceanfrontapartments\\\/\",\"https:\\\/\\\/www.instagram.com\\\/belmaroceanfrontapartments\\\/\"]}]}<\/script>\n<!-- \/ Yoast SEO plugin. -->","yoast_head_json":{"title":"Sonderangebote - Belmar Oceanfront Apartments","description":"Unsere Specials in den Belmar Oceanfront Apartments","robots":{"index":"index","follow":"follow","max-snippet":"max-snippet:-1","max-image-preview":"max-image-preview:large","max-video-preview":"max-video-preview:-1"},"canonical":"https:\/\/belmar-bonaire.com\/de\/sonderangebote\/","og_locale":"de_DE","og_type":"article","og_title":"Sonderangebote - Belmar Oceanfront Apartments","og_description":"Unsere Specials in den Belmar Oceanfront Apartments","og_url":"https:\/\/belmar-bonaire.com\/de\/sonderangebote\/","og_site_name":"Belmar Oceanfront Apartments","article_publisher":"https:\/\/www.facebook.com\/belmaroceanfrontapartments\/","article_modified_time":"2024-03-06T11:56:53+00:00","og_image":[{"width":1461,"height":612,"url":"https:\/\/belmar-bonaire.com\/wp-content\/uploads\/2022\/02\/Belmar-Logo.png","type":"image\/png"}],"twitter_card":"summary_large_image","twitter_misc":{"Gesch\u00e4tzte Lesezeit":"3\u00a0Minuten"},"schema":{"@context":"https:\/\/schema.org","@graph":[{"@type":"WebPage","@id":"https:\/\/belmar-bonaire.com\/de\/sonderangebote\/","url":"https:\/\/belmar-bonaire.com\/de\/sonderangebote\/","name":"Sonderangebote - Belmar Oceanfront Apartments","isPartOf":{"@id":"https:\/\/belmar-bonaire.com\/#website"},"datePublished":"2022-05-24T18:31:53+00:00","dateModified":"2024-03-06T11:56:53+00:00","description":"Unsere Specials in den Belmar Oceanfront Apartments","breadcrumb":{"@id":"https:\/\/belmar-bonaire.com\/de\/sonderangebote\/#breadcrumb"},"inLanguage":"de","potentialAction":[{"@type":"ReadAction","target":["https:\/\/belmar-bonaire.com\/de\/sonderangebote\/"]}]},{"@type":"BreadcrumbList","@id":"https:\/\/belmar-bonaire.com\/de\/sonderangebote\/#breadcrumb","itemListElement":[{"@type":"ListItem","position":1,"name":"Home","item":"https:\/\/belmar-bonaire.com\/"},{"@type":"ListItem","position":2,"name":"Sonderangebote"}]},{"@type":"WebSite","@id":"https:\/\/belmar-bonaire.com\/#website","url":"https:\/\/belmar-bonaire.com\/","name":"Belmar Oceanfront Apartments","description":"Belmar Bonaire","publisher":{"@id":"https:\/\/belmar-bonaire.com\/#organization"},"potentialAction":[{"@type":"SearchAction","target":{"@type":"EntryPoint","urlTemplate":"https:\/\/belmar-bonaire.com\/?s={search_term_string}"},"query-input":{"@type":"PropertyValueSpecification","valueRequired":true,"valueName":"search_term_string"}}],"inLanguage":"de"},{"@type":"Organization","@id":"https:\/\/belmar-bonaire.com\/#organization","name":"Belmar Oceanfront Apartments","url":"https:\/\/belmar-bonaire.com\/","logo":{"@type":"ImageObject","inLanguage":"de","@id":"https:\/\/belmar-bonaire.com\/#\/schema\/logo\/image\/","url":"https:\/\/belmar-bonaire.com\/wp-content\/uploads\/2022\/02\/Belmar-Logo.png","contentUrl":"https:\/\/belmar-bonaire.com\/wp-content\/uploads\/2022\/02\/Belmar-Logo.png","width":1461,"height":612,"caption":"Belmar Oceanfront Apartments"},"image":{"@id":"https:\/\/belmar-bonaire.com\/#\/schema\/logo\/image\/"},"sameAs":["https:\/\/www.facebook.com\/belmaroceanfrontapartments\/","https:\/\/www.instagram.com\/belmaroceanfrontapartments\/"]}]}},"_links":{"self":[{"href":"https:\/\/belmar-bonaire.com\/de\/wp-json\/wp\/v2\/pages\/5075","targetHints":{"allow":["GET"]}}],"collection":[{"href":"https:\/\/belmar-bonaire.com\/de\/wp-json\/wp\/v2\/pages"}],"about":[{"href":"https:\/\/belmar-bonaire.com\/de\/wp-json\/wp\/v2\/types\/page"}],"author":[{"embeddable":true,"href":"https:\/\/belmar-bonaire.com\/de\/wp-json\/wp\/v2\/users\/2"}],"replies":[{"embeddable":true,"href":"https:\/\/belmar-bonaire.com\/de\/wp-json\/wp\/v2\/comments?post=5075"}],"version-history":[{"count":24,"href":"https:\/\/belmar-bonaire.com\/de\/wp-json\/wp\/v2\/pages\/5075\/revisions"}],"predecessor-version":[{"id":8096,"href":"https:\/\/belmar-bonaire.com\/de\/wp-json\/wp\/v2\/pages\/5075\/revisions\/8096"}],"wp:attachment":[{"href":"https:\/\/belmar-bonaire.com\/de\/wp-json\/wp\/v2\/media?parent=5075"}],"curies":[{"name":"wp","href":"https:\/\/api.w.org\/{rel}","templated":true}]}}