{"id":4838,"date":"2022-04-25T16:02:22","date_gmt":"2022-04-25T16:02:22","guid":{"rendered":"https:\/\/belmar-bonaire.com\/valet-tauchen\/"},"modified":"2023-07-10T15:29:09","modified_gmt":"2023-07-10T15:29:09","slug":"valet-tauchen","status":"publish","type":"page","link":"https:\/\/belmar-bonaire.com\/de\/valet-tauchen\/","title":{"rendered":"Valet-Tauchen"},"content":{"rendered":"<div class=\"wpb-content-wrapper\">[vc_row][vc_column][vc_column_text]\n<h1 style=\"text-align: center;\"><small>Belmar Oceanfront Apartments<\/small>VALET-TAUCHEN<\/h1>\n<p>&nbsp;[\/vc_column_text][vc_empty_space][vc_column_text]\n<p style=\"text-align: center;\">Besuchen Sie die sch\u00f6nsten Tauchpl\u00e4tze von Bonaire, genie\u00dfen Sie die angenehme Brise auf dem Boot, lehnen Sie sich zur\u00fcck, entspannen Sie sich und machen Sie sich keine Sorgen<br \/>\n\u00dcber eine Sache. Klingt das wie Musik in Ihren Ohren? Kommen Sie zu unserem Valet Boat Dive!<\/p>\n<p style=\"text-align: center;\">Ihre Ausr\u00fcstung wird sorgf\u00e4ltig auf dem Boot geladen und vorbereitet, w\u00e4hrend Sie die M\u00f6glichkeit haben, Ihren Tauchplan zu besprechen oder sich mit anderen Tauchern auszutauschen. Sobald wir den Tauchplatz erreicht haben, f\u00fchren Sie unsere erfahrenen Tauchlehrer durch die versteckten Orte und die lebendige Unterwasserwelt. Genie\u00dfen Sie die W\u00e4rme der karibischen Sonne, w\u00e4hrend unsere Crew f\u00fcr frische Handt\u00fccher, Obst, Snacks und Erfrischungen sorgt.<\/p>\n<p style=\"text-align: center;\">Wenn der Tag zu Ende geht, k\u00fcmmert sich unser engagiertes Team sorgf\u00e4ltig um das Ausladen Ihrer Tauchausr\u00fcstung.<\/p>\n[\/vc_column_text][vc_images_carousel images=&#8220;4391,4347,4561,4563,4565,4567&#8243; slides_per_view=&#8220;3&#8243;][\/vc_column][\/vc_row][vc_row][vc_column][vc_video link=&#8220;https:\/\/www.youtube.com\/watch?v=Ygqk0GE4XX0&#8243;][\/vc_column][\/vc_row][vc_row][vc_column][vc_cta h2=&#8220;\u00dcberpr\u00fcfen Sie die Tauchpreise in Belmar&#8220; txt_align=&#8220;center&#8220; add_button=&#8220;bottom&#8220; btn_title=&#8220;\u00dcberpr\u00fcfen Sie die Tauchpreise&#8220; btn_color=&#8220;warning&#8220; btn_align=&#8220;center&#8220; css_animation=&#8220;bounceIn&#8220; btn_link=&#8220;url:https%3A%2F%2Fbelmar-bonaire.com%2Fde%2Ftauchpreise%2F|title:Tauchpreise|&#8220;][\/vc_cta][\/vc_column][\/vc_row]\n<\/div>","protected":false},"excerpt":{"rendered":"<p>[vc_row][vc_column][vc_column_text] Belmar Oceanfront ApartmentsVALET-TAUCHEN &nbsp;[\/vc_column_text][vc_empty_space][vc_column_text] Besuchen Sie die sch\u00f6nsten Tauchpl\u00e4tze von Bonaire, genie\u00dfen Sie die angenehme Brise auf dem Boot, [&hellip;]<\/p>\n","protected":false},"author":2,"featured_media":0,"parent":0,"menu_order":0,"comment_status":"closed","ping_status":"closed","template":"","meta":{"footnotes":""},"class_list":["post-4838","page","type-page","status-publish","hentry"],"yoast_head":"<!-- This site is optimized with the Yoast SEO plugin v27.5 - https:\/\/yoast.com\/product\/yoast-seo-wordpress\/ -->\n<title>Valet-Tauchen - Belmar Oceanfront Apartments<\/title>\n<meta name=\"description\" content=\"Besuchen Sie die sch\u00f6nsten Tauchpl\u00e4tze von Bonaire, genie\u00dfen Sie die angenehme Brise auf dem Boot, lehnen Sie sich zur\u00fcck, entspannen Sie sich und k\u00fcmmern Sie sich um nichts. Kommen Sie und nehmen Sie an unserem Valet Boat Dive teil!\" \/>\n<meta name=\"robots\" content=\"index, follow, max-snippet:-1, max-image-preview:large, max-video-preview:-1\" \/>\n<link rel=\"canonical\" href=\"https:\/\/belmar-bonaire.com\/valet-diving\/\" \/>\n<meta property=\"og:locale\" content=\"de_DE\" \/>\n<meta property=\"og:type\" content=\"article\" \/>\n<meta property=\"og:title\" content=\"Valet-Tauchen - Belmar Oceanfront Apartments\" \/>\n<meta property=\"og:description\" content=\"Besuchen Sie die sch\u00f6nsten Tauchpl\u00e4tze von Bonaire, genie\u00dfen Sie die angenehme Brise auf dem Boot, lehnen Sie sich zur\u00fcck, entspannen Sie sich und k\u00fcmmern Sie sich um nichts. Kommen Sie und nehmen Sie an unserem Valet Boat Dive teil!\" \/>\n<meta property=\"og:url\" content=\"https:\/\/belmar-bonaire.com\/valet-diving\/\" \/>\n<meta property=\"og:site_name\" content=\"Belmar Oceanfront Apartments\" \/>\n<meta property=\"article:publisher\" content=\"https:\/\/www.facebook.com\/belmaroceanfrontapartments\/\" \/>\n<meta property=\"article:modified_time\" content=\"2023-07-10T15:29:09+00:00\" \/>\n<meta property=\"og:image\" content=\"https:\/\/belmar-bonaire.com\/wp-content\/uploads\/2022\/02\/Belmar-Logo.png\" \/>\n\t<meta property=\"og:image:width\" content=\"1461\" \/>\n\t<meta property=\"og:image:height\" content=\"612\" \/>\n\t<meta property=\"og:image:type\" content=\"image\/png\" \/>\n<meta name=\"twitter:card\" content=\"summary_large_image\" \/>\n<meta name=\"twitter:label1\" content=\"Gesch\u00e4tzte Lesezeit\" \/>\n\t<meta name=\"twitter:data1\" content=\"1\u00a0Minute\" \/>\n<script type=\"application\/ld+json\" class=\"yoast-schema-graph\">{\"@context\":\"https:\\\/\\\/schema.org\",\"@graph\":[{\"@type\":\"WebPage\",\"@id\":\"https:\\\/\\\/belmar-bonaire.com\\\/valet-diving\\\/\",\"url\":\"https:\\\/\\\/belmar-bonaire.com\\\/valet-diving\\\/\",\"name\":\"Valet-Tauchen - Belmar Oceanfront Apartments\",\"isPartOf\":{\"@id\":\"https:\\\/\\\/belmar-bonaire.com\\\/#website\"},\"datePublished\":\"2022-04-25T16:02:22+00:00\",\"dateModified\":\"2023-07-10T15:29:09+00:00\",\"description\":\"Besuchen Sie die sch\u00f6nsten Tauchpl\u00e4tze von Bonaire, genie\u00dfen Sie die angenehme Brise auf dem Boot, lehnen Sie sich zur\u00fcck, entspannen Sie sich und k\u00fcmmern Sie sich um nichts. Kommen Sie und nehmen Sie an unserem Valet Boat Dive teil!\",\"breadcrumb\":{\"@id\":\"https:\\\/\\\/belmar-bonaire.com\\\/valet-diving\\\/#breadcrumb\"},\"inLanguage\":\"de\",\"potentialAction\":[{\"@type\":\"ReadAction\",\"target\":[\"https:\\\/\\\/belmar-bonaire.com\\\/valet-diving\\\/\"]}]},{\"@type\":\"BreadcrumbList\",\"@id\":\"https:\\\/\\\/belmar-bonaire.com\\\/valet-diving\\\/#breadcrumb\",\"itemListElement\":[{\"@type\":\"ListItem\",\"position\":1,\"name\":\"Home\",\"item\":\"https:\\\/\\\/belmar-bonaire.com\\\/\"},{\"@type\":\"ListItem\",\"position\":2,\"name\":\"Valet-Tauchen\"}]},{\"@type\":\"WebSite\",\"@id\":\"https:\\\/\\\/belmar-bonaire.com\\\/#website\",\"url\":\"https:\\\/\\\/belmar-bonaire.com\\\/\",\"name\":\"Belmar Oceanfront Apartments\",\"description\":\"Belmar Bonaire\",\"publisher\":{\"@id\":\"https:\\\/\\\/belmar-bonaire.com\\\/#organization\"},\"potentialAction\":[{\"@type\":\"SearchAction\",\"target\":{\"@type\":\"EntryPoint\",\"urlTemplate\":\"https:\\\/\\\/belmar-bonaire.com\\\/?s={search_term_string}\"},\"query-input\":{\"@type\":\"PropertyValueSpecification\",\"valueRequired\":true,\"valueName\":\"search_term_string\"}}],\"inLanguage\":\"de\"},{\"@type\":\"Organization\",\"@id\":\"https:\\\/\\\/belmar-bonaire.com\\\/#organization\",\"name\":\"Belmar Oceanfront Apartments\",\"url\":\"https:\\\/\\\/belmar-bonaire.com\\\/\",\"logo\":{\"@type\":\"ImageObject\",\"inLanguage\":\"de\",\"@id\":\"https:\\\/\\\/belmar-bonaire.com\\\/#\\\/schema\\\/logo\\\/image\\\/\",\"url\":\"https:\\\/\\\/belmar-bonaire.com\\\/wp-content\\\/uploads\\\/2022\\\/02\\\/Belmar-Logo.png\",\"contentUrl\":\"https:\\\/\\\/belmar-bonaire.com\\\/wp-content\\\/uploads\\\/2022\\\/02\\\/Belmar-Logo.png\",\"width\":1461,\"height\":612,\"caption\":\"Belmar Oceanfront Apartments\"},\"image\":{\"@id\":\"https:\\\/\\\/belmar-bonaire.com\\\/#\\\/schema\\\/logo\\\/image\\\/\"},\"sameAs\":[\"https:\\\/\\\/www.facebook.com\\\/belmaroceanfrontapartments\\\/\",\"https:\\\/\\\/www.instagram.com\\\/belmaroceanfrontapartments\\\/\"]}]}<\/script>\n<!-- \/ Yoast SEO plugin. -->","yoast_head_json":{"title":"Valet-Tauchen - Belmar Oceanfront Apartments","description":"Besuchen Sie die sch\u00f6nsten Tauchpl\u00e4tze von Bonaire, genie\u00dfen Sie die angenehme Brise auf dem Boot, lehnen Sie sich zur\u00fcck, entspannen Sie sich und k\u00fcmmern Sie sich um nichts. Kommen Sie und nehmen Sie an unserem Valet Boat Dive teil!","robots":{"index":"index","follow":"follow","max-snippet":"max-snippet:-1","max-image-preview":"max-image-preview:large","max-video-preview":"max-video-preview:-1"},"canonical":"https:\/\/belmar-bonaire.com\/valet-diving\/","og_locale":"de_DE","og_type":"article","og_title":"Valet-Tauchen - Belmar Oceanfront Apartments","og_description":"Besuchen Sie die sch\u00f6nsten Tauchpl\u00e4tze von Bonaire, genie\u00dfen Sie die angenehme Brise auf dem Boot, lehnen Sie sich zur\u00fcck, entspannen Sie sich und k\u00fcmmern Sie sich um nichts. Kommen Sie und nehmen Sie an unserem Valet Boat Dive teil!","og_url":"https:\/\/belmar-bonaire.com\/valet-diving\/","og_site_name":"Belmar Oceanfront Apartments","article_publisher":"https:\/\/www.facebook.com\/belmaroceanfrontapartments\/","article_modified_time":"2023-07-10T15:29:09+00:00","og_image":[{"width":1461,"height":612,"url":"https:\/\/belmar-bonaire.com\/wp-content\/uploads\/2022\/02\/Belmar-Logo.png","type":"image\/png"}],"twitter_card":"summary_large_image","twitter_misc":{"Gesch\u00e4tzte Lesezeit":"1\u00a0Minute"},"schema":{"@context":"https:\/\/schema.org","@graph":[{"@type":"WebPage","@id":"https:\/\/belmar-bonaire.com\/valet-diving\/","url":"https:\/\/belmar-bonaire.com\/valet-diving\/","name":"Valet-Tauchen - Belmar Oceanfront Apartments","isPartOf":{"@id":"https:\/\/belmar-bonaire.com\/#website"},"datePublished":"2022-04-25T16:02:22+00:00","dateModified":"2023-07-10T15:29:09+00:00","description":"Besuchen Sie die sch\u00f6nsten Tauchpl\u00e4tze von Bonaire, genie\u00dfen Sie die angenehme Brise auf dem Boot, lehnen Sie sich zur\u00fcck, entspannen Sie sich und k\u00fcmmern Sie sich um nichts. Kommen Sie und nehmen Sie an unserem Valet Boat Dive teil!","breadcrumb":{"@id":"https:\/\/belmar-bonaire.com\/valet-diving\/#breadcrumb"},"inLanguage":"de","potentialAction":[{"@type":"ReadAction","target":["https:\/\/belmar-bonaire.com\/valet-diving\/"]}]},{"@type":"BreadcrumbList","@id":"https:\/\/belmar-bonaire.com\/valet-diving\/#breadcrumb","itemListElement":[{"@type":"ListItem","position":1,"name":"Home","item":"https:\/\/belmar-bonaire.com\/"},{"@type":"ListItem","position":2,"name":"Valet-Tauchen"}]},{"@type":"WebSite","@id":"https:\/\/belmar-bonaire.com\/#website","url":"https:\/\/belmar-bonaire.com\/","name":"Belmar Oceanfront Apartments","description":"Belmar Bonaire","publisher":{"@id":"https:\/\/belmar-bonaire.com\/#organization"},"potentialAction":[{"@type":"SearchAction","target":{"@type":"EntryPoint","urlTemplate":"https:\/\/belmar-bonaire.com\/?s={search_term_string}"},"query-input":{"@type":"PropertyValueSpecification","valueRequired":true,"valueName":"search_term_string"}}],"inLanguage":"de"},{"@type":"Organization","@id":"https:\/\/belmar-bonaire.com\/#organization","name":"Belmar Oceanfront Apartments","url":"https:\/\/belmar-bonaire.com\/","logo":{"@type":"ImageObject","inLanguage":"de","@id":"https:\/\/belmar-bonaire.com\/#\/schema\/logo\/image\/","url":"https:\/\/belmar-bonaire.com\/wp-content\/uploads\/2022\/02\/Belmar-Logo.png","contentUrl":"https:\/\/belmar-bonaire.com\/wp-content\/uploads\/2022\/02\/Belmar-Logo.png","width":1461,"height":612,"caption":"Belmar Oceanfront Apartments"},"image":{"@id":"https:\/\/belmar-bonaire.com\/#\/schema\/logo\/image\/"},"sameAs":["https:\/\/www.facebook.com\/belmaroceanfrontapartments\/","https:\/\/www.instagram.com\/belmaroceanfrontapartments\/"]}]}},"_links":{"self":[{"href":"https:\/\/belmar-bonaire.com\/de\/wp-json\/wp\/v2\/pages\/4838","targetHints":{"allow":["GET"]}}],"collection":[{"href":"https:\/\/belmar-bonaire.com\/de\/wp-json\/wp\/v2\/pages"}],"about":[{"href":"https:\/\/belmar-bonaire.com\/de\/wp-json\/wp\/v2\/types\/page"}],"author":[{"embeddable":true,"href":"https:\/\/belmar-bonaire.com\/de\/wp-json\/wp\/v2\/users\/2"}],"replies":[{"embeddable":true,"href":"https:\/\/belmar-bonaire.com\/de\/wp-json\/wp\/v2\/comments?post=4838"}],"version-history":[{"count":7,"href":"https:\/\/belmar-bonaire.com\/de\/wp-json\/wp\/v2\/pages\/4838\/revisions"}],"predecessor-version":[{"id":7093,"href":"https:\/\/belmar-bonaire.com\/de\/wp-json\/wp\/v2\/pages\/4838\/revisions\/7093"}],"wp:attachment":[{"href":"https:\/\/belmar-bonaire.com\/de\/wp-json\/wp\/v2\/media?parent=4838"}],"curies":[{"name":"wp","href":"https:\/\/api.w.org\/{rel}","templated":true}]}}