{"id":4830,"date":"2022-04-25T15:46:30","date_gmt":"2022-04-25T15:46:30","guid":{"rendered":"https:\/\/belmar-bonaire.com\/restaurants\/"},"modified":"2022-04-26T19:47:37","modified_gmt":"2022-04-26T19:47:37","slug":"restaurants","status":"publish","type":"page","link":"https:\/\/belmar-bonaire.com\/de\/restaurants\/","title":{"rendered":"Restaurants"},"content":{"rendered":"<div class=\"wpb-content-wrapper\">[vc_row][vc_column][vc_column_text]\n<h1 style=\"text-align: center;\"><small>Belmar Oceanfront Apartments<\/small>Restaurants<\/h1>\n[\/vc_column_text][vc_empty_space][\/vc_column][\/vc_row][vc_row][vc_column width=&#8220;1\/2&#8243;][vc_column_text]\n<h2 class=\"text-uppercase\"><strong><small>LEHNEN SIE SICH ZUR\u00dcCK UND ENTSPANNEN SIE SICH<\/small>BLENNIES RESTAURANT<\/strong><\/h2>\n[\/vc_column_text][vc_column_text]\n<h4>Im Blennies Restaurant ist jeder Tag ein Fest. Besuchen Sie uns zum Mittagessen, Abendessen oder einfach nur zum Abh\u00e4ngen und genie\u00dfen Sie unsere sch\u00f6ne Aussicht.<\/h4>\n<p>Das Mittagessen wird von 11:00 bis 17:00 Uhr serviert. im Blennies Restaurant Bonaire, mit einer Auswahl an Salaten, Sandwiches, Burgern und k\u00f6stlichen Fruchtshakes zur Auswahl. Es ist die perfekte Zeit, um die Aktivit\u00e4ten auf dem Tauchsteg unter Ihnen zu beobachten.<\/p>\n<p>Entspannen Sie sich mit Freunden im Blennies Restaurant Bonaire und lassen Sie die Ereignisse des Tages Revue passieren, w\u00e4hrend Sie erfrischende tropische Getr\u00e4nke genie\u00dfen. Wenn Sie zu den Gl\u00fccklichen geh\u00f6ren, sehen Sie vielleicht sogar den ber\u00fchmten gr\u00fcnen Blitz, wenn Sie einen wundersch\u00f6nen Sonnenuntergang auf der Insel beobachten.<\/p>\n<p>Genie\u00dfen Sie am Abend den Blick auf den sich verdunkelnden Horizont, gefolgt von einer Farbexplosion am Nachthimmel, w\u00e4hrend Sie die Speisekarte durchgehen. Das Blennies Restaurant Bonaire ist t\u00e4glich ab 18:00 Uhr f\u00fcr ein k\u00f6stliches Abendessen ge\u00f6ffnet. bis 22:00 Uhr Die Entscheidung zwischen dem Tagesgericht oder unserem \u00c0-la-carte-Men\u00fc wird Ihnen schwerfallen. Jeder Abend hier ist etwas Besonderes w\u00e4hrend eines der Blennies-Themenabende oder eines Abendessens unter den Sternen.[\/vc_column_text][\/vc_column][vc_column width=&#8220;1\/2&#8243;][vc_images_carousel images=&#8220;4641,4645&#8243;][\/vc_column][\/vc_row][vc_row][vc_column][vc_column_text]\n<h3 style=\"text-align: center;\">Unsere besonderen N\u00e4chte<\/h3>\n[\/vc_column_text][\/vc_column][\/vc_row][vc_row][vc_column width=&#8220;1\/4&#8243;][vc_cta h2=&#8220;Dienstag ist Steak Night&#8220;]Haben Sie Lust auf richtig gutes Beef? Besuchen Sie Blennies am Dienstag und w\u00e4hlen Sie aus verschiedenen Gr\u00f6\u00dfen von saftigem Filet oder Lendenst\u00fcck und kombinieren Sie dies mit einer Beilage Ihrer Wahl (Krautsalat, Maiskolben oder Gem\u00fcse des Tages), Sauce (Knoblauchbutter, Pfeffersauce oder Pilzsauce) und Kartoffelgericht (Pommes, Bratkartoffeln oder Kartoffelp\u00fcree).[\/vc_cta][\/vc_column][vc_column width=&#8220;1\/4&#8243;][vc_cta h2=&#8220;Donnerstag All You Can Eat Rippchen&#8220;]Besuchen Sie Blennies am Donnerstag f\u00fcr unsere w\u00f6chentliche All-you-can-eat-Rippchen-Nacht. W\u00e4hlen Sie aus k\u00f6stlichen w\u00fcrzigen, s\u00fc\u00dfen oder BBQ-Rippchen, serviert mit Krautsalat, Maiskolben und Pommes. All dies f\u00fcr nur $25,- pro Person. Trinken Sie ein eiskaltes Bier zu Ihren Rippchen und erhalten Sie $5,- Rabatt auf Ihren Eimer Bier. F\u00fcr einen Rib-a-licious-Abend.[\/vc_cta][\/vc_column][vc_column width=&#8220;1\/4&#8243;][vc_cta h2=&#8220;Unser ber\u00fchmtes All You Can Eat BBQ&#8220;]Feiern Sie Ihren Freitagabend mit unserem ber\u00fchmten All-You-Can-Eat-BBQ-Buffet mit Schweinebraten, Steak, Fisch, H\u00e4hnchen, Rippchen, Salaten und nat\u00fcrlich einem Dessert! Es ist ein Fest, das Sie nicht verpassen sollten und das Sie sich nach dem Tanzen zur Live-Musik eindeutig verdient haben![\/vc_cta][\/vc_column][vc_column width=&#8220;1\/4&#8243;][vc_cta h2=&#8220;Sonntag Pizza Funday&#8220;]So viele Pizzen zur Auswahl! Margharita, Tonno, Quatro Formaggio, Proscuitto und Saponara sind nur einige Beispiele f\u00fcr die k\u00f6stlichen Pizzen, aus denen Sie w\u00e4hlen k\u00f6nnen. Jeden Sonntag k\u00f6nnen Sie Ihre italienische Lieblingspizza oder Pizzetta f\u00fcr nur 15\u00a0$\/10\u00a0$ bestellen. Auch zum Mitnehmen erh\u00e4ltlich.[\/vc_cta][\/vc_column][\/vc_row][vc_row][vc_column width=&#8220;1\/2&#8243;][vc_images_carousel images=&#8220;4647,4649&#8243;][\/vc_column][vc_column width=&#8220;1\/2&#8243;][vc_column_text]\n<h2 class=\"text-uppercase\" style=\"text-align: right;\"><small>ESSEN SIE ANDERS BEI<\/small>INGRIDI\u00cbNTS RESTAURANT<\/h2>\n[\/vc_column_text][vc_column_text]\n<h4>Als wir uns \u201eIngridi\u00ebnts\u201c zum ersten Mal vorgestellt haben, wollten wir, dass es anders ist, weit weg von Klischees und Gemeinpl\u00e4tzen, wir wollten, dass es einzigartig und pers\u00f6nlich ist, wie wir, wie Sie.<\/h4>\n<p>Die Familie Van der Valk auf Bonaire ist seit Jahrzehnten in der Tourismusbranche t\u00e4tig, und in dieser Zeit hatten wir die Gelegenheit, Hunderte von Restaurants zu besuchen, aber nur eine Handvoll davon hat sich einen Platz in unseren K\u00f6pfen und Herzen verdient.<\/p>\n<p>Unsere K\u00fcche basiert auf der mediterranen K\u00fcche und nutzt die Grundprinzipien der franz\u00f6sischen, spanischen und italienischen K\u00fcche. Au\u00dferdem verwenden wir unsere lokalen Produkte und servieren all dies neben dem magischen blauen Wasser des Karibischen Meeres. Wir wollten einen Raum des Komforts und des Luxus schaffen, von frischer Eleganz; ein Ort, an dem Sie anders speisen k\u00f6nnen.[\/vc_column_text][\/vc_column][\/vc_row][vc_row][vc_column width=&#8220;1\/2&#8243;][vc_cta h2=&#8220;Reservierung Blennies&#8220; txt_align=&#8220;center&#8220; add_button=&#8220;bottom&#8220; btn_title=&#8220;Jetzt reservieren&#8220; btn_color=&#8220;warning&#8220; btn_align=&#8220;center&#8220; btn_link=&#8220;url:https%3A%2F%2Fwww.etender-connect.com%2Fwidget%2F%3FaccessKey%3Dbd186d55b74753002026b296a2252cbcce53a4b3%26background-color%3Dffffff%26bookingbar-background-color%3Df26622%26bookingbar-text-color%3Dffffff%26border-color%3Dcccccc%26link-color%3Df26622%26inactive-color%3Dcccccc%26field-background-color%3Dffffff|&#8220;]\n<p style=\"text-align: center;\">Bei Reservierungen f\u00fcr denselben Tag und Reservierungen f\u00fcr mehr als 6 Personen nehmen wir nur telefonische Reservierungen entgegen. Bitte beachten Sie, dass Ihre Reservierung erst definitiv ist, wenn Sie eine Best\u00e4tigungs-E-Mail erhalten haben.<\/p>\n<p style=\"text-align: center;\">+599 717 5080\/+599 789 5080<br \/>\nrestaurantmanager@buddydive.com<\/p>\n[\/vc_cta][\/vc_column][vc_column width=&#8220;1\/2&#8243;][vc_cta h2=&#8220;Reservierung Ingridients&#8220; txt_align=&#8220;center&#8220; add_button=&#8220;bottom&#8220; btn_title=&#8220;Jetzt reservieren&#8220; btn_color=&#8220;warning&#8220; btn_align=&#8220;center&#8220; btn_link=&#8220;url:https%3A%2F%2Fwww.etender-connect.com%2Fwidget%2F%3FaccessKey%3D01fec2535fec6ec3a1e877fb46489dee7e296f50%26background-color%3Dffffff%26bookingbar-background-color%3D5aa846%26bookingbar-text-color%3Dffffff%26border-color%3D333333%26link-color%3D5aa846%26inactive-color%3Dcccccc%26field-background-color%3Dffffff|&#8220;]\n<p style=\"text-align: center;\">Bei Reservierungen f\u00fcr denselben Tag und Reservierungen f\u00fcr mehr als 6 Personen nehmen wir nur telefonische Reservierungen entgegen. Bitte beachten Sie, dass Ihre Reservierung erst definitiv ist, wenn Sie eine Best\u00e4tigungs-E-Mail erhalten haben.<\/p>\n<p style=\"text-align: center;\">+599 717 1684<br \/>\nInfo@Ingridientsrestaurant.com<\/p>\n[\/vc_cta][\/vc_column][\/vc_row]\n<\/div>","protected":false},"excerpt":{"rendered":"<p>[vc_row][vc_column][vc_column_text] Belmar Oceanfront ApartmentsRestaurants [\/vc_column_text][vc_empty_space][\/vc_column][\/vc_row][vc_row][vc_column width=&#8220;1\/2&#8243;][vc_column_text] LEHNEN SIE SICH ZUR\u00dcCK UND ENTSPANNEN SIE SICHBLENNIES RESTAURANT [\/vc_column_text][vc_column_text] Im Blennies Restaurant ist [&hellip;]<\/p>\n","protected":false},"author":2,"featured_media":0,"parent":0,"menu_order":0,"comment_status":"closed","ping_status":"closed","template":"","meta":{"footnotes":""},"class_list":["post-4830","page","type-page","status-publish","hentry"],"yoast_head":"<!-- This site is optimized with the Yoast SEO plugin v27.5 - https:\/\/yoast.com\/product\/yoast-seo-wordpress\/ -->\n<title>Restaurants - Belmar Oceanfront Apartments<\/title>\n<meta name=\"description\" content=\"Schauen Sie sich die beiden Restaurants im Buddy Dive Resort an und erleben Sie ein Erlebnis, das Sie nie vergessen werden\" \/>\n<meta name=\"robots\" content=\"index, follow, max-snippet:-1, max-image-preview:large, max-video-preview:-1\" \/>\n<link rel=\"canonical\" href=\"https:\/\/belmar-bonaire.com\/de\/restaurants\/\" \/>\n<meta property=\"og:locale\" content=\"de_DE\" \/>\n<meta property=\"og:type\" content=\"article\" \/>\n<meta property=\"og:title\" content=\"Restaurants - Belmar Oceanfront Apartments\" \/>\n<meta property=\"og:description\" content=\"Schauen Sie sich die beiden Restaurants im Buddy Dive Resort an und erleben Sie ein Erlebnis, das Sie nie vergessen werden\" \/>\n<meta property=\"og:url\" content=\"https:\/\/belmar-bonaire.com\/de\/restaurants\/\" \/>\n<meta property=\"og:site_name\" content=\"Belmar Oceanfront Apartments\" \/>\n<meta property=\"article:publisher\" content=\"https:\/\/www.facebook.com\/belmaroceanfrontapartments\/\" \/>\n<meta property=\"article:modified_time\" content=\"2022-04-26T19:47:37+00:00\" \/>\n<meta property=\"og:image\" content=\"https:\/\/belmar-bonaire.com\/wp-content\/uploads\/2022\/02\/Belmar-Logo.png\" \/>\n\t<meta property=\"og:image:width\" content=\"1461\" \/>\n\t<meta property=\"og:image:height\" content=\"612\" \/>\n\t<meta property=\"og:image:type\" content=\"image\/png\" \/>\n<meta name=\"twitter:card\" content=\"summary_large_image\" \/>\n<meta name=\"twitter:label1\" content=\"Gesch\u00e4tzte Lesezeit\" \/>\n\t<meta name=\"twitter:data1\" content=\"5\u00a0Minuten\" \/>\n<script type=\"application\/ld+json\" class=\"yoast-schema-graph\">{\"@context\":\"https:\\\/\\\/schema.org\",\"@graph\":[{\"@type\":\"WebPage\",\"@id\":\"https:\\\/\\\/belmar-bonaire.com\\\/de\\\/restaurants\\\/\",\"url\":\"https:\\\/\\\/belmar-bonaire.com\\\/de\\\/restaurants\\\/\",\"name\":\"Restaurants - Belmar Oceanfront Apartments\",\"isPartOf\":{\"@id\":\"https:\\\/\\\/belmar-bonaire.com\\\/#website\"},\"datePublished\":\"2022-04-25T15:46:30+00:00\",\"dateModified\":\"2022-04-26T19:47:37+00:00\",\"description\":\"Schauen Sie sich die beiden Restaurants im Buddy Dive Resort an und erleben Sie ein Erlebnis, das Sie nie vergessen werden\",\"breadcrumb\":{\"@id\":\"https:\\\/\\\/belmar-bonaire.com\\\/de\\\/restaurants\\\/#breadcrumb\"},\"inLanguage\":\"de\",\"potentialAction\":[{\"@type\":\"ReadAction\",\"target\":[\"https:\\\/\\\/belmar-bonaire.com\\\/de\\\/restaurants\\\/\"]}]},{\"@type\":\"BreadcrumbList\",\"@id\":\"https:\\\/\\\/belmar-bonaire.com\\\/de\\\/restaurants\\\/#breadcrumb\",\"itemListElement\":[{\"@type\":\"ListItem\",\"position\":1,\"name\":\"Home\",\"item\":\"https:\\\/\\\/belmar-bonaire.com\\\/\"},{\"@type\":\"ListItem\",\"position\":2,\"name\":\"Restaurants\"}]},{\"@type\":\"WebSite\",\"@id\":\"https:\\\/\\\/belmar-bonaire.com\\\/#website\",\"url\":\"https:\\\/\\\/belmar-bonaire.com\\\/\",\"name\":\"Belmar Oceanfront Apartments\",\"description\":\"Belmar Bonaire\",\"publisher\":{\"@id\":\"https:\\\/\\\/belmar-bonaire.com\\\/#organization\"},\"potentialAction\":[{\"@type\":\"SearchAction\",\"target\":{\"@type\":\"EntryPoint\",\"urlTemplate\":\"https:\\\/\\\/belmar-bonaire.com\\\/?s={search_term_string}\"},\"query-input\":{\"@type\":\"PropertyValueSpecification\",\"valueRequired\":true,\"valueName\":\"search_term_string\"}}],\"inLanguage\":\"de\"},{\"@type\":\"Organization\",\"@id\":\"https:\\\/\\\/belmar-bonaire.com\\\/#organization\",\"name\":\"Belmar Oceanfront Apartments\",\"url\":\"https:\\\/\\\/belmar-bonaire.com\\\/\",\"logo\":{\"@type\":\"ImageObject\",\"inLanguage\":\"de\",\"@id\":\"https:\\\/\\\/belmar-bonaire.com\\\/#\\\/schema\\\/logo\\\/image\\\/\",\"url\":\"https:\\\/\\\/belmar-bonaire.com\\\/wp-content\\\/uploads\\\/2022\\\/02\\\/Belmar-Logo.png\",\"contentUrl\":\"https:\\\/\\\/belmar-bonaire.com\\\/wp-content\\\/uploads\\\/2022\\\/02\\\/Belmar-Logo.png\",\"width\":1461,\"height\":612,\"caption\":\"Belmar Oceanfront Apartments\"},\"image\":{\"@id\":\"https:\\\/\\\/belmar-bonaire.com\\\/#\\\/schema\\\/logo\\\/image\\\/\"},\"sameAs\":[\"https:\\\/\\\/www.facebook.com\\\/belmaroceanfrontapartments\\\/\",\"https:\\\/\\\/www.instagram.com\\\/belmaroceanfrontapartments\\\/\"]}]}<\/script>\n<!-- \/ Yoast SEO plugin. -->","yoast_head_json":{"title":"Restaurants - Belmar Oceanfront Apartments","description":"Schauen Sie sich die beiden Restaurants im Buddy Dive Resort an und erleben Sie ein Erlebnis, das Sie nie vergessen werden","robots":{"index":"index","follow":"follow","max-snippet":"max-snippet:-1","max-image-preview":"max-image-preview:large","max-video-preview":"max-video-preview:-1"},"canonical":"https:\/\/belmar-bonaire.com\/de\/restaurants\/","og_locale":"de_DE","og_type":"article","og_title":"Restaurants - Belmar Oceanfront Apartments","og_description":"Schauen Sie sich die beiden Restaurants im Buddy Dive Resort an und erleben Sie ein Erlebnis, das Sie nie vergessen werden","og_url":"https:\/\/belmar-bonaire.com\/de\/restaurants\/","og_site_name":"Belmar Oceanfront Apartments","article_publisher":"https:\/\/www.facebook.com\/belmaroceanfrontapartments\/","article_modified_time":"2022-04-26T19:47:37+00:00","og_image":[{"width":1461,"height":612,"url":"https:\/\/belmar-bonaire.com\/wp-content\/uploads\/2022\/02\/Belmar-Logo.png","type":"image\/png"}],"twitter_card":"summary_large_image","twitter_misc":{"Gesch\u00e4tzte Lesezeit":"5\u00a0Minuten"},"schema":{"@context":"https:\/\/schema.org","@graph":[{"@type":"WebPage","@id":"https:\/\/belmar-bonaire.com\/de\/restaurants\/","url":"https:\/\/belmar-bonaire.com\/de\/restaurants\/","name":"Restaurants - Belmar Oceanfront Apartments","isPartOf":{"@id":"https:\/\/belmar-bonaire.com\/#website"},"datePublished":"2022-04-25T15:46:30+00:00","dateModified":"2022-04-26T19:47:37+00:00","description":"Schauen Sie sich die beiden Restaurants im Buddy Dive Resort an und erleben Sie ein Erlebnis, das Sie nie vergessen werden","breadcrumb":{"@id":"https:\/\/belmar-bonaire.com\/de\/restaurants\/#breadcrumb"},"inLanguage":"de","potentialAction":[{"@type":"ReadAction","target":["https:\/\/belmar-bonaire.com\/de\/restaurants\/"]}]},{"@type":"BreadcrumbList","@id":"https:\/\/belmar-bonaire.com\/de\/restaurants\/#breadcrumb","itemListElement":[{"@type":"ListItem","position":1,"name":"Home","item":"https:\/\/belmar-bonaire.com\/"},{"@type":"ListItem","position":2,"name":"Restaurants"}]},{"@type":"WebSite","@id":"https:\/\/belmar-bonaire.com\/#website","url":"https:\/\/belmar-bonaire.com\/","name":"Belmar Oceanfront Apartments","description":"Belmar Bonaire","publisher":{"@id":"https:\/\/belmar-bonaire.com\/#organization"},"potentialAction":[{"@type":"SearchAction","target":{"@type":"EntryPoint","urlTemplate":"https:\/\/belmar-bonaire.com\/?s={search_term_string}"},"query-input":{"@type":"PropertyValueSpecification","valueRequired":true,"valueName":"search_term_string"}}],"inLanguage":"de"},{"@type":"Organization","@id":"https:\/\/belmar-bonaire.com\/#organization","name":"Belmar Oceanfront Apartments","url":"https:\/\/belmar-bonaire.com\/","logo":{"@type":"ImageObject","inLanguage":"de","@id":"https:\/\/belmar-bonaire.com\/#\/schema\/logo\/image\/","url":"https:\/\/belmar-bonaire.com\/wp-content\/uploads\/2022\/02\/Belmar-Logo.png","contentUrl":"https:\/\/belmar-bonaire.com\/wp-content\/uploads\/2022\/02\/Belmar-Logo.png","width":1461,"height":612,"caption":"Belmar Oceanfront Apartments"},"image":{"@id":"https:\/\/belmar-bonaire.com\/#\/schema\/logo\/image\/"},"sameAs":["https:\/\/www.facebook.com\/belmaroceanfrontapartments\/","https:\/\/www.instagram.com\/belmaroceanfrontapartments\/"]}]}},"_links":{"self":[{"href":"https:\/\/belmar-bonaire.com\/de\/wp-json\/wp\/v2\/pages\/4830","targetHints":{"allow":["GET"]}}],"collection":[{"href":"https:\/\/belmar-bonaire.com\/de\/wp-json\/wp\/v2\/pages"}],"about":[{"href":"https:\/\/belmar-bonaire.com\/de\/wp-json\/wp\/v2\/types\/page"}],"author":[{"embeddable":true,"href":"https:\/\/belmar-bonaire.com\/de\/wp-json\/wp\/v2\/users\/2"}],"replies":[{"embeddable":true,"href":"https:\/\/belmar-bonaire.com\/de\/wp-json\/wp\/v2\/comments?post=4830"}],"version-history":[{"count":4,"href":"https:\/\/belmar-bonaire.com\/de\/wp-json\/wp\/v2\/pages\/4830\/revisions"}],"predecessor-version":[{"id":4908,"href":"https:\/\/belmar-bonaire.com\/de\/wp-json\/wp\/v2\/pages\/4830\/revisions\/4908"}],"wp:attachment":[{"href":"https:\/\/belmar-bonaire.com\/de\/wp-json\/wp\/v2\/media?parent=4830"}],"curies":[{"name":"wp","href":"https:\/\/api.w.org\/{rel}","templated":true}]}}