{"id":4818,"date":"2022-04-25T15:26:49","date_gmt":"2022-04-25T15:26:49","guid":{"rendered":"https:\/\/belmar-bonaire.com\/kinder-tauchen\/"},"modified":"2022-10-11T15:03:09","modified_gmt":"2022-10-11T15:03:09","slug":"kinder-tauchen","status":"publish","type":"page","link":"https:\/\/belmar-bonaire.com\/de\/kinder-tauchen\/","title":{"rendered":"Kinder Tauchen"},"content":{"rendered":"<div class=\"wpb-content-wrapper\">[vc_row][vc_column][vc_column_text]\n<h1 style=\"text-align: center;\"><small>Belmar Oceanfront Apartments<\/small>KINDER TAUCHEN<\/h1>\n<p>&nbsp;[\/vc_column_text][vc_empty_space][vc_row_inner][vc_column_inner width=&#8220;1\/6&#8243;][\/vc_column_inner][vc_column_inner width=&#8220;2\/3&#8243;][vc_column_text]\n<p style=\"text-align: center;\">In den Belmar Oceanfront Apartments hei\u00dfen wir Sie und Ihre Kinder willkommen. Unser Resort ist der perfekte Ort, um einen unterhaltsamen und entspannten Familienurlaub zu verbringen!<\/p>\n<p style=\"text-align: center;\">Lassen Sie Ihr Kind die wundersch\u00f6nen Riffe und Meereslebewesen mit einem unterhaltsamen Programm erkunden, w\u00e4hrend Sie tauchen, schnorcheln oder einfach nur entspannen!<\/p>\n[\/vc_column_text][\/vc_column_inner][vc_column_inner width=&#8220;1\/6&#8243;][\/vc_column_inner][\/vc_row_inner][vc_empty_space][vc_single_image image=&#8220;5639&#8243; img_size=&#8220;large&#8220; alignment=&#8220;center&#8220;][\/vc_column][\/vc_row][vc_row][vc_column width=&#8220;1\/2&#8243;][vc_column_text]\n<h2 style=\"text-align: left;\">Buddy-Kinderclub<\/h2>\n<p>Ein unterhaltsames Erlebnis f\u00fcr Kinder im Alter von 5 bis 10 Jahren, bei dem sie das Schnorcheln und den Umgang mit der SASY-Ausr\u00fcstung lernen. Die Kinder lernen Fische und die Unterwasserwelt kennen, genie\u00dfen aber auch viele andere Aktivit\u00e4ten sowie Kunsthandwerk. Wir beginnen mit Pool-Sitzungen, um die Schwimmf\u00e4higkeiten zu \u00fcberpr\u00fcfen und die Kinder in das Schnorcheln und Freitauchen einzuf\u00fchren. Wir werden die Kinder sp\u00e4ter in der Woche ins Meer mitnehmen. Ihre Kinder k\u00f6nnen an 1, 3 oder 5 Vormittagen von 8.30 \u2013 12.30 Uhr (nur Montag bis Freitag) im Buddy Kids Club mitmachen. Kinder m\u00fcssen schwimmen k\u00f6nnen.<\/p>\n<p>Eines Morgens\u00a0\u00a0\u00a0\u00a0\u00a0\u00a0\u00a0\u00a0\u00a0\u00a0\u00a0\u00a0\u00a0\u00a0\u00a0\u00a0\u00a0\u00a0\u00a0\u00a0 60 $<br \/>\nThree Mornings\u00a0\u00a0\u00a0\u00a0\u00a0\u00a0\u00a0\u00a0\u00a0\u00a0\u00a0\u00a0\u00a0\u00a0\u00a0 180 $<br \/>\nFive Mornings\u00a0\u00a0\u00a0\u00a0\u00a0\u00a0\u00a0\u00a0\u00a0\u00a0\u00a0\u00a0\u00a0\u00a0\u00a0\u00a0\u00a0\u00a0 250\u00a0$[\/vc_column_text][\/vc_column][vc_column width=&#8220;1\/2&#8243;][vc_single_image image=&#8220;4581&#8243; img_size=&#8220;full&#8220;][\/vc_column][\/vc_row][vc_row][vc_column width=&#8220;1\/2&#8243;][vc_single_image image=&#8220;4583&#8243; img_size=&#8220;full&#8220;][\/vc_column][vc_column width=&#8220;1\/2&#8243;][vc_column_text]\n<h2>PADI Seal-Team<\/h2>\n<p>Beginnen Sie fr\u00fch mit dem Tauchen mit diesem speziell f\u00fcr Kinder konzipierten Programm! Das PADI Seal Team ist eine Einf\u00fchrung in die Grundfertigkeiten des Ger\u00e4tetauchens f\u00fcr Kinder im Alter von 8 bis 10 Jahren, die schwimmen k\u00f6nnen. &#8222;Aqua-Missionen&#8220; und Unterwasserspa\u00df mit echter Tauchausr\u00fcstung sind eine gro\u00dfartige M\u00f6glichkeit, Kinder in die Unterwasserwelt einzuf\u00fchren und ihnen die M\u00f6glichkeit zu bieten, genau wie Mama und Papa zu tauchen!<\/p>\n<p>Die Aqua-Missionen umfassen grundlegende Tauchfertigkeiten wie das Atmen unter Wasser, das Reinigen einer Maske von Wasser, das Bergen eines Atemreglers und das Herumschwimmen und das Erleben des Gef\u00fchls, schwerelos zu sein. Nach Abschluss der Aqua-Missionen wird Ihr Kind ein anerkanntes PADI Seal Teammitglied.<\/p>\n<p>Das Padi Seal Team ist ein 5-Morgen-Programm von 8:30 bis 12:30 Uhr (nur Montag bis Freitag)<\/p>\n<p>F\u00fcnf Vormittage\u00a0\u00a0\u00a0\u00a0$ 350 (min. 2 Kinder)<br \/>\nDer Preis beinhaltet Aktivit\u00e4ten, einen Snack, Ausr\u00fcstung, das PADI Seal Team Crew-Pak (Video, Aktivit\u00e4tsbuch und Logbuch) und die kontinuierliche Anleitung durch einen unserer Tauchlehrer.[\/vc_column_text][\/vc_column][\/vc_row][vc_row][vc_column width=&#8220;1\/2&#8243;][vc_column_text]\n<h2 style=\"text-align: center;\">SASY<\/h2>\n<p style=\"text-align: center;\">SASY steht f\u00fcr \u201eSupplied Air Snorkeling for Youth\u201c und l\u00e4sst Ihr Kind die Unterwasserwelt erleben, indem es mit Tauchausr\u00fcstung anstelle eines Schnorchels schnorchelt.<\/p>\n<p style=\"text-align: center;\">Eine SASY-Einheit ist im Grunde ein pers\u00f6nliches Schwimmger\u00e4t mit einer kleinen Tauchflasche und einem daran befestigten Atemregler. Auf diese Weise schwimmt Ihr Kind an der Oberfl\u00e4che, aber mit der Tauchausr\u00fcstung kann es den Kopf unter Wasser halten und verpasst keine der Aktionen unten.<\/p>\n<p style=\"text-align: center;\">SASY-Sitzungen sind im Buddy Kids Club enthalten. Es ist auch m\u00f6glich, SASY-Ausr\u00fcstung zu mieten und Ihre Kinder selbst zum Schnorcheln mitzunehmen!<\/p>\n[\/vc_column_text][\/vc_column][vc_column width=&#8220;1\/2&#8243;][vc_column_text]\n<h2 style=\"text-align: center;\">PADI Bubblemaker<\/h2>\n<p style=\"text-align: center;\">Bubblemaker ist ein unterhaltsames PADI-Programm f\u00fcr Kinder im Alter von 8-10 Jahren. Es ist die Gelegenheit f\u00fcr Kinder, beim Tauchen Blasen zu blasen. Es ist einem Entdeckungstauchgang sehr \u00e4hnlich, aber ohne F\u00e4higkeiten und im Ozean durchgef\u00fchrt. Die Kinder werden Tauchausr\u00fcstung verwenden, um unter Wasser zu atmen und im seichten Wasser rund um unser Dock herumzuschwimmen (max. 6 Fu\u00df\/2 m), unter st\u00e4ndiger Aufsicht eines unserer Tauchlehrer.<\/p>\n<p style=\"text-align: center;\">Das Bubblemaker-Programm ist ein 2-st\u00fcndiges PADI-Programm und beinhaltet Unterricht, 1 Tauchgang, die gesamte erforderliche Ausr\u00fcstung und die st\u00e4ndige Aufsicht eines Tauchlehrers.<\/p>\n<p style=\"text-align: center;\">Eine Bubblemaker-Session ist bei der Teilnahme am PADI Seal Team inbegriffen, kann aber auch separat f\u00fcr 90 $ gebucht werden.<\/p>\n[\/vc_column_text][\/vc_column][\/vc_row][vc_row][vc_column][vc_images_carousel images=&#8220;4589,4587&#8243; slides_per_view=&#8220;2&#8243;][\/vc_column][\/vc_row][vc_row][vc_column width=&#8220;1\/6&#8243;][\/vc_column][vc_column width=&#8220;2\/3&#8243;][vc_column_text]\n<h2 style=\"text-align: center;\">Junior-Open-Water-Kurs<\/h2>\n<p style=\"text-align: center;\">Kinder im Alter von 10-15 Jahren k\u00f6nnen am PADI Junior Open Water Scuba Diving Kurs teilnehmen. Dieser Kurs ist ein vollst\u00e4ndiger PADI-Tauchkurs mit Zertifizierung. Ihr Kind lernt, wie man ein Open Water Diver wird und wird w\u00e4hrend des gesamten Kurses unter st\u00e4ndiger Aufsicht eines Tauchlehrers stehen. Am Ende des Kurses sind Ihre Kinder voll zertifizierte PADI-Taucher \u2013 sie d\u00fcrfen bis zum Alter von 16 Jahren nicht unbeaufsichtigt tauchen.<\/p>\n<p style=\"text-align: center;\">Wir bieten auch Junior-Spezialkurse f\u00fcr diejenigen, die bereits zertifiziert sind, und E-Learning-Kurse, damit Ihre Kinder die PADI-Theorie zu Hause vervollst\u00e4ndigen und die praktischen Tauchg\u00e4nge mit unseren Tauchlehrern absolvieren k\u00f6nnen.<\/p>\n<p style=\"text-align: center;\">Junior Open Water Kurs\u00a0\u00a0\u00a0\u00a0\u00a0\u00a0\u00a0\u00a0 $425<br \/>\nE-Learning (einschlie\u00dflich PADI-Geb\u00fchren)\u00a0\u00a0\u00a0\u00a0\u00a0\u00a0 395 $<\/p>\n<p style=\"text-align: center;\">HINWEIS: Ihre Kinder m\u00fcssen bei PADI eine neue Karte beantragen, wenn sie 16 Jahre alt sind.<\/p>\n[\/vc_column_text][\/vc_column][vc_column width=&#8220;1\/6&#8243;][\/vc_column][\/vc_row][vc_row][vc_column][vc_video link=&#8220;https:\/\/www.youtube.com\/watch?v=0UNdr1EFdQE&#8220; align=&#8220;center&#8220;][\/vc_column][\/vc_row][vc_row][vc_column][vc_message message_box_color=&#8220;grey&#8220; css=&#8220;.vc_custom_1647457563065{background-color: #f7f7f7 !important;}&#8220;]<em>Alle Preise verstehen sich inklusive staatlicher Steuern. Steuern k\u00f6nnen ohne Vorank\u00fcndigung ge\u00e4ndert werden. Es wird keine Servicegeb\u00fchr hinzugef\u00fcgt.<\/em><br \/>\n<em>Als PADI 5-Sterne-Tauchbasis sind wir zur Sicherheit Ihrer Kinder an bestimmte Regeln und Vorschriften gebunden. Wir sch\u00e4tzen diese Regeln und Vorschriften, daher k\u00f6nnen wir keine Ausnahmen machen und alle Aktivit\u00e4ten bed\u00fcrfen der Zustimmung der Eltern. PADI Regeln und Vorschriften:<\/em><br \/>\n<em>\u2013 Kinder unter 8 Jahren d\u00fcrfen nicht unter Wasser gehen<\/em><br \/>\n<em>\u2013 Kinder im Alter von 8-10 Jahren d\u00fcrfen unter Wasser gehen, aber nicht tiefer als 2 m (6 Fu\u00df) im offenen Wasser\/Ozean<\/em><br \/>\n<em>\u2013 Kinder im Alter von 10-11 Jahren, die die PADI Jr. Open Water-Zertifizierung abschlie\u00dfen, d\u00fcrfen bis zu 12 m (40 Fu\u00df) tauchen und nur mit einem zertifizierten Elternteil oder einem Tauchprofi<\/em><br \/>\n<em>\u2013 Kinder im Alter von 12-15 Jahren, die PADI Jr. Open Water Certified sind, d\u00fcrfen bis zu einer Tiefe von 18 m (60 Fu\u00df) unter Wasser gehen, was der regul\u00e4ren Tiefe einer Open Water-Zertifizierung entspricht, ben\u00f6tigen jedoch einen erwachsenen Tauchpartner<\/em><br \/>\n<em>\u2013 Kinder bis 16 Jahre d\u00fcrfen nicht unbeaufsichtigt tauchen und brauchen einen erwachsenen Buddy, auch wenn sie als Junior Open Water Divers zertifiziert sind<\/em><br \/>\n<em>\u2013 Das PADI Seal Team ist eine PADI-Zertifizierung, aber das bedeutet nicht, dass Ihre Kinder alleine oder mit einem Erwachsenen tauchen d\u00fcrfen<\/em><br \/>\n<em>\u2013 Kinder \u00fcber 16 Jahren sind f\u00fcr die Teilnahme an den regul\u00e4ren PADI-Tauchkursen zertifiziert und k\u00f6nnen ohne einen erwachsenen Tauchpartner tauchen<\/em>[\/vc_message][\/vc_column][\/vc_row]\n<\/div>","protected":false},"excerpt":{"rendered":"<p>[vc_row][vc_column][vc_column_text] Belmar Oceanfront ApartmentsKINDER TAUCHEN &nbsp;[\/vc_column_text][vc_empty_space][vc_row_inner][vc_column_inner width=&#8220;1\/6&#8243;][\/vc_column_inner][vc_column_inner width=&#8220;2\/3&#8243;][vc_column_text] In den Belmar Oceanfront Apartments hei\u00dfen wir Sie und Ihre Kinder willkommen. [&hellip;]<\/p>\n","protected":false},"author":2,"featured_media":0,"parent":0,"menu_order":0,"comment_status":"closed","ping_status":"closed","template":"","meta":{"footnotes":""},"class_list":["post-4818","page","type-page","status-publish","hentry"],"yoast_head":"<!-- This site is optimized with the Yoast SEO plugin v27.5 - https:\/\/yoast.com\/product\/yoast-seo-wordpress\/ -->\n<title>Kinder Tauchen - Belmar Oceanfront Apartments<\/title>\n<meta name=\"description\" content=\"Lassen Sie Ihre Kinder die wundersch\u00f6nen Riffe und Meereslebewesen mit einem unterhaltsamen Programm erkunden, w\u00e4hrend Sie tauchen, schnorcheln oder einfach nur entspannen!\" \/>\n<meta name=\"robots\" content=\"index, follow, max-snippet:-1, max-image-preview:large, max-video-preview:-1\" \/>\n<link rel=\"canonical\" href=\"https:\/\/belmar-bonaire.com\/kids-diving\/\" \/>\n<meta property=\"og:locale\" content=\"de_DE\" \/>\n<meta property=\"og:type\" content=\"article\" \/>\n<meta property=\"og:title\" content=\"Kinder Tauchen - Belmar Oceanfront Apartments\" \/>\n<meta property=\"og:description\" content=\"Lassen Sie Ihre Kinder die wundersch\u00f6nen Riffe und Meereslebewesen mit einem unterhaltsamen Programm erkunden, w\u00e4hrend Sie tauchen, schnorcheln oder einfach nur entspannen!\" \/>\n<meta property=\"og:url\" content=\"https:\/\/belmar-bonaire.com\/kids-diving\/\" \/>\n<meta property=\"og:site_name\" content=\"Belmar Oceanfront Apartments\" \/>\n<meta property=\"article:publisher\" content=\"https:\/\/www.facebook.com\/belmaroceanfrontapartments\/\" \/>\n<meta property=\"article:modified_time\" content=\"2022-10-11T15:03:09+00:00\" \/>\n<meta property=\"og:image\" content=\"https:\/\/belmar-bonaire.com\/wp-content\/uploads\/2022\/02\/Belmar-Logo.png\" \/>\n\t<meta property=\"og:image:width\" content=\"1461\" \/>\n\t<meta property=\"og:image:height\" content=\"612\" \/>\n\t<meta property=\"og:image:type\" content=\"image\/png\" \/>\n<meta name=\"twitter:card\" content=\"summary_large_image\" \/>\n<meta name=\"twitter:label1\" content=\"Gesch\u00e4tzte Lesezeit\" \/>\n\t<meta name=\"twitter:data1\" content=\"6\u00a0Minuten\" \/>\n<script type=\"application\/ld+json\" class=\"yoast-schema-graph\">{\"@context\":\"https:\\\/\\\/schema.org\",\"@graph\":[{\"@type\":\"WebPage\",\"@id\":\"https:\\\/\\\/belmar-bonaire.com\\\/kids-diving\\\/\",\"url\":\"https:\\\/\\\/belmar-bonaire.com\\\/kids-diving\\\/\",\"name\":\"Kinder Tauchen - Belmar Oceanfront Apartments\",\"isPartOf\":{\"@id\":\"https:\\\/\\\/belmar-bonaire.com\\\/#website\"},\"datePublished\":\"2022-04-25T15:26:49+00:00\",\"dateModified\":\"2022-10-11T15:03:09+00:00\",\"description\":\"Lassen Sie Ihre Kinder die wundersch\u00f6nen Riffe und Meereslebewesen mit einem unterhaltsamen Programm erkunden, w\u00e4hrend Sie tauchen, schnorcheln oder einfach nur entspannen!\",\"breadcrumb\":{\"@id\":\"https:\\\/\\\/belmar-bonaire.com\\\/kids-diving\\\/#breadcrumb\"},\"inLanguage\":\"de\",\"potentialAction\":[{\"@type\":\"ReadAction\",\"target\":[\"https:\\\/\\\/belmar-bonaire.com\\\/kids-diving\\\/\"]}]},{\"@type\":\"BreadcrumbList\",\"@id\":\"https:\\\/\\\/belmar-bonaire.com\\\/kids-diving\\\/#breadcrumb\",\"itemListElement\":[{\"@type\":\"ListItem\",\"position\":1,\"name\":\"Home\",\"item\":\"https:\\\/\\\/belmar-bonaire.com\\\/\"},{\"@type\":\"ListItem\",\"position\":2,\"name\":\"Kinder Tauchen\"}]},{\"@type\":\"WebSite\",\"@id\":\"https:\\\/\\\/belmar-bonaire.com\\\/#website\",\"url\":\"https:\\\/\\\/belmar-bonaire.com\\\/\",\"name\":\"Belmar Oceanfront Apartments\",\"description\":\"Belmar Bonaire\",\"publisher\":{\"@id\":\"https:\\\/\\\/belmar-bonaire.com\\\/#organization\"},\"potentialAction\":[{\"@type\":\"SearchAction\",\"target\":{\"@type\":\"EntryPoint\",\"urlTemplate\":\"https:\\\/\\\/belmar-bonaire.com\\\/?s={search_term_string}\"},\"query-input\":{\"@type\":\"PropertyValueSpecification\",\"valueRequired\":true,\"valueName\":\"search_term_string\"}}],\"inLanguage\":\"de\"},{\"@type\":\"Organization\",\"@id\":\"https:\\\/\\\/belmar-bonaire.com\\\/#organization\",\"name\":\"Belmar Oceanfront Apartments\",\"url\":\"https:\\\/\\\/belmar-bonaire.com\\\/\",\"logo\":{\"@type\":\"ImageObject\",\"inLanguage\":\"de\",\"@id\":\"https:\\\/\\\/belmar-bonaire.com\\\/#\\\/schema\\\/logo\\\/image\\\/\",\"url\":\"https:\\\/\\\/belmar-bonaire.com\\\/wp-content\\\/uploads\\\/2022\\\/02\\\/Belmar-Logo.png\",\"contentUrl\":\"https:\\\/\\\/belmar-bonaire.com\\\/wp-content\\\/uploads\\\/2022\\\/02\\\/Belmar-Logo.png\",\"width\":1461,\"height\":612,\"caption\":\"Belmar Oceanfront Apartments\"},\"image\":{\"@id\":\"https:\\\/\\\/belmar-bonaire.com\\\/#\\\/schema\\\/logo\\\/image\\\/\"},\"sameAs\":[\"https:\\\/\\\/www.facebook.com\\\/belmaroceanfrontapartments\\\/\",\"https:\\\/\\\/www.instagram.com\\\/belmaroceanfrontapartments\\\/\"]}]}<\/script>\n<!-- \/ Yoast SEO plugin. -->","yoast_head_json":{"title":"Kinder Tauchen - Belmar Oceanfront Apartments","description":"Lassen Sie Ihre Kinder die wundersch\u00f6nen Riffe und Meereslebewesen mit einem unterhaltsamen Programm erkunden, w\u00e4hrend Sie tauchen, schnorcheln oder einfach nur entspannen!","robots":{"index":"index","follow":"follow","max-snippet":"max-snippet:-1","max-image-preview":"max-image-preview:large","max-video-preview":"max-video-preview:-1"},"canonical":"https:\/\/belmar-bonaire.com\/kids-diving\/","og_locale":"de_DE","og_type":"article","og_title":"Kinder Tauchen - Belmar Oceanfront Apartments","og_description":"Lassen Sie Ihre Kinder die wundersch\u00f6nen Riffe und Meereslebewesen mit einem unterhaltsamen Programm erkunden, w\u00e4hrend Sie tauchen, schnorcheln oder einfach nur entspannen!","og_url":"https:\/\/belmar-bonaire.com\/kids-diving\/","og_site_name":"Belmar Oceanfront Apartments","article_publisher":"https:\/\/www.facebook.com\/belmaroceanfrontapartments\/","article_modified_time":"2022-10-11T15:03:09+00:00","og_image":[{"width":1461,"height":612,"url":"https:\/\/belmar-bonaire.com\/wp-content\/uploads\/2022\/02\/Belmar-Logo.png","type":"image\/png"}],"twitter_card":"summary_large_image","twitter_misc":{"Gesch\u00e4tzte Lesezeit":"6\u00a0Minuten"},"schema":{"@context":"https:\/\/schema.org","@graph":[{"@type":"WebPage","@id":"https:\/\/belmar-bonaire.com\/kids-diving\/","url":"https:\/\/belmar-bonaire.com\/kids-diving\/","name":"Kinder Tauchen - Belmar Oceanfront Apartments","isPartOf":{"@id":"https:\/\/belmar-bonaire.com\/#website"},"datePublished":"2022-04-25T15:26:49+00:00","dateModified":"2022-10-11T15:03:09+00:00","description":"Lassen Sie Ihre Kinder die wundersch\u00f6nen Riffe und Meereslebewesen mit einem unterhaltsamen Programm erkunden, w\u00e4hrend Sie tauchen, schnorcheln oder einfach nur entspannen!","breadcrumb":{"@id":"https:\/\/belmar-bonaire.com\/kids-diving\/#breadcrumb"},"inLanguage":"de","potentialAction":[{"@type":"ReadAction","target":["https:\/\/belmar-bonaire.com\/kids-diving\/"]}]},{"@type":"BreadcrumbList","@id":"https:\/\/belmar-bonaire.com\/kids-diving\/#breadcrumb","itemListElement":[{"@type":"ListItem","position":1,"name":"Home","item":"https:\/\/belmar-bonaire.com\/"},{"@type":"ListItem","position":2,"name":"Kinder Tauchen"}]},{"@type":"WebSite","@id":"https:\/\/belmar-bonaire.com\/#website","url":"https:\/\/belmar-bonaire.com\/","name":"Belmar Oceanfront Apartments","description":"Belmar Bonaire","publisher":{"@id":"https:\/\/belmar-bonaire.com\/#organization"},"potentialAction":[{"@type":"SearchAction","target":{"@type":"EntryPoint","urlTemplate":"https:\/\/belmar-bonaire.com\/?s={search_term_string}"},"query-input":{"@type":"PropertyValueSpecification","valueRequired":true,"valueName":"search_term_string"}}],"inLanguage":"de"},{"@type":"Organization","@id":"https:\/\/belmar-bonaire.com\/#organization","name":"Belmar Oceanfront Apartments","url":"https:\/\/belmar-bonaire.com\/","logo":{"@type":"ImageObject","inLanguage":"de","@id":"https:\/\/belmar-bonaire.com\/#\/schema\/logo\/image\/","url":"https:\/\/belmar-bonaire.com\/wp-content\/uploads\/2022\/02\/Belmar-Logo.png","contentUrl":"https:\/\/belmar-bonaire.com\/wp-content\/uploads\/2022\/02\/Belmar-Logo.png","width":1461,"height":612,"caption":"Belmar Oceanfront Apartments"},"image":{"@id":"https:\/\/belmar-bonaire.com\/#\/schema\/logo\/image\/"},"sameAs":["https:\/\/www.facebook.com\/belmaroceanfrontapartments\/","https:\/\/www.instagram.com\/belmaroceanfrontapartments\/"]}]}},"_links":{"self":[{"href":"https:\/\/belmar-bonaire.com\/de\/wp-json\/wp\/v2\/pages\/4818","targetHints":{"allow":["GET"]}}],"collection":[{"href":"https:\/\/belmar-bonaire.com\/de\/wp-json\/wp\/v2\/pages"}],"about":[{"href":"https:\/\/belmar-bonaire.com\/de\/wp-json\/wp\/v2\/types\/page"}],"author":[{"embeddable":true,"href":"https:\/\/belmar-bonaire.com\/de\/wp-json\/wp\/v2\/users\/2"}],"replies":[{"embeddable":true,"href":"https:\/\/belmar-bonaire.com\/de\/wp-json\/wp\/v2\/comments?post=4818"}],"version-history":[{"count":7,"href":"https:\/\/belmar-bonaire.com\/de\/wp-json\/wp\/v2\/pages\/4818\/revisions"}],"predecessor-version":[{"id":5974,"href":"https:\/\/belmar-bonaire.com\/de\/wp-json\/wp\/v2\/pages\/4818\/revisions\/5974"}],"wp:attachment":[{"href":"https:\/\/belmar-bonaire.com\/de\/wp-json\/wp\/v2\/media?parent=4818"}],"curies":[{"name":"wp","href":"https:\/\/api.w.org\/{rel}","templated":true}]}}