{"id":4811,"date":"2022-04-25T14:59:19","date_gmt":"2022-04-25T14:59:19","guid":{"rendered":"https:\/\/belmar-bonaire.com\/fluege\/"},"modified":"2023-08-29T20:12:06","modified_gmt":"2023-08-29T20:12:06","slug":"fluege","status":"publish","type":"page","link":"https:\/\/belmar-bonaire.com\/de\/fluege\/","title":{"rendered":"Fl\u00fcge"},"content":{"rendered":"<div class=\"wpb-content-wrapper\">[vc_row][vc_column][vc_column_text]\n<h1 class=\"text-uppercase\" style=\"text-align: center;\"><small>Fl\u00fcge nach Bonaire<\/small>Wie komme ich nach Bonaire?<\/h1>\n<p>Bonaire liegt etwa 50 Meilen vor der K\u00fcste Venezuelas, in der N\u00e4he von Aruba und Curacao. Die Insel ist Teil der niederl\u00e4ndischen Karibik. Bonaire ist \u00fcber mehrere internationale und lokale Fluggesellschaften aus Europa, Lateinamerika und Nordamerika erreichbar. Dies macht es relativ einfach, f\u00fcr Ihre n\u00e4chste Tauchreise mit uns nach Bonaire zu fahren! Die Anreise nach Bonaire ist m\u00f6glich, indem Sie zum internationalen Flughafen von Bonaire (BON) fliegen: Flamingo International Airport.<\/p>\n<h3>Fl\u00fcge nach Bonaire von Nordamerika<\/h3>\n<p>United Airlines bietet w\u00f6chentliche Nonstop-Fl\u00fcge von Newark und Houston an. Delta Airlines bietet zwei w\u00f6chentliche Direktfl\u00fcge von Atlanta an. Abh\u00e4ngig von der Nachfrage k\u00f6nnen US-Fluggesellschaften w\u00e4hrend der Hochsaison zus\u00e4tzliche Fl\u00fcge in ihren Flugplan aufnehmen oder beschlie\u00dfen, Fl\u00fcge in der Nebensaison einzustellen. In diesem Fall k\u00f6nnen Sie \u00fcber Aruba oder Cura\u00e7ao fliegen und von dort aus eine lokale Fluggesellschaft wie Divi Divi\u00a0oder FlyEZAir nach Bonaire nehmen. F\u00fcr Flugdetails wenden Sie sich bitte an die Fluggesellschaft oder Ihren Buchungsagenten.<br \/>\nAmerican Airlines k\u00fcndigte an, ihre zus\u00e4tzlichen Fl\u00fcge nach Bonaire das ganze Jahr \u00fcber von Miami nach Bonaire beizubehalten! American f\u00fchrt die Fl\u00fcge mit einem Airbus A319 Flugzeug durch, das bis zu 128 Sitzpl\u00e4tze f\u00fcr den Hin- und R\u00fcckflug am Montag, Mittwoch und Samstag bieten kann!<br \/>\nWenden Sie sich an American Airlines, um weitere Informationen zu erhalten oder eine Reservierung vorzunehmen.<\/p>\n<h3>Fl\u00fcge nach Bonaire aus Europa<\/h3>\n<p>Der Flughafen Amsterdam Schiphol bedient t\u00e4glich Direktfl\u00fcge mit TUI oder KLM und bietet ein Tor zu anderen europ\u00e4ischen L\u00e4ndern. F\u00fcr Streckeninformationen und andere Details wenden Sie sich bitte an die Fluggesellschaft oder Ihren Buchungsagenten.<\/p>\n<h3>Fl\u00fcge nach Bonaire von S\u00fcdamerika<\/h3>\n<p>Bonaire hat keine Direktfl\u00fcge von Lateinamerika. Es gibt viele s\u00fcdamerikanische nationale Fluggesellschaften, die nach Aruba oder Curacao fliegen. Nehmen Sie eine t\u00e4gliche lokale Fluggesellschaft wie Divi Divi, um Ihren Flug nach Bonaire fortzusetzen. F\u00fcr weitere Informationen zu Flugverbindungen wenden Sie sich bitte an die Fluggesellschaft oder Ihren Buchungsagenten.[\/vc_column_text][vc_single_image image=&#8220;7271&#8243; img_size=&#8220;Large&#8220; alignment=&#8220;center&#8220;][vc_column_text]<strong><em>Haftungsausschluss: Alle Informationen k\u00f6nnen ohne vorherige Ank\u00fcndigung ge\u00e4ndert werden, und aus diesen Informationen k\u00f6nnen keine Rechte abgeleitet werden. Wir empfehlen Ihnen, sich umfassend \u00fcber die verf\u00fcgbaren Fl\u00fcge von und nach Bonaire zu informieren. Auch wenn wir Ihnen dabei gerne behilflich sind, m\u00f6chten wir Sie darauf hinweisen, dass dies in Ihrer eigenen Verantwortung liegt.<\/em><\/strong><\/p>\n<p><em>Saisonale \u00c4nderungen k\u00f6nnen gelten.<\/em>[\/vc_column_text][\/vc_column][\/vc_row]\n<\/div>","protected":false},"excerpt":{"rendered":"<p>[vc_row][vc_column][vc_column_text] Fl\u00fcge nach BonaireWie komme ich nach Bonaire? Bonaire liegt etwa 50 Meilen vor der K\u00fcste Venezuelas, in der N\u00e4he [&hellip;]<\/p>\n","protected":false},"author":2,"featured_media":0,"parent":0,"menu_order":0,"comment_status":"closed","ping_status":"closed","template":"","meta":{"footnotes":""},"class_list":["post-4811","page","type-page","status-publish","hentry"],"yoast_head":"<!-- This site is optimized with the Yoast SEO plugin v27.5 - https:\/\/yoast.com\/product\/yoast-seo-wordpress\/ -->\n<title>Fl\u00fcge - Belmar Oceanfront Apartments<\/title>\n<meta name=\"description\" content=\"Bonaire liegt etwa 50 Meilen vor der K\u00fcste Venezuelas, in der N\u00e4he von Aruba und Curacao. Es ist \u00fcber eine Reihe internationaler und lokaler Fluggesellschaften aus Europa, Lateinamerika und Nordamerika zug\u00e4nglich.\" \/>\n<meta name=\"robots\" content=\"index, follow, max-snippet:-1, max-image-preview:large, max-video-preview:-1\" \/>\n<link rel=\"canonical\" href=\"https:\/\/belmar-bonaire.com\/flights\/\" \/>\n<meta property=\"og:locale\" content=\"de_DE\" \/>\n<meta property=\"og:type\" content=\"article\" \/>\n<meta property=\"og:title\" content=\"Fl\u00fcge - Belmar Oceanfront Apartments\" \/>\n<meta property=\"og:description\" content=\"Bonaire liegt etwa 50 Meilen vor der K\u00fcste Venezuelas, in der N\u00e4he von Aruba und Curacao. Es ist \u00fcber eine Reihe internationaler und lokaler Fluggesellschaften aus Europa, Lateinamerika und Nordamerika zug\u00e4nglich.\" \/>\n<meta property=\"og:url\" content=\"https:\/\/belmar-bonaire.com\/flights\/\" \/>\n<meta property=\"og:site_name\" content=\"Belmar Oceanfront Apartments\" \/>\n<meta property=\"article:publisher\" content=\"https:\/\/www.facebook.com\/belmaroceanfrontapartments\/\" \/>\n<meta property=\"article:modified_time\" content=\"2023-08-29T20:12:06+00:00\" \/>\n<meta property=\"og:image\" content=\"https:\/\/belmar-bonaire.com\/wp-content\/uploads\/2022\/02\/Belmar-Logo.png\" \/>\n\t<meta property=\"og:image:width\" content=\"1461\" \/>\n\t<meta property=\"og:image:height\" content=\"612\" \/>\n\t<meta property=\"og:image:type\" content=\"image\/png\" \/>\n<meta name=\"twitter:card\" content=\"summary_large_image\" \/>\n<meta name=\"twitter:label1\" content=\"Gesch\u00e4tzte Lesezeit\" \/>\n\t<meta name=\"twitter:data1\" content=\"2\u00a0Minuten\" \/>\n<script type=\"application\/ld+json\" class=\"yoast-schema-graph\">{\"@context\":\"https:\\\/\\\/schema.org\",\"@graph\":[{\"@type\":\"WebPage\",\"@id\":\"https:\\\/\\\/belmar-bonaire.com\\\/flights\\\/\",\"url\":\"https:\\\/\\\/belmar-bonaire.com\\\/flights\\\/\",\"name\":\"Fl\u00fcge - Belmar Oceanfront Apartments\",\"isPartOf\":{\"@id\":\"https:\\\/\\\/belmar-bonaire.com\\\/#website\"},\"datePublished\":\"2022-04-25T14:59:19+00:00\",\"dateModified\":\"2023-08-29T20:12:06+00:00\",\"description\":\"Bonaire liegt etwa 50 Meilen vor der K\u00fcste Venezuelas, in der N\u00e4he von Aruba und Curacao. Es ist \u00fcber eine Reihe internationaler und lokaler Fluggesellschaften aus Europa, Lateinamerika und Nordamerika zug\u00e4nglich.\",\"breadcrumb\":{\"@id\":\"https:\\\/\\\/belmar-bonaire.com\\\/flights\\\/#breadcrumb\"},\"inLanguage\":\"de\",\"potentialAction\":[{\"@type\":\"ReadAction\",\"target\":[\"https:\\\/\\\/belmar-bonaire.com\\\/flights\\\/\"]}]},{\"@type\":\"BreadcrumbList\",\"@id\":\"https:\\\/\\\/belmar-bonaire.com\\\/flights\\\/#breadcrumb\",\"itemListElement\":[{\"@type\":\"ListItem\",\"position\":1,\"name\":\"Home\",\"item\":\"https:\\\/\\\/belmar-bonaire.com\\\/\"},{\"@type\":\"ListItem\",\"position\":2,\"name\":\"Fl\u00fcge\"}]},{\"@type\":\"WebSite\",\"@id\":\"https:\\\/\\\/belmar-bonaire.com\\\/#website\",\"url\":\"https:\\\/\\\/belmar-bonaire.com\\\/\",\"name\":\"Belmar Oceanfront Apartments\",\"description\":\"Belmar Bonaire\",\"publisher\":{\"@id\":\"https:\\\/\\\/belmar-bonaire.com\\\/#organization\"},\"potentialAction\":[{\"@type\":\"SearchAction\",\"target\":{\"@type\":\"EntryPoint\",\"urlTemplate\":\"https:\\\/\\\/belmar-bonaire.com\\\/?s={search_term_string}\"},\"query-input\":{\"@type\":\"PropertyValueSpecification\",\"valueRequired\":true,\"valueName\":\"search_term_string\"}}],\"inLanguage\":\"de\"},{\"@type\":\"Organization\",\"@id\":\"https:\\\/\\\/belmar-bonaire.com\\\/#organization\",\"name\":\"Belmar Oceanfront Apartments\",\"url\":\"https:\\\/\\\/belmar-bonaire.com\\\/\",\"logo\":{\"@type\":\"ImageObject\",\"inLanguage\":\"de\",\"@id\":\"https:\\\/\\\/belmar-bonaire.com\\\/#\\\/schema\\\/logo\\\/image\\\/\",\"url\":\"https:\\\/\\\/belmar-bonaire.com\\\/wp-content\\\/uploads\\\/2022\\\/02\\\/Belmar-Logo.png\",\"contentUrl\":\"https:\\\/\\\/belmar-bonaire.com\\\/wp-content\\\/uploads\\\/2022\\\/02\\\/Belmar-Logo.png\",\"width\":1461,\"height\":612,\"caption\":\"Belmar Oceanfront Apartments\"},\"image\":{\"@id\":\"https:\\\/\\\/belmar-bonaire.com\\\/#\\\/schema\\\/logo\\\/image\\\/\"},\"sameAs\":[\"https:\\\/\\\/www.facebook.com\\\/belmaroceanfrontapartments\\\/\",\"https:\\\/\\\/www.instagram.com\\\/belmaroceanfrontapartments\\\/\"]}]}<\/script>\n<!-- \/ Yoast SEO plugin. -->","yoast_head_json":{"title":"Fl\u00fcge - Belmar Oceanfront Apartments","description":"Bonaire liegt etwa 50 Meilen vor der K\u00fcste Venezuelas, in der N\u00e4he von Aruba und Curacao. Es ist \u00fcber eine Reihe internationaler und lokaler Fluggesellschaften aus Europa, Lateinamerika und Nordamerika zug\u00e4nglich.","robots":{"index":"index","follow":"follow","max-snippet":"max-snippet:-1","max-image-preview":"max-image-preview:large","max-video-preview":"max-video-preview:-1"},"canonical":"https:\/\/belmar-bonaire.com\/flights\/","og_locale":"de_DE","og_type":"article","og_title":"Fl\u00fcge - Belmar Oceanfront Apartments","og_description":"Bonaire liegt etwa 50 Meilen vor der K\u00fcste Venezuelas, in der N\u00e4he von Aruba und Curacao. Es ist \u00fcber eine Reihe internationaler und lokaler Fluggesellschaften aus Europa, Lateinamerika und Nordamerika zug\u00e4nglich.","og_url":"https:\/\/belmar-bonaire.com\/flights\/","og_site_name":"Belmar Oceanfront Apartments","article_publisher":"https:\/\/www.facebook.com\/belmaroceanfrontapartments\/","article_modified_time":"2023-08-29T20:12:06+00:00","og_image":[{"width":1461,"height":612,"url":"https:\/\/belmar-bonaire.com\/wp-content\/uploads\/2022\/02\/Belmar-Logo.png","type":"image\/png"}],"twitter_card":"summary_large_image","twitter_misc":{"Gesch\u00e4tzte Lesezeit":"2\u00a0Minuten"},"schema":{"@context":"https:\/\/schema.org","@graph":[{"@type":"WebPage","@id":"https:\/\/belmar-bonaire.com\/flights\/","url":"https:\/\/belmar-bonaire.com\/flights\/","name":"Fl\u00fcge - Belmar Oceanfront Apartments","isPartOf":{"@id":"https:\/\/belmar-bonaire.com\/#website"},"datePublished":"2022-04-25T14:59:19+00:00","dateModified":"2023-08-29T20:12:06+00:00","description":"Bonaire liegt etwa 50 Meilen vor der K\u00fcste Venezuelas, in der N\u00e4he von Aruba und Curacao. Es ist \u00fcber eine Reihe internationaler und lokaler Fluggesellschaften aus Europa, Lateinamerika und Nordamerika zug\u00e4nglich.","breadcrumb":{"@id":"https:\/\/belmar-bonaire.com\/flights\/#breadcrumb"},"inLanguage":"de","potentialAction":[{"@type":"ReadAction","target":["https:\/\/belmar-bonaire.com\/flights\/"]}]},{"@type":"BreadcrumbList","@id":"https:\/\/belmar-bonaire.com\/flights\/#breadcrumb","itemListElement":[{"@type":"ListItem","position":1,"name":"Home","item":"https:\/\/belmar-bonaire.com\/"},{"@type":"ListItem","position":2,"name":"Fl\u00fcge"}]},{"@type":"WebSite","@id":"https:\/\/belmar-bonaire.com\/#website","url":"https:\/\/belmar-bonaire.com\/","name":"Belmar Oceanfront Apartments","description":"Belmar Bonaire","publisher":{"@id":"https:\/\/belmar-bonaire.com\/#organization"},"potentialAction":[{"@type":"SearchAction","target":{"@type":"EntryPoint","urlTemplate":"https:\/\/belmar-bonaire.com\/?s={search_term_string}"},"query-input":{"@type":"PropertyValueSpecification","valueRequired":true,"valueName":"search_term_string"}}],"inLanguage":"de"},{"@type":"Organization","@id":"https:\/\/belmar-bonaire.com\/#organization","name":"Belmar Oceanfront Apartments","url":"https:\/\/belmar-bonaire.com\/","logo":{"@type":"ImageObject","inLanguage":"de","@id":"https:\/\/belmar-bonaire.com\/#\/schema\/logo\/image\/","url":"https:\/\/belmar-bonaire.com\/wp-content\/uploads\/2022\/02\/Belmar-Logo.png","contentUrl":"https:\/\/belmar-bonaire.com\/wp-content\/uploads\/2022\/02\/Belmar-Logo.png","width":1461,"height":612,"caption":"Belmar Oceanfront Apartments"},"image":{"@id":"https:\/\/belmar-bonaire.com\/#\/schema\/logo\/image\/"},"sameAs":["https:\/\/www.facebook.com\/belmaroceanfrontapartments\/","https:\/\/www.instagram.com\/belmaroceanfrontapartments\/"]}]}},"_links":{"self":[{"href":"https:\/\/belmar-bonaire.com\/de\/wp-json\/wp\/v2\/pages\/4811","targetHints":{"allow":["GET"]}}],"collection":[{"href":"https:\/\/belmar-bonaire.com\/de\/wp-json\/wp\/v2\/pages"}],"about":[{"href":"https:\/\/belmar-bonaire.com\/de\/wp-json\/wp\/v2\/types\/page"}],"author":[{"embeddable":true,"href":"https:\/\/belmar-bonaire.com\/de\/wp-json\/wp\/v2\/users\/2"}],"replies":[{"embeddable":true,"href":"https:\/\/belmar-bonaire.com\/de\/wp-json\/wp\/v2\/comments?post=4811"}],"version-history":[{"count":16,"href":"https:\/\/belmar-bonaire.com\/de\/wp-json\/wp\/v2\/pages\/4811\/revisions"}],"predecessor-version":[{"id":7284,"href":"https:\/\/belmar-bonaire.com\/de\/wp-json\/wp\/v2\/pages\/4811\/revisions\/7284"}],"wp:attachment":[{"href":"https:\/\/belmar-bonaire.com\/de\/wp-json\/wp\/v2\/media?parent=4811"}],"curies":[{"name":"wp","href":"https:\/\/api.w.org\/{rel}","templated":true}]}}