{"id":4807,"date":"2022-04-25T14:48:40","date_gmt":"2022-04-25T14:48:40","guid":{"rendered":"https:\/\/belmar-bonaire.com\/tauchen\/"},"modified":"2022-04-26T19:31:39","modified_gmt":"2022-04-26T19:31:39","slug":"tauchen","status":"publish","type":"page","link":"https:\/\/belmar-bonaire.com\/de\/tauchen\/","title":{"rendered":"Tauchen"},"content":{"rendered":"<div class=\"wpb-content-wrapper\">[vc_row][vc_column width=&#8220;1\/6&#8243;][\/vc_column][vc_column width=&#8220;2\/3&#8243;][vc_column_text]\n<h1 class=\"text-uppercase\" style=\"text-align: center;\"><small>Tauchen mit<\/small>Belmar Oceanfront Apartments<\/h1>\n[\/vc_column_text][vc_empty_space][vc_column_text]\n<p style=\"text-align: center;\">Bonaire mit seinem Saumriff in K\u00fcstenn\u00e4he, rund 80 offiziellen Tauchpl\u00e4tzen, ruhigen Gew\u00e4ssern und guten Sichtverh\u00e4ltnissen hat f\u00fcr jeden Taucher etwas zu bieten.<\/p>\n<p style=\"text-align: center;\">Mit bis zu 60 offiziell gelisteten Tauchpl\u00e4tzen auf Bonaire und weiteren 20 Tauchpl\u00e4tzen auf Klein Bonaire ist der Tauchbetrieb der Belmar Oceanfront Apartments darauf ausgerichtet, dass Sie das Beste aus Ihrem Tauchurlaub machen. Mit einer Flotte von ma\u00dfgeschneiderten Tauchbooten und einem gut sortierten \u201eDrive Thru\u201c mit Luft- und Nitroxflaschen kann jeder Taucherbedarf befriedigt werden.<br \/>\nUm uns dabei zu helfen, unsere Riffumgebung f\u00fcr viele kommende Jahre gesund zu halten, ermutigen wir alle Taucher, die nach Bonaire reisen, sich vor ihrem Besuch mit den\u00a0Marine Park Regulations\u00a0vertraut zu machen.<\/p>\n<p style=\"text-align: center;\">Im Durchschnitt betr\u00e4gt die Sicht auf Bonaire mehr als 30 Meter (100 Fu\u00df) und unsere durchschnittliche Wassertemperatur betr\u00e4gt 29 \u00b0C (80 Grad Fahrenheit). Das Saumriff beginnt in der N\u00e4he der K\u00fcste, normalerweise nur 10 Meter oder weniger entfernt, was Bonaire weltber\u00fchmt f\u00fcr sein einfaches Tauchen an der K\u00fcste macht.<\/p>\n<p style=\"text-align: center;\">Bonaires Gew\u00e4sser bieten f\u00fcr jeden Taucher etwas Besonderes. Anf\u00e4nger werden das ruhige Wasser, die parallel zur K\u00fcste verlaufenden Riffe und die minimalen Str\u00f6mungen zu sch\u00e4tzen wissen. Diese Bedingungen machen es zu einem idealen Ort, um wirklich an der Verbesserung dieser Auftriebsf\u00e4higkeiten zu arbeiten! Und die F\u00fclle an Meereslebewesen, die entlang des flachen Drop-Off-Bereichs des Riffhangs leben, erm\u00f6glicht eine maximale Grundzeit, w\u00e4hrend neue Taucher die M\u00f6glichkeit haben, ein Ma\u00df an Komfort und Vertrauen in ihre neu erlernten F\u00e4higkeiten zu entwickeln.<\/p>\n[\/vc_column_text][\/vc_column][vc_column width=&#8220;1\/6&#8243;][\/vc_column][\/vc_row][vc_row][vc_column][vc_images_carousel images=&#8220;4391,4497,4563&#8243; slides_per_view=&#8220;3&#8243;][vc_empty_space][vc_column_text]\n<h3 style=\"text-align: center;\">Tauchen bei Belmar<\/h3>\n[\/vc_column_text][vc_empty_space][vc_column_text]\n<p style=\"text-align: center;\">Belmar ist ein Satellitenshop des Buddy Dive Resort<\/p>\n<p style=\"text-align: center;\">Ein PADI 5-Sterne-Resort mit engagierten PADI-Instruktoren vor Ort, die PADI-Kurse vom Anf\u00e4nger bis zum Dive Master und alle PADI-Spezialit\u00e4ten unterrichten k\u00f6nnen. Es ist auch ein universelles \u00dcberweisungszentrum. Es ist auch m\u00f6glich, unseren Tauchern einen pers\u00f6nlicheren Service mit Privatkursen und gef\u00fchrten Landtauchg\u00e4ngen anzubieten.<\/p>\n<p style=\"text-align: center;\">Kommen Sie in den Tauchshop und sprechen Sie mit unserem Tauchpersonal. Sie k\u00f6nnen sicherstellen, dass Sie das Beste aus Ihrem Tauchurlaub machen, unabh\u00e4ngig von Ihrem Niveau und Ihrer Erfahrung.<\/p>\n[\/vc_column_text][\/vc_column][\/vc_row][vc_row][vc_column width=&#8220;1\/3&#8243;][vc_single_image image=&#8220;4507&#8243; img_size=&#8220;large&#8220;][vc_cta h2=&#8220;STINAPA Bonaire&#8220; txt_align=&#8220;center&#8220; add_button=&#8220;bottom&#8220; btn_title=&#8220;Weiterlesen&#8220; btn_color=&#8220;warning&#8220; btn_align=&#8220;center&#8220; btn_link=&#8220;url:https%3A%2F%2Fstinapabonaire.org%2F|&#8220;][\/vc_cta][\/vc_column][vc_column width=&#8220;1\/3&#8243;][vc_single_image image=&#8220;4511&#8243; img_size=&#8220;large&#8220;][vc_cta h2=&#8220;Bonaires Tauchpl\u00e4tze&#8220; txt_align=&#8220;center&#8220; add_button=&#8220;bottom&#8220; btn_title=&#8220;Weiterlesen&#8220; btn_color=&#8220;warning&#8220; btn_align=&#8220;center&#8220; btn_link=&#8220;url:https%3A%2F%2Fbelmar-bonaire.com%2Fwp-content%2Fuploads%2F2022%2F04%2Fbonaire-dive-sites.pdf|&#8220;][\/vc_cta][\/vc_column][vc_column width=&#8220;1\/3&#8243;][vc_single_image image=&#8220;4631&#8243; img_size=&#8220;large&#8220;][vc_cta h2=&#8220;Tauchversicherung&#8220; txt_align=&#8220;center&#8220; add_button=&#8220;bottom&#8220; btn_title=&#8220;Weiterlesen&#8220; btn_color=&#8220;warning&#8220; btn_align=&#8220;center&#8220; btn_link=&#8220;url:https%3A%2F%2Fbelmar-bonaire.com%2Fde%2Ftauchversicherung%2F|title:Tauchversicherung|&#8220;][\/vc_cta][\/vc_column][\/vc_row][vc_row][vc_column][vc_video link=&#8220;https:\/\/www.youtube.com\/watch?v=EX1EqHuiVWg&#8220; title=&#8220;Belmar Orientierungsvideo&#8220;][\/vc_column][\/vc_row]\n<\/div>","protected":false},"excerpt":{"rendered":"<p>[vc_row][vc_column width=&#8220;1\/6&#8243;][\/vc_column][vc_column width=&#8220;2\/3&#8243;][vc_column_text] Tauchen mitBelmar Oceanfront Apartments [\/vc_column_text][vc_empty_space][vc_column_text] Bonaire mit seinem Saumriff in K\u00fcstenn\u00e4he, rund 80 offiziellen Tauchpl\u00e4tzen, ruhigen Gew\u00e4ssern [&hellip;]<\/p>\n","protected":false},"author":2,"featured_media":0,"parent":0,"menu_order":0,"comment_status":"closed","ping_status":"closed","template":"","meta":{"footnotes":""},"class_list":["post-4807","page","type-page","status-publish","hentry"],"yoast_head":"<!-- This site is optimized with the Yoast SEO plugin v27.5 - https:\/\/yoast.com\/product\/yoast-seo-wordpress\/ -->\n<title>Tauchen - Belmar Oceanfront Apartments<\/title>\n<meta name=\"description\" content=\"Ein PADI 5-Sterne-Resort mit erfahrenen Tauchlehrern, die Tauchkurse vom Anf\u00e4nger bis zum Dive Master und alle PADI-Spezialit\u00e4ten unterrichten.\" \/>\n<meta name=\"robots\" content=\"index, follow, max-snippet:-1, max-image-preview:large, max-video-preview:-1\" \/>\n<link rel=\"canonical\" href=\"https:\/\/belmar-bonaire.com\/de\/tauchen\/\" \/>\n<meta property=\"og:locale\" content=\"de_DE\" \/>\n<meta property=\"og:type\" content=\"article\" \/>\n<meta property=\"og:title\" content=\"Tauchen - Belmar Oceanfront Apartments\" \/>\n<meta property=\"og:description\" content=\"Ein PADI 5-Sterne-Resort mit erfahrenen Tauchlehrern, die Tauchkurse vom Anf\u00e4nger bis zum Dive Master und alle PADI-Spezialit\u00e4ten unterrichten.\" \/>\n<meta property=\"og:url\" content=\"https:\/\/belmar-bonaire.com\/de\/tauchen\/\" \/>\n<meta property=\"og:site_name\" content=\"Belmar Oceanfront Apartments\" \/>\n<meta property=\"article:publisher\" content=\"https:\/\/www.facebook.com\/belmaroceanfrontapartments\/\" \/>\n<meta property=\"article:modified_time\" content=\"2022-04-26T19:31:39+00:00\" \/>\n<meta property=\"og:image\" content=\"https:\/\/belmar-bonaire.com\/wp-content\/uploads\/2022\/02\/Belmar-Logo.png\" \/>\n\t<meta property=\"og:image:width\" content=\"1461\" \/>\n\t<meta property=\"og:image:height\" content=\"612\" \/>\n\t<meta property=\"og:image:type\" content=\"image\/png\" \/>\n<meta name=\"twitter:card\" content=\"summary_large_image\" \/>\n<meta name=\"twitter:label1\" content=\"Gesch\u00e4tzte Lesezeit\" \/>\n\t<meta name=\"twitter:data1\" content=\"3\u00a0Minuten\" \/>\n<script type=\"application\/ld+json\" class=\"yoast-schema-graph\">{\"@context\":\"https:\\\/\\\/schema.org\",\"@graph\":[{\"@type\":\"WebPage\",\"@id\":\"https:\\\/\\\/belmar-bonaire.com\\\/de\\\/tauchen\\\/\",\"url\":\"https:\\\/\\\/belmar-bonaire.com\\\/de\\\/tauchen\\\/\",\"name\":\"Tauchen - Belmar Oceanfront Apartments\",\"isPartOf\":{\"@id\":\"https:\\\/\\\/belmar-bonaire.com\\\/#website\"},\"datePublished\":\"2022-04-25T14:48:40+00:00\",\"dateModified\":\"2022-04-26T19:31:39+00:00\",\"description\":\"Ein PADI 5-Sterne-Resort mit erfahrenen Tauchlehrern, die Tauchkurse vom Anf\u00e4nger bis zum Dive Master und alle PADI-Spezialit\u00e4ten unterrichten.\",\"breadcrumb\":{\"@id\":\"https:\\\/\\\/belmar-bonaire.com\\\/de\\\/tauchen\\\/#breadcrumb\"},\"inLanguage\":\"de\",\"potentialAction\":[{\"@type\":\"ReadAction\",\"target\":[\"https:\\\/\\\/belmar-bonaire.com\\\/de\\\/tauchen\\\/\"]}]},{\"@type\":\"BreadcrumbList\",\"@id\":\"https:\\\/\\\/belmar-bonaire.com\\\/de\\\/tauchen\\\/#breadcrumb\",\"itemListElement\":[{\"@type\":\"ListItem\",\"position\":1,\"name\":\"Home\",\"item\":\"https:\\\/\\\/belmar-bonaire.com\\\/\"},{\"@type\":\"ListItem\",\"position\":2,\"name\":\"Tauchen\"}]},{\"@type\":\"WebSite\",\"@id\":\"https:\\\/\\\/belmar-bonaire.com\\\/#website\",\"url\":\"https:\\\/\\\/belmar-bonaire.com\\\/\",\"name\":\"Belmar Oceanfront Apartments\",\"description\":\"Belmar Bonaire\",\"publisher\":{\"@id\":\"https:\\\/\\\/belmar-bonaire.com\\\/#organization\"},\"potentialAction\":[{\"@type\":\"SearchAction\",\"target\":{\"@type\":\"EntryPoint\",\"urlTemplate\":\"https:\\\/\\\/belmar-bonaire.com\\\/?s={search_term_string}\"},\"query-input\":{\"@type\":\"PropertyValueSpecification\",\"valueRequired\":true,\"valueName\":\"search_term_string\"}}],\"inLanguage\":\"de\"},{\"@type\":\"Organization\",\"@id\":\"https:\\\/\\\/belmar-bonaire.com\\\/#organization\",\"name\":\"Belmar Oceanfront Apartments\",\"url\":\"https:\\\/\\\/belmar-bonaire.com\\\/\",\"logo\":{\"@type\":\"ImageObject\",\"inLanguage\":\"de\",\"@id\":\"https:\\\/\\\/belmar-bonaire.com\\\/#\\\/schema\\\/logo\\\/image\\\/\",\"url\":\"https:\\\/\\\/belmar-bonaire.com\\\/wp-content\\\/uploads\\\/2022\\\/02\\\/Belmar-Logo.png\",\"contentUrl\":\"https:\\\/\\\/belmar-bonaire.com\\\/wp-content\\\/uploads\\\/2022\\\/02\\\/Belmar-Logo.png\",\"width\":1461,\"height\":612,\"caption\":\"Belmar Oceanfront Apartments\"},\"image\":{\"@id\":\"https:\\\/\\\/belmar-bonaire.com\\\/#\\\/schema\\\/logo\\\/image\\\/\"},\"sameAs\":[\"https:\\\/\\\/www.facebook.com\\\/belmaroceanfrontapartments\\\/\",\"https:\\\/\\\/www.instagram.com\\\/belmaroceanfrontapartments\\\/\"]}]}<\/script>\n<!-- \/ Yoast SEO plugin. -->","yoast_head_json":{"title":"Tauchen - Belmar Oceanfront Apartments","description":"Ein PADI 5-Sterne-Resort mit erfahrenen Tauchlehrern, die Tauchkurse vom Anf\u00e4nger bis zum Dive Master und alle PADI-Spezialit\u00e4ten unterrichten.","robots":{"index":"index","follow":"follow","max-snippet":"max-snippet:-1","max-image-preview":"max-image-preview:large","max-video-preview":"max-video-preview:-1"},"canonical":"https:\/\/belmar-bonaire.com\/de\/tauchen\/","og_locale":"de_DE","og_type":"article","og_title":"Tauchen - Belmar Oceanfront Apartments","og_description":"Ein PADI 5-Sterne-Resort mit erfahrenen Tauchlehrern, die Tauchkurse vom Anf\u00e4nger bis zum Dive Master und alle PADI-Spezialit\u00e4ten unterrichten.","og_url":"https:\/\/belmar-bonaire.com\/de\/tauchen\/","og_site_name":"Belmar Oceanfront Apartments","article_publisher":"https:\/\/www.facebook.com\/belmaroceanfrontapartments\/","article_modified_time":"2022-04-26T19:31:39+00:00","og_image":[{"width":1461,"height":612,"url":"https:\/\/belmar-bonaire.com\/wp-content\/uploads\/2022\/02\/Belmar-Logo.png","type":"image\/png"}],"twitter_card":"summary_large_image","twitter_misc":{"Gesch\u00e4tzte Lesezeit":"3\u00a0Minuten"},"schema":{"@context":"https:\/\/schema.org","@graph":[{"@type":"WebPage","@id":"https:\/\/belmar-bonaire.com\/de\/tauchen\/","url":"https:\/\/belmar-bonaire.com\/de\/tauchen\/","name":"Tauchen - Belmar Oceanfront Apartments","isPartOf":{"@id":"https:\/\/belmar-bonaire.com\/#website"},"datePublished":"2022-04-25T14:48:40+00:00","dateModified":"2022-04-26T19:31:39+00:00","description":"Ein PADI 5-Sterne-Resort mit erfahrenen Tauchlehrern, die Tauchkurse vom Anf\u00e4nger bis zum Dive Master und alle PADI-Spezialit\u00e4ten unterrichten.","breadcrumb":{"@id":"https:\/\/belmar-bonaire.com\/de\/tauchen\/#breadcrumb"},"inLanguage":"de","potentialAction":[{"@type":"ReadAction","target":["https:\/\/belmar-bonaire.com\/de\/tauchen\/"]}]},{"@type":"BreadcrumbList","@id":"https:\/\/belmar-bonaire.com\/de\/tauchen\/#breadcrumb","itemListElement":[{"@type":"ListItem","position":1,"name":"Home","item":"https:\/\/belmar-bonaire.com\/"},{"@type":"ListItem","position":2,"name":"Tauchen"}]},{"@type":"WebSite","@id":"https:\/\/belmar-bonaire.com\/#website","url":"https:\/\/belmar-bonaire.com\/","name":"Belmar Oceanfront Apartments","description":"Belmar Bonaire","publisher":{"@id":"https:\/\/belmar-bonaire.com\/#organization"},"potentialAction":[{"@type":"SearchAction","target":{"@type":"EntryPoint","urlTemplate":"https:\/\/belmar-bonaire.com\/?s={search_term_string}"},"query-input":{"@type":"PropertyValueSpecification","valueRequired":true,"valueName":"search_term_string"}}],"inLanguage":"de"},{"@type":"Organization","@id":"https:\/\/belmar-bonaire.com\/#organization","name":"Belmar Oceanfront Apartments","url":"https:\/\/belmar-bonaire.com\/","logo":{"@type":"ImageObject","inLanguage":"de","@id":"https:\/\/belmar-bonaire.com\/#\/schema\/logo\/image\/","url":"https:\/\/belmar-bonaire.com\/wp-content\/uploads\/2022\/02\/Belmar-Logo.png","contentUrl":"https:\/\/belmar-bonaire.com\/wp-content\/uploads\/2022\/02\/Belmar-Logo.png","width":1461,"height":612,"caption":"Belmar Oceanfront Apartments"},"image":{"@id":"https:\/\/belmar-bonaire.com\/#\/schema\/logo\/image\/"},"sameAs":["https:\/\/www.facebook.com\/belmaroceanfrontapartments\/","https:\/\/www.instagram.com\/belmaroceanfrontapartments\/"]}]}},"_links":{"self":[{"href":"https:\/\/belmar-bonaire.com\/de\/wp-json\/wp\/v2\/pages\/4807","targetHints":{"allow":["GET"]}}],"collection":[{"href":"https:\/\/belmar-bonaire.com\/de\/wp-json\/wp\/v2\/pages"}],"about":[{"href":"https:\/\/belmar-bonaire.com\/de\/wp-json\/wp\/v2\/types\/page"}],"author":[{"embeddable":true,"href":"https:\/\/belmar-bonaire.com\/de\/wp-json\/wp\/v2\/users\/2"}],"replies":[{"embeddable":true,"href":"https:\/\/belmar-bonaire.com\/de\/wp-json\/wp\/v2\/comments?post=4807"}],"version-history":[{"count":4,"href":"https:\/\/belmar-bonaire.com\/de\/wp-json\/wp\/v2\/pages\/4807\/revisions"}],"predecessor-version":[{"id":4900,"href":"https:\/\/belmar-bonaire.com\/de\/wp-json\/wp\/v2\/pages\/4807\/revisions\/4900"}],"wp:attachment":[{"href":"https:\/\/belmar-bonaire.com\/de\/wp-json\/wp\/v2\/media?parent=4807"}],"curies":[{"name":"wp","href":"https:\/\/api.w.org\/{rel}","templated":true}]}}