{"id":4803,"date":"2022-04-25T14:38:49","date_gmt":"2022-04-25T14:38:49","guid":{"rendered":"https:\/\/belmar-bonaire.com\/tauchdienste\/"},"modified":"2022-04-26T19:38:37","modified_gmt":"2022-04-26T19:38:37","slug":"tauchdienste","status":"publish","type":"page","link":"https:\/\/belmar-bonaire.com\/de\/tauchdienste\/","title":{"rendered":"Tauchdienste"},"content":{"rendered":"<div class=\"wpb-content-wrapper\">[vc_row][vc_column][vc_column_text]\n<h1 style=\"text-align: center;\"><small>Belmar Oceanfront Apartments<\/small>TAUCHSERVICE<\/h1>\n[\/vc_column_text][vc_empty_space][vc_row_inner][vc_column_inner width=&#8220;1\/2&#8243;][vc_column_text]\n<h2>Tec-Tauchen<\/h2>\n<p>Es ist vielleicht nicht Ihr erster Gedanke, aber auch f\u00fcr technische Taucher hat Bonaire viel zu bieten!<\/p>\n<p>Und der beste Ort f\u00fcr Tec-Tauchen auf Bonaire ist bei unserem Tauchbetrieb Buddy Dive! Buddy Dive Tek befindet sich im Buddy Dive Resort und ist eine Rebreather-freundliche Einrichtung, die eine Vielzahl von Kursen anbietet, darunter Sidemount, Trimix und Advanced Nitrox bis hin zum Instructor-Level. Dar\u00fcber hinaus haben sie eine eigene Gasmischstation f\u00fcr alle Ihre Bed\u00fcrfnisse beim Tec-Tauchen, einen umfangreichen Ausr\u00fcstungsverleih und vieles mehr!<\/p>\n<p>Neu im Tec Diving und m\u00f6chtest es ausprobieren, bevor du in einen Kurs einsteigst? Buddy Dive Tek bietet auch Discover Tec an; eine halbt\u00e4gige Einf\u00fchrung in das technische Tauchen.[\/vc_column_text][\/vc_column_inner][vc_column_inner width=&#8220;1\/2&#8243;][vc_single_image image=&#8220;4599&#8243; img_size=&#8220;large&#8220;][\/vc_column_inner][\/vc_row_inner][\/vc_column][\/vc_row][vc_row][vc_column width=&#8220;1\/2&#8243;][vc_single_image image=&#8220;4603&#8243; img_size=&#8220;large&#8220;][\/vc_column][vc_column width=&#8220;1\/2&#8243;][vc_column_text]\n<h2>Unterwasserfotografie<\/h2>\n<p>Nur wenige Reiseziele bieten die fotografischen M\u00f6glichkeiten, die Sie hier auf Bonaire finden. Mit unserer unglaublichen Sicht, dem reichen Fischleben und dem gesunden Riffsystem gibt es nat\u00fcrlich viele M\u00f6glichkeiten f\u00fcr Weitwinkel. Aber es ist die F\u00fclle des Makrolebens, die Tag und Nacht sichtbar ist, die uns wirklich auszeichnet. Es \u00fcberrascht nicht, dass Besucher der Insel Bonaire in der j\u00e4hrlichen Leserumfrage des Scuba Diving Magazine regelm\u00e4\u00dfig zu einem der 5 besten Reiseziele f\u00fcr das Makroleben ernannt haben.<\/p>\n<p>Das digitale Fotozentrum im Buddy Dive Resort ist perfekt ausgestattet, um Ihr fotografisches Erlebnis zu einem au\u00dfergew\u00f6hnlichen Erlebnis zu machen. Neben Digitalkamera-Ausr\u00fcstung zum Mieten\/Verkaufen und Foto-Coaching-Sitzungen k\u00f6nnen Sie an Kursen wie PADI U\/W-Spezialit\u00e4ten f\u00fcr Fotografie \/ Videofilmer sowie an 3-t\u00e4gigen Master-Unterwasser-Digitalfoto-Kursen teilnehmen.[\/vc_column_text][vc_btn title=&#8220;Weiterlesen&#8220; color=&#8220;warning&#8220; align=&#8220;left&#8220; link=&#8220;url:https%3A%2F%2Fbuddydive.com%2Fdiving%2Fphoto-center%2F|&#8220;][\/vc_column][\/vc_row][vc_row][vc_column width=&#8220;1\/2&#8243;][vc_column_text]\n<h2 style=\"text-align: center;\">Stiftung zur Erneuerung des Riffs<\/h2>\n<p style=\"text-align: center;\">Die Reef Renewal Foundation Bonaire ist hier, um die lokale Regierung und lokale Umweltsch\u00fctzer dabei zu unterst\u00fctzen, die bestehende genetische Vielfalt von Geweih- und Elchhornkorallen zu erhalten, ein Aufzucht- und Restaurierungsprogramm einzurichten, um die flachen Riffe wiederherzustellen, und mit der Gemeinde zusammenzuarbeiten, um sie zu identifizieren und zu reduzieren Stressfaktoren an Land wie unkontrollierter Regenwasserabfluss und schlechte Abwasserbehandlungsverfahren.<\/p>\n<p style=\"text-align: center;\">Werde Reef Renewal Diver und tauche f\u00fcr einen guten Zweck!<\/p>\n[\/vc_column_text][vc_btn title=&#8220;Weiterlesen&#8220; color=&#8220;warning&#8220; align=&#8220;center&#8220; link=&#8220;url:https%3A%2F%2Fwww.reefrenewalbonaire.org%2F|&#8220;][vc_video link=&#8220;https:\/\/www.youtube.com\/watch?v=nkyq_xNjOHA&#8220;][\/vc_column][vc_column width=&#8220;1\/2&#8243;][vc_column_text]\n<h2 style=\"text-align: center;\">Taucherantriebsfahrzeug<\/h2>\n<p style=\"text-align: center;\">M\u00f6chten Sie in kurzer Zeit viel von Bonaires Unterwassergebiet sehen? Gleiten Sie mit einem Diver Propulsion Vehicle durch das Wasser, ohne zu treten. Ob Landtauchen oder Tauchen von einem Boot aus, DPVs bieten eine sensationelle M\u00f6glichkeit, mehr zu sehen und dabei viel Spa\u00df zu haben.<\/p>\n<p style=\"text-align: center;\">DPVs sind besonders praktisch beim Wracktauchen, da sie Ihnen erm\u00f6glichen, mehr vom Wrack zu besichtigen und Ihren Luftverbrauch zu reduzieren.<\/p>\n[\/vc_column_text][vc_btn title=&#8220;Weiterlesen&#8220; color=&#8220;warning&#8220; align=&#8220;center&#8220; link=&#8220;url:https%3A%2F%2Fbuddydive.com%2Fdiving%2Fdive-courses%2F|&#8220;][vc_video link=&#8220;https:\/\/www.youtube.com\/watch?v=scljTuFH96I&#8220;][\/vc_column][\/vc_row]\n<\/div>","protected":false},"excerpt":{"rendered":"<p>[vc_row][vc_column][vc_column_text] Belmar Oceanfront ApartmentsTAUCHSERVICE [\/vc_column_text][vc_empty_space][vc_row_inner][vc_column_inner width=&#8220;1\/2&#8243;][vc_column_text] Tec-Tauchen Es ist vielleicht nicht Ihr erster Gedanke, aber auch f\u00fcr technische Taucher hat [&hellip;]<\/p>\n","protected":false},"author":2,"featured_media":0,"parent":0,"menu_order":0,"comment_status":"closed","ping_status":"closed","template":"","meta":{"footnotes":""},"class_list":["post-4803","page","type-page","status-publish","hentry"],"yoast_head":"<!-- This site is optimized with the Yoast SEO plugin v27.5 - https:\/\/yoast.com\/product\/yoast-seo-wordpress\/ -->\n<title>Tauchdienste - Belmar Oceanfront Apartments<\/title>\n<meta name=\"description\" content=\"Neben Land- und Bootstauchen bieten wir auf Anfrage auch TEK-Tauchen, Unterwasserfotografiekurse und vieles mehr an.\" \/>\n<meta name=\"robots\" content=\"index, follow, max-snippet:-1, max-image-preview:large, max-video-preview:-1\" \/>\n<link rel=\"canonical\" href=\"https:\/\/belmar-bonaire.com\/de\/tauchdienste\/\" \/>\n<meta property=\"og:locale\" content=\"de_DE\" \/>\n<meta property=\"og:type\" content=\"article\" \/>\n<meta property=\"og:title\" content=\"Tauchdienste - Belmar Oceanfront Apartments\" \/>\n<meta property=\"og:description\" content=\"Neben Land- und Bootstauchen bieten wir auf Anfrage auch TEK-Tauchen, Unterwasserfotografiekurse und vieles mehr an.\" \/>\n<meta property=\"og:url\" content=\"https:\/\/belmar-bonaire.com\/de\/tauchdienste\/\" \/>\n<meta property=\"og:site_name\" content=\"Belmar Oceanfront Apartments\" \/>\n<meta property=\"article:publisher\" content=\"https:\/\/www.facebook.com\/belmaroceanfrontapartments\/\" \/>\n<meta property=\"article:modified_time\" content=\"2022-04-26T19:38:37+00:00\" \/>\n<meta property=\"og:image\" content=\"https:\/\/belmar-bonaire.com\/wp-content\/uploads\/2022\/02\/Belmar-Logo.png\" \/>\n\t<meta property=\"og:image:width\" content=\"1461\" \/>\n\t<meta property=\"og:image:height\" content=\"612\" \/>\n\t<meta property=\"og:image:type\" content=\"image\/png\" \/>\n<meta name=\"twitter:card\" content=\"summary_large_image\" \/>\n<meta name=\"twitter:label1\" content=\"Gesch\u00e4tzte Lesezeit\" \/>\n\t<meta name=\"twitter:data1\" content=\"3\u00a0Minuten\" \/>\n<script type=\"application\/ld+json\" class=\"yoast-schema-graph\">{\"@context\":\"https:\\\/\\\/schema.org\",\"@graph\":[{\"@type\":\"WebPage\",\"@id\":\"https:\\\/\\\/belmar-bonaire.com\\\/de\\\/tauchdienste\\\/\",\"url\":\"https:\\\/\\\/belmar-bonaire.com\\\/de\\\/tauchdienste\\\/\",\"name\":\"Tauchdienste - Belmar Oceanfront Apartments\",\"isPartOf\":{\"@id\":\"https:\\\/\\\/belmar-bonaire.com\\\/#website\"},\"datePublished\":\"2022-04-25T14:38:49+00:00\",\"dateModified\":\"2022-04-26T19:38:37+00:00\",\"description\":\"Neben Land- und Bootstauchen bieten wir auf Anfrage auch TEK-Tauchen, Unterwasserfotografiekurse und vieles mehr an.\",\"breadcrumb\":{\"@id\":\"https:\\\/\\\/belmar-bonaire.com\\\/de\\\/tauchdienste\\\/#breadcrumb\"},\"inLanguage\":\"de\",\"potentialAction\":[{\"@type\":\"ReadAction\",\"target\":[\"https:\\\/\\\/belmar-bonaire.com\\\/de\\\/tauchdienste\\\/\"]}]},{\"@type\":\"BreadcrumbList\",\"@id\":\"https:\\\/\\\/belmar-bonaire.com\\\/de\\\/tauchdienste\\\/#breadcrumb\",\"itemListElement\":[{\"@type\":\"ListItem\",\"position\":1,\"name\":\"Home\",\"item\":\"https:\\\/\\\/belmar-bonaire.com\\\/\"},{\"@type\":\"ListItem\",\"position\":2,\"name\":\"Tauchdienste\"}]},{\"@type\":\"WebSite\",\"@id\":\"https:\\\/\\\/belmar-bonaire.com\\\/#website\",\"url\":\"https:\\\/\\\/belmar-bonaire.com\\\/\",\"name\":\"Belmar Oceanfront Apartments\",\"description\":\"Belmar Bonaire\",\"publisher\":{\"@id\":\"https:\\\/\\\/belmar-bonaire.com\\\/#organization\"},\"potentialAction\":[{\"@type\":\"SearchAction\",\"target\":{\"@type\":\"EntryPoint\",\"urlTemplate\":\"https:\\\/\\\/belmar-bonaire.com\\\/?s={search_term_string}\"},\"query-input\":{\"@type\":\"PropertyValueSpecification\",\"valueRequired\":true,\"valueName\":\"search_term_string\"}}],\"inLanguage\":\"de\"},{\"@type\":\"Organization\",\"@id\":\"https:\\\/\\\/belmar-bonaire.com\\\/#organization\",\"name\":\"Belmar Oceanfront Apartments\",\"url\":\"https:\\\/\\\/belmar-bonaire.com\\\/\",\"logo\":{\"@type\":\"ImageObject\",\"inLanguage\":\"de\",\"@id\":\"https:\\\/\\\/belmar-bonaire.com\\\/#\\\/schema\\\/logo\\\/image\\\/\",\"url\":\"https:\\\/\\\/belmar-bonaire.com\\\/wp-content\\\/uploads\\\/2022\\\/02\\\/Belmar-Logo.png\",\"contentUrl\":\"https:\\\/\\\/belmar-bonaire.com\\\/wp-content\\\/uploads\\\/2022\\\/02\\\/Belmar-Logo.png\",\"width\":1461,\"height\":612,\"caption\":\"Belmar Oceanfront Apartments\"},\"image\":{\"@id\":\"https:\\\/\\\/belmar-bonaire.com\\\/#\\\/schema\\\/logo\\\/image\\\/\"},\"sameAs\":[\"https:\\\/\\\/www.facebook.com\\\/belmaroceanfrontapartments\\\/\",\"https:\\\/\\\/www.instagram.com\\\/belmaroceanfrontapartments\\\/\"]}]}<\/script>\n<!-- \/ Yoast SEO plugin. -->","yoast_head_json":{"title":"Tauchdienste - Belmar Oceanfront Apartments","description":"Neben Land- und Bootstauchen bieten wir auf Anfrage auch TEK-Tauchen, Unterwasserfotografiekurse und vieles mehr an.","robots":{"index":"index","follow":"follow","max-snippet":"max-snippet:-1","max-image-preview":"max-image-preview:large","max-video-preview":"max-video-preview:-1"},"canonical":"https:\/\/belmar-bonaire.com\/de\/tauchdienste\/","og_locale":"de_DE","og_type":"article","og_title":"Tauchdienste - Belmar Oceanfront Apartments","og_description":"Neben Land- und Bootstauchen bieten wir auf Anfrage auch TEK-Tauchen, Unterwasserfotografiekurse und vieles mehr an.","og_url":"https:\/\/belmar-bonaire.com\/de\/tauchdienste\/","og_site_name":"Belmar Oceanfront Apartments","article_publisher":"https:\/\/www.facebook.com\/belmaroceanfrontapartments\/","article_modified_time":"2022-04-26T19:38:37+00:00","og_image":[{"width":1461,"height":612,"url":"https:\/\/belmar-bonaire.com\/wp-content\/uploads\/2022\/02\/Belmar-Logo.png","type":"image\/png"}],"twitter_card":"summary_large_image","twitter_misc":{"Gesch\u00e4tzte Lesezeit":"3\u00a0Minuten"},"schema":{"@context":"https:\/\/schema.org","@graph":[{"@type":"WebPage","@id":"https:\/\/belmar-bonaire.com\/de\/tauchdienste\/","url":"https:\/\/belmar-bonaire.com\/de\/tauchdienste\/","name":"Tauchdienste - Belmar Oceanfront Apartments","isPartOf":{"@id":"https:\/\/belmar-bonaire.com\/#website"},"datePublished":"2022-04-25T14:38:49+00:00","dateModified":"2022-04-26T19:38:37+00:00","description":"Neben Land- und Bootstauchen bieten wir auf Anfrage auch TEK-Tauchen, Unterwasserfotografiekurse und vieles mehr an.","breadcrumb":{"@id":"https:\/\/belmar-bonaire.com\/de\/tauchdienste\/#breadcrumb"},"inLanguage":"de","potentialAction":[{"@type":"ReadAction","target":["https:\/\/belmar-bonaire.com\/de\/tauchdienste\/"]}]},{"@type":"BreadcrumbList","@id":"https:\/\/belmar-bonaire.com\/de\/tauchdienste\/#breadcrumb","itemListElement":[{"@type":"ListItem","position":1,"name":"Home","item":"https:\/\/belmar-bonaire.com\/"},{"@type":"ListItem","position":2,"name":"Tauchdienste"}]},{"@type":"WebSite","@id":"https:\/\/belmar-bonaire.com\/#website","url":"https:\/\/belmar-bonaire.com\/","name":"Belmar Oceanfront Apartments","description":"Belmar Bonaire","publisher":{"@id":"https:\/\/belmar-bonaire.com\/#organization"},"potentialAction":[{"@type":"SearchAction","target":{"@type":"EntryPoint","urlTemplate":"https:\/\/belmar-bonaire.com\/?s={search_term_string}"},"query-input":{"@type":"PropertyValueSpecification","valueRequired":true,"valueName":"search_term_string"}}],"inLanguage":"de"},{"@type":"Organization","@id":"https:\/\/belmar-bonaire.com\/#organization","name":"Belmar Oceanfront Apartments","url":"https:\/\/belmar-bonaire.com\/","logo":{"@type":"ImageObject","inLanguage":"de","@id":"https:\/\/belmar-bonaire.com\/#\/schema\/logo\/image\/","url":"https:\/\/belmar-bonaire.com\/wp-content\/uploads\/2022\/02\/Belmar-Logo.png","contentUrl":"https:\/\/belmar-bonaire.com\/wp-content\/uploads\/2022\/02\/Belmar-Logo.png","width":1461,"height":612,"caption":"Belmar Oceanfront Apartments"},"image":{"@id":"https:\/\/belmar-bonaire.com\/#\/schema\/logo\/image\/"},"sameAs":["https:\/\/www.facebook.com\/belmaroceanfrontapartments\/","https:\/\/www.instagram.com\/belmaroceanfrontapartments\/"]}]}},"_links":{"self":[{"href":"https:\/\/belmar-bonaire.com\/de\/wp-json\/wp\/v2\/pages\/4803","targetHints":{"allow":["GET"]}}],"collection":[{"href":"https:\/\/belmar-bonaire.com\/de\/wp-json\/wp\/v2\/pages"}],"about":[{"href":"https:\/\/belmar-bonaire.com\/de\/wp-json\/wp\/v2\/types\/page"}],"author":[{"embeddable":true,"href":"https:\/\/belmar-bonaire.com\/de\/wp-json\/wp\/v2\/users\/2"}],"replies":[{"embeddable":true,"href":"https:\/\/belmar-bonaire.com\/de\/wp-json\/wp\/v2\/comments?post=4803"}],"version-history":[{"count":3,"href":"https:\/\/belmar-bonaire.com\/de\/wp-json\/wp\/v2\/pages\/4803\/revisions"}],"predecessor-version":[{"id":4806,"href":"https:\/\/belmar-bonaire.com\/de\/wp-json\/wp\/v2\/pages\/4803\/revisions\/4806"}],"wp:attachment":[{"href":"https:\/\/belmar-bonaire.com\/de\/wp-json\/wp\/v2\/media?parent=4803"}],"curies":[{"name":"wp","href":"https:\/\/api.w.org\/{rel}","templated":true}]}}