{"id":4795,"date":"2022-04-25T13:46:20","date_gmt":"2022-04-25T13:46:20","guid":{"rendered":"https:\/\/belmar-bonaire.com\/tauchversicherung\/"},"modified":"2022-04-25T13:46:20","modified_gmt":"2022-04-25T13:46:20","slug":"tauchversicherung","status":"publish","type":"page","link":"https:\/\/belmar-bonaire.com\/de\/tauchversicherung\/","title":{"rendered":"Tauchversicherung"},"content":{"rendered":"<div class=\"wpb-content-wrapper\">[vc_row][vc_column width=&#8220;1\/6&#8243;][\/vc_column][vc_column width=&#8220;2\/3&#8243;][vc_column_text]\n<h1 class=\"text-uppercase\" style=\"text-align: center;\"><small>Belmar Oceanfront Apartments<\/small>Tauchversicherung<\/h1>\n<p>&nbsp;[\/vc_column_text][vc_empty_space][vc_column_text]\n<p style=\"text-align: center;\">Bei der Planung Ihres Tauchurlaubs m\u00f6chten Sie sicherstellen, dass f\u00fcr alles gesorgt ist. Belmar Oceanfront Apartments arbeitet mit DAN World zusammen, um Ihnen eine Auswahl an Tauchversicherungspolicen zu wettbewerbsf\u00e4higen Preisen anzubieten, damit Sie sorglos tauchen k\u00f6nnen.<\/p>\n<p style=\"text-align: center;\">Nat\u00fcrlich m\u00f6chten wir Sie nicht erschrecken, aber die Kosten f\u00fcr medizinische Evakuierung, \u00dcberdruckbehandlungen und medizinische R\u00fcckf\u00fchrung k\u00f6nnen erheblich sein. Die meisten Krankenversicherungen und viele Reiseversicherungen bieten Tauchern eine begrenzte Deckung. Die kurzfristigen Tauchunfallversicherungsprogramme von DAN bieten umfassende Deckung f\u00fcr all diese Ausgaben und sch\u00fctzen Sie vor unvorhergesehenen Notf\u00e4llen, die Ihren Urlaub ruinieren oder dazu f\u00fchren k\u00f6nnen, dass Sie Ihre Reiseinvestitionen verlieren.<\/p>\n<p style=\"text-align: center;\"><strong>DAN World und Belmar Oceanfront Apartments arbeiten eng mit der Dekompressionskammer Bonaire zusammen.<\/strong><\/p>\n[\/vc_column_text][\/vc_column][vc_column width=&#8220;1\/6&#8243;][\/vc_column][\/vc_row][vc_row][vc_column][vc_images_carousel images=&#8220;4573,4563,4499&#8243; slides_per_view=&#8220;3&#8243;][\/vc_column][\/vc_row][vc_row][vc_column width=&#8220;1\/6&#8243;][\/vc_column][vc_column width=&#8220;2\/3&#8243;][vc_column_text]\n<h3 style=\"text-align: center;\">Kurzfristige Tauchunfallversicherung<\/h3>\n<p style=\"text-align: center;\">Der kurzfristige Tauchunfallschutz konzentriert sich auf alles, was beim Tauchen passieren kann. Die Versicherung deckt alle Ihre Tauchaktivit\u00e4ten auf Bonaire ab.<\/p>\n<p style=\"text-align: center;\">Die Programme umfassen Deckung f\u00fcr medizinische Notfallevakuierung, Krankenr\u00fccktransport, medizinische Kosten bei Tauchunf\u00e4llen und vieles mehr.<\/p>\n<p style=\"text-align: center;\">Diese Versicherung kann im Buddy Dive Resort zus\u00e4tzlich zu Ihrer eigenen \u201eregul\u00e4ren\u201c Reiseversicherung gebucht werden.<\/p>\n[\/vc_column_text][\/vc_column][vc_column width=&#8220;1\/6&#8243;][\/vc_column][\/vc_row]\n<\/div>","protected":false},"excerpt":{"rendered":"<p>[vc_row][vc_column width=&#8220;1\/6&#8243;][\/vc_column][vc_column width=&#8220;2\/3&#8243;][vc_column_text] Belmar Oceanfront ApartmentsTauchversicherung &nbsp;[\/vc_column_text][vc_empty_space][vc_column_text] Bei der Planung Ihres Tauchurlaubs m\u00f6chten Sie sicherstellen, dass f\u00fcr alles gesorgt ist. [&hellip;]<\/p>\n","protected":false},"author":2,"featured_media":0,"parent":0,"menu_order":0,"comment_status":"closed","ping_status":"closed","template":"","meta":{"footnotes":""},"class_list":["post-4795","page","type-page","status-publish","hentry"],"yoast_head":"<!-- This site is optimized with the Yoast SEO plugin v27.5 - https:\/\/yoast.com\/product\/yoast-seo-wordpress\/ -->\n<title>Tauchversicherung - Belmar Oceanfront Apartments<\/title>\n<meta name=\"description\" content=\"Bei der Planung Ihres Tauchurlaubs m\u00f6chten Sie sicherstellen, dass f\u00fcr alles gesorgt ist. Belmar Oceanfront Apartments arbeitet mit DAN World zusammen, um Ihnen eine Auswahl an Tauchversicherungspolicen zu wettbewerbsf\u00e4higen Preisen anzubieten, damit Sie sorglos tauchen k\u00f6nnen.\" \/>\n<meta name=\"robots\" content=\"index, follow, max-snippet:-1, max-image-preview:large, max-video-preview:-1\" \/>\n<link rel=\"canonical\" href=\"https:\/\/belmar-bonaire.com\/dive-insurance\/\" \/>\n<meta property=\"og:locale\" content=\"de_DE\" \/>\n<meta property=\"og:type\" content=\"article\" \/>\n<meta property=\"og:title\" content=\"Tauchversicherung - Belmar Oceanfront Apartments\" \/>\n<meta property=\"og:description\" content=\"Bei der Planung Ihres Tauchurlaubs m\u00f6chten Sie sicherstellen, dass f\u00fcr alles gesorgt ist. Belmar Oceanfront Apartments arbeitet mit DAN World zusammen, um Ihnen eine Auswahl an Tauchversicherungspolicen zu wettbewerbsf\u00e4higen Preisen anzubieten, damit Sie sorglos tauchen k\u00f6nnen.\" \/>\n<meta property=\"og:url\" content=\"https:\/\/belmar-bonaire.com\/dive-insurance\/\" \/>\n<meta property=\"og:site_name\" content=\"Belmar Oceanfront Apartments\" \/>\n<meta property=\"article:publisher\" content=\"https:\/\/www.facebook.com\/belmaroceanfrontapartments\/\" \/>\n<meta property=\"og:image\" content=\"https:\/\/belmar-bonaire.com\/wp-content\/uploads\/2022\/02\/Belmar-Logo.png\" \/>\n\t<meta property=\"og:image:width\" content=\"1461\" \/>\n\t<meta property=\"og:image:height\" content=\"612\" \/>\n\t<meta property=\"og:image:type\" content=\"image\/png\" \/>\n<meta name=\"twitter:card\" content=\"summary_large_image\" \/>\n<meta name=\"twitter:label1\" content=\"Gesch\u00e4tzte Lesezeit\" \/>\n\t<meta name=\"twitter:data1\" content=\"1\u00a0Minute\" \/>\n<script type=\"application\/ld+json\" class=\"yoast-schema-graph\">{\"@context\":\"https:\\\/\\\/schema.org\",\"@graph\":[{\"@type\":\"WebPage\",\"@id\":\"https:\\\/\\\/belmar-bonaire.com\\\/dive-insurance\\\/\",\"url\":\"https:\\\/\\\/belmar-bonaire.com\\\/dive-insurance\\\/\",\"name\":\"Tauchversicherung - Belmar Oceanfront Apartments\",\"isPartOf\":{\"@id\":\"https:\\\/\\\/belmar-bonaire.com\\\/#website\"},\"datePublished\":\"2022-04-25T13:46:20+00:00\",\"description\":\"Bei der Planung Ihres Tauchurlaubs m\u00f6chten Sie sicherstellen, dass f\u00fcr alles gesorgt ist. Belmar Oceanfront Apartments arbeitet mit DAN World zusammen, um Ihnen eine Auswahl an Tauchversicherungspolicen zu wettbewerbsf\u00e4higen Preisen anzubieten, damit Sie sorglos tauchen k\u00f6nnen.\",\"breadcrumb\":{\"@id\":\"https:\\\/\\\/belmar-bonaire.com\\\/dive-insurance\\\/#breadcrumb\"},\"inLanguage\":\"de\",\"potentialAction\":[{\"@type\":\"ReadAction\",\"target\":[\"https:\\\/\\\/belmar-bonaire.com\\\/dive-insurance\\\/\"]}]},{\"@type\":\"BreadcrumbList\",\"@id\":\"https:\\\/\\\/belmar-bonaire.com\\\/dive-insurance\\\/#breadcrumb\",\"itemListElement\":[{\"@type\":\"ListItem\",\"position\":1,\"name\":\"Home\",\"item\":\"https:\\\/\\\/belmar-bonaire.com\\\/\"},{\"@type\":\"ListItem\",\"position\":2,\"name\":\"Tauchversicherung\"}]},{\"@type\":\"WebSite\",\"@id\":\"https:\\\/\\\/belmar-bonaire.com\\\/#website\",\"url\":\"https:\\\/\\\/belmar-bonaire.com\\\/\",\"name\":\"Belmar Oceanfront Apartments\",\"description\":\"Belmar Bonaire\",\"publisher\":{\"@id\":\"https:\\\/\\\/belmar-bonaire.com\\\/#organization\"},\"potentialAction\":[{\"@type\":\"SearchAction\",\"target\":{\"@type\":\"EntryPoint\",\"urlTemplate\":\"https:\\\/\\\/belmar-bonaire.com\\\/?s={search_term_string}\"},\"query-input\":{\"@type\":\"PropertyValueSpecification\",\"valueRequired\":true,\"valueName\":\"search_term_string\"}}],\"inLanguage\":\"de\"},{\"@type\":\"Organization\",\"@id\":\"https:\\\/\\\/belmar-bonaire.com\\\/#organization\",\"name\":\"Belmar Oceanfront Apartments\",\"url\":\"https:\\\/\\\/belmar-bonaire.com\\\/\",\"logo\":{\"@type\":\"ImageObject\",\"inLanguage\":\"de\",\"@id\":\"https:\\\/\\\/belmar-bonaire.com\\\/#\\\/schema\\\/logo\\\/image\\\/\",\"url\":\"https:\\\/\\\/belmar-bonaire.com\\\/wp-content\\\/uploads\\\/2022\\\/02\\\/Belmar-Logo.png\",\"contentUrl\":\"https:\\\/\\\/belmar-bonaire.com\\\/wp-content\\\/uploads\\\/2022\\\/02\\\/Belmar-Logo.png\",\"width\":1461,\"height\":612,\"caption\":\"Belmar Oceanfront Apartments\"},\"image\":{\"@id\":\"https:\\\/\\\/belmar-bonaire.com\\\/#\\\/schema\\\/logo\\\/image\\\/\"},\"sameAs\":[\"https:\\\/\\\/www.facebook.com\\\/belmaroceanfrontapartments\\\/\",\"https:\\\/\\\/www.instagram.com\\\/belmaroceanfrontapartments\\\/\"]}]}<\/script>\n<!-- \/ Yoast SEO plugin. -->","yoast_head_json":{"title":"Tauchversicherung - Belmar Oceanfront Apartments","description":"Bei der Planung Ihres Tauchurlaubs m\u00f6chten Sie sicherstellen, dass f\u00fcr alles gesorgt ist. Belmar Oceanfront Apartments arbeitet mit DAN World zusammen, um Ihnen eine Auswahl an Tauchversicherungspolicen zu wettbewerbsf\u00e4higen Preisen anzubieten, damit Sie sorglos tauchen k\u00f6nnen.","robots":{"index":"index","follow":"follow","max-snippet":"max-snippet:-1","max-image-preview":"max-image-preview:large","max-video-preview":"max-video-preview:-1"},"canonical":"https:\/\/belmar-bonaire.com\/dive-insurance\/","og_locale":"de_DE","og_type":"article","og_title":"Tauchversicherung - Belmar Oceanfront Apartments","og_description":"Bei der Planung Ihres Tauchurlaubs m\u00f6chten Sie sicherstellen, dass f\u00fcr alles gesorgt ist. Belmar Oceanfront Apartments arbeitet mit DAN World zusammen, um Ihnen eine Auswahl an Tauchversicherungspolicen zu wettbewerbsf\u00e4higen Preisen anzubieten, damit Sie sorglos tauchen k\u00f6nnen.","og_url":"https:\/\/belmar-bonaire.com\/dive-insurance\/","og_site_name":"Belmar Oceanfront Apartments","article_publisher":"https:\/\/www.facebook.com\/belmaroceanfrontapartments\/","og_image":[{"width":1461,"height":612,"url":"https:\/\/belmar-bonaire.com\/wp-content\/uploads\/2022\/02\/Belmar-Logo.png","type":"image\/png"}],"twitter_card":"summary_large_image","twitter_misc":{"Gesch\u00e4tzte Lesezeit":"1\u00a0Minute"},"schema":{"@context":"https:\/\/schema.org","@graph":[{"@type":"WebPage","@id":"https:\/\/belmar-bonaire.com\/dive-insurance\/","url":"https:\/\/belmar-bonaire.com\/dive-insurance\/","name":"Tauchversicherung - Belmar Oceanfront Apartments","isPartOf":{"@id":"https:\/\/belmar-bonaire.com\/#website"},"datePublished":"2022-04-25T13:46:20+00:00","description":"Bei der Planung Ihres Tauchurlaubs m\u00f6chten Sie sicherstellen, dass f\u00fcr alles gesorgt ist. Belmar Oceanfront Apartments arbeitet mit DAN World zusammen, um Ihnen eine Auswahl an Tauchversicherungspolicen zu wettbewerbsf\u00e4higen Preisen anzubieten, damit Sie sorglos tauchen k\u00f6nnen.","breadcrumb":{"@id":"https:\/\/belmar-bonaire.com\/dive-insurance\/#breadcrumb"},"inLanguage":"de","potentialAction":[{"@type":"ReadAction","target":["https:\/\/belmar-bonaire.com\/dive-insurance\/"]}]},{"@type":"BreadcrumbList","@id":"https:\/\/belmar-bonaire.com\/dive-insurance\/#breadcrumb","itemListElement":[{"@type":"ListItem","position":1,"name":"Home","item":"https:\/\/belmar-bonaire.com\/"},{"@type":"ListItem","position":2,"name":"Tauchversicherung"}]},{"@type":"WebSite","@id":"https:\/\/belmar-bonaire.com\/#website","url":"https:\/\/belmar-bonaire.com\/","name":"Belmar Oceanfront Apartments","description":"Belmar Bonaire","publisher":{"@id":"https:\/\/belmar-bonaire.com\/#organization"},"potentialAction":[{"@type":"SearchAction","target":{"@type":"EntryPoint","urlTemplate":"https:\/\/belmar-bonaire.com\/?s={search_term_string}"},"query-input":{"@type":"PropertyValueSpecification","valueRequired":true,"valueName":"search_term_string"}}],"inLanguage":"de"},{"@type":"Organization","@id":"https:\/\/belmar-bonaire.com\/#organization","name":"Belmar Oceanfront Apartments","url":"https:\/\/belmar-bonaire.com\/","logo":{"@type":"ImageObject","inLanguage":"de","@id":"https:\/\/belmar-bonaire.com\/#\/schema\/logo\/image\/","url":"https:\/\/belmar-bonaire.com\/wp-content\/uploads\/2022\/02\/Belmar-Logo.png","contentUrl":"https:\/\/belmar-bonaire.com\/wp-content\/uploads\/2022\/02\/Belmar-Logo.png","width":1461,"height":612,"caption":"Belmar Oceanfront Apartments"},"image":{"@id":"https:\/\/belmar-bonaire.com\/#\/schema\/logo\/image\/"},"sameAs":["https:\/\/www.facebook.com\/belmaroceanfrontapartments\/","https:\/\/www.instagram.com\/belmaroceanfrontapartments\/"]}]}},"_links":{"self":[{"href":"https:\/\/belmar-bonaire.com\/de\/wp-json\/wp\/v2\/pages\/4795","targetHints":{"allow":["GET"]}}],"collection":[{"href":"https:\/\/belmar-bonaire.com\/de\/wp-json\/wp\/v2\/pages"}],"about":[{"href":"https:\/\/belmar-bonaire.com\/de\/wp-json\/wp\/v2\/types\/page"}],"author":[{"embeddable":true,"href":"https:\/\/belmar-bonaire.com\/de\/wp-json\/wp\/v2\/users\/2"}],"replies":[{"embeddable":true,"href":"https:\/\/belmar-bonaire.com\/de\/wp-json\/wp\/v2\/comments?post=4795"}],"version-history":[{"count":3,"href":"https:\/\/belmar-bonaire.com\/de\/wp-json\/wp\/v2\/pages\/4795\/revisions"}],"predecessor-version":[{"id":4798,"href":"https:\/\/belmar-bonaire.com\/de\/wp-json\/wp\/v2\/pages\/4795\/revisions\/4798"}],"wp:attachment":[{"href":"https:\/\/belmar-bonaire.com\/de\/wp-json\/wp\/v2\/media?parent=4795"}],"curies":[{"name":"wp","href":"https:\/\/api.w.org\/{rel}","templated":true}]}}