{"id":4788,"date":"2022-04-25T13:40:55","date_gmt":"2022-04-25T13:40:55","guid":{"rendered":"https:\/\/belmar-bonaire.com\/autovermietung\/"},"modified":"2025-12-03T14:45:49","modified_gmt":"2025-12-03T14:45:49","slug":"autovermietung","status":"publish","type":"page","link":"https:\/\/belmar-bonaire.com\/de\/autovermietung\/","title":{"rendered":"Autovermietung"},"content":{"rendered":"<div class=\"wpb-content-wrapper\">[vc_row][vc_column width=&#8220;1\/6&#8243;][\/vc_column][vc_column width=&#8220;2\/3&#8243;][vc_column_text]\n<h1 style=\"text-align: center;\"><small>Belmar Oceanfront Apartments<\/small>AUTOVERMIETUNG<\/h1>\n[\/vc_column_text][vc_empty_space][vc_column_text css=&#8220;&#8220;]\n<p style=\"text-align: center;\" data-start=\"96\" data-end=\"506\">At <strong data-start=\"99\" data-end=\"131\">Belmar Oceanfront Apartments<\/strong>, we offer our guests the convenience of a reliable rental fleet, exclusively available for our visitors. This allows you to fully enjoy the untouched, natural beauty of Bonaire the way it\u2019s meant to be experienced. There\u2019s no better way to explore both the island\u2019s breathtaking landscapes and its vibrant underwater world than with our <strong data-start=\"469\" data-end=\"496\">Drive &amp; Dive on Bonaire<\/strong> packages.<\/p>\n<p><\/p>\n<p style=\"text-align: center;\" data-start=\"508\" data-end=\"742\">Our fleet includes both single and double-cabin pickup trucks, designed for both comfort and utility. These vehicles are included in our Drive &amp; Dive packages, and the type of vehicle you receive will depend on the room type you book.<\/p>\n<p><\/p>\n<p style=\"text-align: center;\" data-start=\"744\" data-end=\"1017\">Each truck is equipped with a manual transmission, ample space for dive gear, air-conditioning, automatic windows, and comfortable seating. Built to withstand Bonaire\u2019s rugged terrain, they are ideal for exploring the island\u2019s many shore dive spots and tourist attractions.<\/p>\n<p><\/p>\n<p style=\"text-align: center;\" data-start=\"1019\" data-end=\"1270\">Driving one of our trucks is the perfect way to experience the best of Bonaire. Plan ahead and reserve your vehicle as part of your vacation package. Guests booking our <strong data-start=\"1188\" data-end=\"1212\">Drive &amp; Dive Package<\/strong> automatically receive their vehicle at a discounted rate.<\/p>\n<p><\/p>\n<p style=\"text-align: center;\" data-start=\"1272\" data-end=\"1370\">Why wait? Book your car rental at <strong data-start=\"1306\" data-end=\"1338\">Belmar Oceanfront Apartments<\/strong> today and start your adventure!<\/p>\n<p><\/p>\n<p style=\"text-align: center;\"><strong>Please note: In order to rent and drive one of our cars, you have to be 23 years or older.\u00a0<\/strong><\/p>\n<p>&nbsp;[\/vc_column_text][\/vc_column][vc_column width=&#8220;1\/6&#8243;][\/vc_column][\/vc_row][vc_row][vc_column width=&#8220;1\/2&#8243;][vc_images_carousel images=&#8220;4629,9418&#8243; css=&#8220;&#8220;][\/vc_column][vc_column width=&#8220;1\/2&#8243;][vc_cta h2=&#8220;&#8220; css=&#8220;&#8220;]\n<h3 style=\"text-align: center;\">Rental Price<\/h3>\n<p><\/p>\n<table class=\"table table-responsive aligncenter\">\n<tbody>\n<tr>\n<td class=\"text-left\"><strong>Type of vehicle<\/strong><\/td>\n<td class=\"text-right\"><strong>Weekly<\/strong><\/td>\n<td class=\"text-left\">Daily<\/td>\n<td class=\"text-left\">Daily (more then 7 days)<\/td>\n<\/tr>\n<tr>\n<td class=\"text-left\">Pickup truck<\/td>\n<td class=\"text-right\">$577.50<\/td>\n<td class=\"text-left\">$85.50<\/td>\n<td class=\"text-left\">$82.50<\/td>\n<\/tr>\n<tr>\n<td class=\"text-left\"><\/td>\n<td class=\"text-right\"><\/td>\n<td class=\"text-left\"><\/td>\n<\/tr>\n<\/tbody>\n<\/table>\n<p><\/p>\n<p style=\"text-align: center;\">Note: Prices are subject to change<\/p>\n[\/vc_cta][\/vc_column][\/vc_row]\n<\/div>","protected":false},"excerpt":{"rendered":"<p>[vc_row][vc_column width=&#8220;1\/6&#8243;][\/vc_column][vc_column width=&#8220;2\/3&#8243;][vc_column_text] Belmar Oceanfront ApartmentsAUTOVERMIETUNG [\/vc_column_text][vc_empty_space][vc_column_text css=&#8220;&#8220;] At Belmar Oceanfront Apartments, we offer our guests the convenience of a [&hellip;]<\/p>\n","protected":false},"author":2,"featured_media":0,"parent":0,"menu_order":0,"comment_status":"closed","ping_status":"closed","template":"","meta":{"footnotes":""},"class_list":["post-4788","page","type-page","status-publish","hentry"],"yoast_head":"<!-- This site is optimized with the Yoast SEO plugin v27.5 - https:\/\/yoast.com\/product\/yoast-seo-wordpress\/ -->\n<title>Autovermietung - Belmar Oceanfront Apartments<\/title>\n<meta name=\"description\" content=\"In den Belmar Oceanfront Apartments bieten wir komfortable Mietfahrzeuge nur f\u00fcr unsere G\u00e4ste an. Wir sorgen daf\u00fcr, dass Sie unsere Insel so genie\u00dfen k\u00f6nnen, wie sie sein soll.\" \/>\n<meta name=\"robots\" content=\"index, follow, max-snippet:-1, max-image-preview:large, max-video-preview:-1\" \/>\n<link rel=\"canonical\" href=\"https:\/\/belmar-bonaire.com\/car-rental\/\" \/>\n<meta property=\"og:locale\" content=\"de_DE\" \/>\n<meta property=\"og:type\" content=\"article\" \/>\n<meta property=\"og:title\" content=\"Autovermietung - Belmar Oceanfront Apartments\" \/>\n<meta property=\"og:description\" content=\"In den Belmar Oceanfront Apartments bieten wir komfortable Mietfahrzeuge nur f\u00fcr unsere G\u00e4ste an. Wir sorgen daf\u00fcr, dass Sie unsere Insel so genie\u00dfen k\u00f6nnen, wie sie sein soll.\" \/>\n<meta property=\"og:url\" content=\"https:\/\/belmar-bonaire.com\/car-rental\/\" \/>\n<meta property=\"og:site_name\" content=\"Belmar Oceanfront Apartments\" \/>\n<meta property=\"article:publisher\" content=\"https:\/\/www.facebook.com\/belmaroceanfrontapartments\/\" \/>\n<meta property=\"article:modified_time\" content=\"2025-12-03T14:45:49+00:00\" \/>\n<meta property=\"og:image\" content=\"https:\/\/belmar-bonaire.com\/wp-content\/uploads\/2022\/02\/Belmar-Logo.png\" \/>\n\t<meta property=\"og:image:width\" content=\"1461\" \/>\n\t<meta property=\"og:image:height\" content=\"612\" \/>\n\t<meta property=\"og:image:type\" content=\"image\/png\" \/>\n<meta name=\"twitter:card\" content=\"summary_large_image\" \/>\n<meta name=\"twitter:label1\" content=\"Gesch\u00e4tzte Lesezeit\" \/>\n\t<meta name=\"twitter:data1\" content=\"2\u00a0Minuten\" \/>\n<script type=\"application\/ld+json\" class=\"yoast-schema-graph\">{\"@context\":\"https:\\\/\\\/schema.org\",\"@graph\":[{\"@type\":\"WebPage\",\"@id\":\"https:\\\/\\\/belmar-bonaire.com\\\/car-rental\\\/\",\"url\":\"https:\\\/\\\/belmar-bonaire.com\\\/car-rental\\\/\",\"name\":\"Autovermietung - Belmar Oceanfront Apartments\",\"isPartOf\":{\"@id\":\"https:\\\/\\\/belmar-bonaire.com\\\/#website\"},\"datePublished\":\"2022-04-25T13:40:55+00:00\",\"dateModified\":\"2025-12-03T14:45:49+00:00\",\"description\":\"In den Belmar Oceanfront Apartments bieten wir komfortable Mietfahrzeuge nur f\u00fcr unsere G\u00e4ste an. Wir sorgen daf\u00fcr, dass Sie unsere Insel so genie\u00dfen k\u00f6nnen, wie sie sein soll.\",\"breadcrumb\":{\"@id\":\"https:\\\/\\\/belmar-bonaire.com\\\/car-rental\\\/#breadcrumb\"},\"inLanguage\":\"de\",\"potentialAction\":[{\"@type\":\"ReadAction\",\"target\":[\"https:\\\/\\\/belmar-bonaire.com\\\/car-rental\\\/\"]}]},{\"@type\":\"BreadcrumbList\",\"@id\":\"https:\\\/\\\/belmar-bonaire.com\\\/car-rental\\\/#breadcrumb\",\"itemListElement\":[{\"@type\":\"ListItem\",\"position\":1,\"name\":\"Home\",\"item\":\"https:\\\/\\\/belmar-bonaire.com\\\/\"},{\"@type\":\"ListItem\",\"position\":2,\"name\":\"Autovermietung\"}]},{\"@type\":\"WebSite\",\"@id\":\"https:\\\/\\\/belmar-bonaire.com\\\/#website\",\"url\":\"https:\\\/\\\/belmar-bonaire.com\\\/\",\"name\":\"Belmar Oceanfront Apartments\",\"description\":\"Belmar Bonaire\",\"publisher\":{\"@id\":\"https:\\\/\\\/belmar-bonaire.com\\\/#organization\"},\"potentialAction\":[{\"@type\":\"SearchAction\",\"target\":{\"@type\":\"EntryPoint\",\"urlTemplate\":\"https:\\\/\\\/belmar-bonaire.com\\\/?s={search_term_string}\"},\"query-input\":{\"@type\":\"PropertyValueSpecification\",\"valueRequired\":true,\"valueName\":\"search_term_string\"}}],\"inLanguage\":\"de\"},{\"@type\":\"Organization\",\"@id\":\"https:\\\/\\\/belmar-bonaire.com\\\/#organization\",\"name\":\"Belmar Oceanfront Apartments\",\"url\":\"https:\\\/\\\/belmar-bonaire.com\\\/\",\"logo\":{\"@type\":\"ImageObject\",\"inLanguage\":\"de\",\"@id\":\"https:\\\/\\\/belmar-bonaire.com\\\/#\\\/schema\\\/logo\\\/image\\\/\",\"url\":\"https:\\\/\\\/belmar-bonaire.com\\\/wp-content\\\/uploads\\\/2022\\\/02\\\/Belmar-Logo.png\",\"contentUrl\":\"https:\\\/\\\/belmar-bonaire.com\\\/wp-content\\\/uploads\\\/2022\\\/02\\\/Belmar-Logo.png\",\"width\":1461,\"height\":612,\"caption\":\"Belmar Oceanfront Apartments\"},\"image\":{\"@id\":\"https:\\\/\\\/belmar-bonaire.com\\\/#\\\/schema\\\/logo\\\/image\\\/\"},\"sameAs\":[\"https:\\\/\\\/www.facebook.com\\\/belmaroceanfrontapartments\\\/\",\"https:\\\/\\\/www.instagram.com\\\/belmaroceanfrontapartments\\\/\"]}]}<\/script>\n<!-- \/ Yoast SEO plugin. -->","yoast_head_json":{"title":"Autovermietung - Belmar Oceanfront Apartments","description":"In den Belmar Oceanfront Apartments bieten wir komfortable Mietfahrzeuge nur f\u00fcr unsere G\u00e4ste an. Wir sorgen daf\u00fcr, dass Sie unsere Insel so genie\u00dfen k\u00f6nnen, wie sie sein soll.","robots":{"index":"index","follow":"follow","max-snippet":"max-snippet:-1","max-image-preview":"max-image-preview:large","max-video-preview":"max-video-preview:-1"},"canonical":"https:\/\/belmar-bonaire.com\/car-rental\/","og_locale":"de_DE","og_type":"article","og_title":"Autovermietung - Belmar Oceanfront Apartments","og_description":"In den Belmar Oceanfront Apartments bieten wir komfortable Mietfahrzeuge nur f\u00fcr unsere G\u00e4ste an. Wir sorgen daf\u00fcr, dass Sie unsere Insel so genie\u00dfen k\u00f6nnen, wie sie sein soll.","og_url":"https:\/\/belmar-bonaire.com\/car-rental\/","og_site_name":"Belmar Oceanfront Apartments","article_publisher":"https:\/\/www.facebook.com\/belmaroceanfrontapartments\/","article_modified_time":"2025-12-03T14:45:49+00:00","og_image":[{"width":1461,"height":612,"url":"https:\/\/belmar-bonaire.com\/wp-content\/uploads\/2022\/02\/Belmar-Logo.png","type":"image\/png"}],"twitter_card":"summary_large_image","twitter_misc":{"Gesch\u00e4tzte Lesezeit":"2\u00a0Minuten"},"schema":{"@context":"https:\/\/schema.org","@graph":[{"@type":"WebPage","@id":"https:\/\/belmar-bonaire.com\/car-rental\/","url":"https:\/\/belmar-bonaire.com\/car-rental\/","name":"Autovermietung - Belmar Oceanfront Apartments","isPartOf":{"@id":"https:\/\/belmar-bonaire.com\/#website"},"datePublished":"2022-04-25T13:40:55+00:00","dateModified":"2025-12-03T14:45:49+00:00","description":"In den Belmar Oceanfront Apartments bieten wir komfortable Mietfahrzeuge nur f\u00fcr unsere G\u00e4ste an. Wir sorgen daf\u00fcr, dass Sie unsere Insel so genie\u00dfen k\u00f6nnen, wie sie sein soll.","breadcrumb":{"@id":"https:\/\/belmar-bonaire.com\/car-rental\/#breadcrumb"},"inLanguage":"de","potentialAction":[{"@type":"ReadAction","target":["https:\/\/belmar-bonaire.com\/car-rental\/"]}]},{"@type":"BreadcrumbList","@id":"https:\/\/belmar-bonaire.com\/car-rental\/#breadcrumb","itemListElement":[{"@type":"ListItem","position":1,"name":"Home","item":"https:\/\/belmar-bonaire.com\/"},{"@type":"ListItem","position":2,"name":"Autovermietung"}]},{"@type":"WebSite","@id":"https:\/\/belmar-bonaire.com\/#website","url":"https:\/\/belmar-bonaire.com\/","name":"Belmar Oceanfront Apartments","description":"Belmar Bonaire","publisher":{"@id":"https:\/\/belmar-bonaire.com\/#organization"},"potentialAction":[{"@type":"SearchAction","target":{"@type":"EntryPoint","urlTemplate":"https:\/\/belmar-bonaire.com\/?s={search_term_string}"},"query-input":{"@type":"PropertyValueSpecification","valueRequired":true,"valueName":"search_term_string"}}],"inLanguage":"de"},{"@type":"Organization","@id":"https:\/\/belmar-bonaire.com\/#organization","name":"Belmar Oceanfront Apartments","url":"https:\/\/belmar-bonaire.com\/","logo":{"@type":"ImageObject","inLanguage":"de","@id":"https:\/\/belmar-bonaire.com\/#\/schema\/logo\/image\/","url":"https:\/\/belmar-bonaire.com\/wp-content\/uploads\/2022\/02\/Belmar-Logo.png","contentUrl":"https:\/\/belmar-bonaire.com\/wp-content\/uploads\/2022\/02\/Belmar-Logo.png","width":1461,"height":612,"caption":"Belmar Oceanfront Apartments"},"image":{"@id":"https:\/\/belmar-bonaire.com\/#\/schema\/logo\/image\/"},"sameAs":["https:\/\/www.facebook.com\/belmaroceanfrontapartments\/","https:\/\/www.instagram.com\/belmaroceanfrontapartments\/"]}]}},"_links":{"self":[{"href":"https:\/\/belmar-bonaire.com\/de\/wp-json\/wp\/v2\/pages\/4788","targetHints":{"allow":["GET"]}}],"collection":[{"href":"https:\/\/belmar-bonaire.com\/de\/wp-json\/wp\/v2\/pages"}],"about":[{"href":"https:\/\/belmar-bonaire.com\/de\/wp-json\/wp\/v2\/types\/page"}],"author":[{"embeddable":true,"href":"https:\/\/belmar-bonaire.com\/de\/wp-json\/wp\/v2\/users\/2"}],"replies":[{"embeddable":true,"href":"https:\/\/belmar-bonaire.com\/de\/wp-json\/wp\/v2\/comments?post=4788"}],"version-history":[{"count":26,"href":"https:\/\/belmar-bonaire.com\/de\/wp-json\/wp\/v2\/pages\/4788\/revisions"}],"predecessor-version":[{"id":10177,"href":"https:\/\/belmar-bonaire.com\/de\/wp-json\/wp\/v2\/pages\/4788\/revisions\/10177"}],"wp:attachment":[{"href":"https:\/\/belmar-bonaire.com\/de\/wp-json\/wp\/v2\/media?parent=4788"}],"curies":[{"name":"wp","href":"https:\/\/api.w.org\/{rel}","templated":true}]}}