{"id":4780,"date":"2022-04-25T13:19:46","date_gmt":"2022-04-25T13:19:46","guid":{"rendered":"https:\/\/belmar-bonaire.com\/aktivitaeten\/"},"modified":"2024-06-14T20:10:27","modified_gmt":"2024-06-14T20:10:27","slug":"aktivitaeten","status":"publish","type":"page","link":"https:\/\/belmar-bonaire.com\/de\/aktivitaeten\/","title":{"rendered":"Aktivit\u00e4ten"},"content":{"rendered":"<div class=\"wpb-content-wrapper\">[vc_row full_width=&#8220;stretch_row&#8220; css=&#8220;.vc_custom_1647356338128{background-position: center !important;background-repeat: no-repeat !important;background-size: cover !important;}&#8220;][vc_column][vc_column_text]\n<h2 style=\"text-align: center;\"><small>Belmar Oceanfront Apartments<\/small>AKTIVIT\u00c4TEN AUF BONAIRE<\/h2>\n[\/vc_column_text][\/vc_column][\/vc_row][vc_row full_width=&#8220;stretch_row&#8220; css=&#8220;.vc_custom_1647356338128{background-position: center !important;background-repeat: no-repeat !important;background-size: cover !important;}&#8220;][vc_column width=&#8220;1\/2&#8243;][vc_single_image image=&#8220;4549&#8243; img_size=&#8220;large&#8220;][\/vc_column][vc_column width=&#8220;1\/2&#8243;][vc_column_text]\n<h2><small>Belmar Oceanfront Apartments<\/small>Aktivit\u00e4ten<\/h2>\n<p class=\"lead\">Bonaire ist die perfekte Insel f\u00fcr Aktivit\u00e4ten im Freien, sei es unter Wasser, auf dem Wasser oder an Land. Belmar Apartments ist Ihnen gerne bei der Organisation Ihrer Aktivit\u00e4ten behilflich. Sie k\u00f6nnen Aktivit\u00e4tspakete wie Kinderprogramm, Windsurfen, Tauchen und Sightseeing im Voraus arrangieren oder Sie k\u00f6nnen einfach w\u00e4hrend Ihres Urlaubs in unserem B\u00fcro vorbeikommen, um Aktivit\u00e4ten in letzter Minute zu buchen.<\/p>\n<p>Sie k\u00f6nnen Ihrer Belmar-Reservierung eine Vielzahl von Aktivit\u00e4ten hinzuf\u00fcgen oder uns sp\u00e4ter eine E-Mail schicken, wenn Ihr Urlaub in greifbarer N\u00e4he ist. Tauchen, Schnorcheln und Schwimmen k\u00f6nnen Sie direkt von unserem Privatpier aus genie\u00dfen. Unser Tauchshop vor Ort bietet Ihnen Leihausr\u00fcstung, Luftf\u00fcllungen und Bootstauchg\u00e4nge. Wir haben unser &#8222;Drive, Dive and Stay&#8220;-Paket speziell f\u00fcr Taucher zusammengestellt.[\/vc_column_text][\/vc_column][\/vc_row][vc_row full_width=&#8220;stretch_row&#8220; css=&#8220;.vc_custom_1647373021577{background-color: #ededed !important;}&#8220;][vc_column width=&#8220;1\/4&#8243;][vc_column_text]\n<h2>Schnorchelausflug mit dem Boot<\/h2>\n<p>Lassen Sie sich mit dem Boot nach Klein Bonaire bringen und entdecken Sie die flachen Riffe rund um diese wundersch\u00f6ne Insel vor der K\u00fcste von Bonaire. Lassen Sie sich einfach treiben und beobachten Sie die sch\u00f6ne Unterwasserwelt. Sie m\u00f6chten eine Pause einlegen? Der Strand mit seinem wei\u00dfen Natursand ist eine gute Gelegenheit f\u00fcr alle, die sich vor der Heimreise noch eine sch\u00f6ne Sonnenbr\u00e4une g\u00f6nnen m\u00f6chten.[\/vc_column_text][\/vc_column][vc_column width=&#8220;3\/4&#8243;][vc_single_image image=&#8220;4367&#8243; img_size=&#8220;large&#8220; alignment=&#8220;right&#8220;][\/vc_column][\/vc_row][vc_row][vc_column width=&#8220;3\/4&#8243;][vc_single_image image=&#8220;4363&#8243; img_size=&#8220;large&#8220;][\/vc_column][vc_column width=&#8220;1\/4&#8243;][vc_column_text]\n<h2>Mangroven-Schnorcheln<\/h2>\n<p>Das rote Mangrovenlabyrinth und seine wunderbare Umgebung sind ein hervorragendes Gebiet zum Schnorcheln. In Begleitung eines F\u00fchrers werden Sie erleben, dass Schnorcheln nicht nur eine gew\u00f6hnliche Fischbeobachtungstechnik ist. Lassen Sie sich vom F\u00fchrer alles \u00fcber die Mangroven erz\u00e4hlen und genie\u00dfen Sie die &#8222;Kinderstube&#8220; des Ozeans.[\/vc_column_text][\/vc_column][\/vc_row][vc_row full_width=&#8220;stretch_row&#8220; css=&#8220;.vc_custom_1647373071066{background-color: #ededed !important;}&#8220;][vc_column width=&#8220;1\/4&#8243;][vc_column_text]\n<h2>Mangroven-Kajak<\/h2>\n<p>Erkunden Sie das rote Mangrovenlabyrinth von Bonaire in einem Kajak, w\u00e4hrend Sie sich durch die gesch\u00fctzten Buchten schl\u00e4ngeln. Ein erfahrener F\u00fchrer wird Sie in die besondere Umgebung der Mangroven einf\u00fchren.[\/vc_column_text][\/vc_column][vc_column width=&#8220;3\/4&#8243;][vc_single_image image=&#8220;4369&#8243; img_size=&#8220;large&#8220; alignment=&#8220;right&#8220;][\/vc_column][\/vc_row][vc_row][vc_column width=&#8220;3\/4&#8243;][vc_single_image image=&#8220;4553&#8243; img_size=&#8220;large&#8220;][\/vc_column][vc_column width=&#8220;1\/4&#8243;][vc_column_text]\n<h2>H\u00f6hlenerkundung &amp; Schnorcheln<\/h2>\n<p>Statt unter Wasser zu gehen, gehen Sie unter die Erde! Der F\u00fchrer nimmt Sie mit auf eine Erkundungstour durch verschiedene H\u00f6hlen, in denen sich S\u00fc\u00dfwasserbecken befinden, die sich zum Schnorcheln zwischen den majest\u00e4tischen Stalaktiten eignen.<\/p>\n<h2><span style=\"font-family: Roboto; font-size: 1.4rem; color: #667279;\">.<\/span><\/h2>\n[\/vc_column_text][\/vc_column][\/vc_row][vc_row full_width=&#8220;stretch_row&#8220; css=&#8220;.vc_custom_1647373092743{background-color: #ededed !important;}&#8220;][vc_column width=&#8220;1\/4&#8243;][vc_column_text]\n<h2>Insel-Touren<\/h2>\n<p>Genie\u00dfen Sie einen Ausflug entlang der n\u00f6rdlichen und s\u00fcdlichen K\u00fcstenstra\u00dfen der Insel. Halten Sie einfach an und fotografieren Sie die wundersch\u00f6nen rosafarbenen Flamingos im Goto-See, besichtigen Sie das historische Dorf Rincon, werfen Sie einen Blick auf die alten Sklavenh\u00fctten und schlie\u00dfen Sie Ihre Tour mit einem Besuch des Eselschutzgebietes ab.[\/vc_column_text][\/vc_column][vc_column width=&#8220;3\/4&#8243;][vc_single_image image=&#8220;4365&#8243; img_size=&#8220;large&#8220; alignment=&#8220;right&#8220;][\/vc_column][\/vc_row][vc_row][vc_column width=&#8220;3\/4&#8243;][vc_single_image image=&#8220;4555&#8243; img_size=&#8220;large&#8220;][\/vc_column][vc_column width=&#8220;1\/4&#8243;][vc_column_text]\n<h2>Segeln bei Sonnenuntergang<\/h2>\n<p>Was gibt es Sch\u00f6neres, als den Tag bei Sonnenuntergang ausklingen zu lassen und auf den &#8222;gr\u00fcnen Blitz&#8220; zu warten? Es gibt viele Schiffe, an denen Sie teilnehmen k\u00f6nnen, also kommen Sie einfach zum Front Office und fragen Sie das Personal nach den verschiedenen M\u00f6glichkeiten.<\/p>\n<h2><span style=\"font-family: Roboto; font-size: 1.4rem; color: #667279;\">.<\/span><\/h2>\n[\/vc_column_text][\/vc_column][\/vc_row][vc_row full_width=&#8220;stretch_row&#8220; css=&#8220;.vc_custom_1647373170138{background-color: #ededed !important;}&#8220;][vc_column width=&#8220;1\/4&#8243;][vc_column_text]\n<h2>Windsurfen<\/h2>\n<p>Belmar Apartments ist perfekt gelegen f\u00fcr einen schnellen Ausflug nach Jibe City oder zum Windsurfplatz. Beide Surfshops befinden sich in der weltber\u00fchmten Surfseite von Lac Bay. Nehmen Sie Windsurfunterricht oder leihen Sie sich einfach eine Ausr\u00fcstung in den Gesch\u00e4ften und genie\u00dfen Sie die verr\u00fcckten pazifischen Winde der Karibik. Der Unterricht wird auf allen Niveaus angeboten.[\/vc_column_text][\/vc_column][vc_column width=&#8220;3\/4&#8243;][vc_single_image image=&#8220;4373&#8243; img_size=&#8220;large&#8220; alignment=&#8220;right&#8220;][\/vc_column][\/vc_row][vc_row][vc_column width=&#8220;3\/4&#8243;][vc_single_image image=&#8220;4559&#8243; img_size=&#8220;large&#8220;][\/vc_column][vc_column width=&#8220;1\/4&#8243;][vc_column_text]\n<h2>Sportfischen<\/h2>\n<p>Die Gew\u00e4sser um Bonaire sind Lebensraum f\u00fcr Arten wie Blauer Marlin, Wei\u00dfer Marlin, Segelfisch, Wahoo, Thunfisch und Mahi Mahi. Die Fischgr\u00fcnde liegen in K\u00fcstenn\u00e4he, was mehr Zeit zum Angeln bedeutet.<\/p>\n<p>Versuchen Sie Ihr Gl\u00fcck bei einem halben oder ganzen Tag Sportfischen.<\/p>\n<p>Und was gibt es Sch\u00f6neres, als den Tag mit einem frisch gefangenen Fisch zum Abendessen zu beenden![\/vc_column_text][\/vc_column][\/vc_row][vc_row full_width=&#8220;stretch_row&#8220; css=&#8220;.vc_custom_1647373217393{background-color: #ededed !important;}&#8220;][vc_column width=&#8220;1\/4&#8243;][vc_column_text]\n<h2><a href=\"https:\/\/dive.buddydive.com\/product\/sail-dive-and-dine\/\">Sail, Dive &amp; Dine<\/a><\/h2>\n<p>Die Sail, Dine &amp; Dive Tour kombiniert das gef\u00fchrte Tauchen von Buddy Dive mit dem All-inclusive-Service von Epic Tours, ultimativer Entspannung und dem Luxus eines Mittagessens und eines 4-G\u00e4nge-Men\u00fcs an Bord eines Katamarans! W\u00e4hrend der 8-st\u00fcndigen Sail, Dive &amp; Dine Tour von 11 bis 19 Uhr werden Sie zwei gef\u00fchrte Tauchg\u00e4nge im Marine Park von Bonaire und Klein Bonaire machen. Nach dem ersten Tauchgang servieren wir Ihnen ein Mittagessen und Getr\u00e4nke, w\u00e4hrend Sie einen sonnigen oder schattigen Platz auf dem 44-Fu\u00df-Katamaran genie\u00dfen. W\u00e4hrend Sie sich f\u00fcr den zweiten gef\u00fchrten Tauchgang ausr\u00fcsten, segeln wir gem\u00fctlich zu unserem n\u00e4chsten Tauchplatz. Nach dem zweiten Tauchgang suchen wir einen sch\u00f6nen, gesch\u00fctzten Platz f\u00fcr Sie, wo Sie eiskalte Getr\u00e4nke und eine Auszeit an Bord des Katamarans genie\u00dfen k\u00f6nnen, w\u00e4hrend die Crew das Abendessen zubereitet. Sie werden den Tag mit einem 4-G\u00e4nge-Men\u00fc und Getr\u00e4nken bei einem der ber\u00fchmten Sonnenunterg\u00e4nge von Bonaire ausklingen lassen.[\/vc_column_text][\/vc_column][vc_column width=&#8220;3\/4&#8243;][vc_single_image image=&#8220;8440&#8243; img_size=&#8220;large&#8220; alignment=&#8220;right&#8220;][\/vc_column][\/vc_row]\n<\/div>","protected":false},"excerpt":{"rendered":"<p>[vc_row full_width=&#8220;stretch_row&#8220; css=&#8220;.vc_custom_1647356338128{background-position: center !important;background-repeat: no-repeat !important;background-size: cover !important;}&#8220;][vc_column][vc_column_text] Belmar Oceanfront ApartmentsAKTIVIT\u00c4TEN AUF BONAIRE [\/vc_column_text][\/vc_column][\/vc_row][vc_row full_width=&#8220;stretch_row&#8220; css=&#8220;.vc_custom_1647356338128{background-position: center !important;background-repeat: no-repeat [&hellip;]<\/p>\n","protected":false},"author":1,"featured_media":0,"parent":0,"menu_order":0,"comment_status":"open","ping_status":"open","template":"","meta":{"footnotes":""},"class_list":["post-4780","page","type-page","status-publish","hentry"],"yoast_head":"<!-- This site is optimized with the Yoast SEO plugin v27.5 - https:\/\/yoast.com\/product\/yoast-seo-wordpress\/ -->\n<title>Aktivit\u00e4ten - Belmar Oceanfront Apartments<\/title>\n<meta name=\"description\" content=\"Bonaire ist die perfekte Insel f\u00fcr Outdoor-Aktivit\u00e4ten, egal ob unter Wasser, auf dem Wasser oder an Land. Die Belmar Apartments sind Ihnen gerne bei der Organisation Ihrer Aktivit\u00e4ten behilflich.\" \/>\n<meta name=\"robots\" content=\"index, follow, max-snippet:-1, max-image-preview:large, max-video-preview:-1\" \/>\n<link rel=\"canonical\" href=\"https:\/\/belmar-bonaire.com\/activities\/\" \/>\n<meta property=\"og:locale\" content=\"de_DE\" \/>\n<meta property=\"og:type\" content=\"article\" \/>\n<meta property=\"og:title\" content=\"Aktivit\u00e4ten - Belmar Oceanfront Apartments\" \/>\n<meta property=\"og:description\" content=\"Bonaire ist die perfekte Insel f\u00fcr Outdoor-Aktivit\u00e4ten, egal ob unter Wasser, auf dem Wasser oder an Land. Die Belmar Apartments sind Ihnen gerne bei der Organisation Ihrer Aktivit\u00e4ten behilflich.\" \/>\n<meta property=\"og:url\" content=\"https:\/\/belmar-bonaire.com\/activities\/\" \/>\n<meta property=\"og:site_name\" content=\"Belmar Oceanfront Apartments\" \/>\n<meta property=\"article:publisher\" content=\"https:\/\/www.facebook.com\/belmaroceanfrontapartments\/\" \/>\n<meta property=\"article:modified_time\" content=\"2024-06-14T20:10:27+00:00\" \/>\n<meta property=\"og:image\" content=\"https:\/\/belmar-bonaire.com\/wp-content\/uploads\/2022\/02\/Belmar-Logo.png\" \/>\n\t<meta property=\"og:image:width\" content=\"1461\" \/>\n\t<meta property=\"og:image:height\" content=\"612\" \/>\n\t<meta property=\"og:image:type\" content=\"image\/png\" \/>\n<meta name=\"twitter:card\" content=\"summary_large_image\" \/>\n<meta name=\"twitter:label1\" content=\"Gesch\u00e4tzte Lesezeit\" \/>\n\t<meta name=\"twitter:data1\" content=\"6\u00a0Minuten\" \/>\n<script type=\"application\/ld+json\" class=\"yoast-schema-graph\">{\"@context\":\"https:\\\/\\\/schema.org\",\"@graph\":[{\"@type\":\"WebPage\",\"@id\":\"https:\\\/\\\/belmar-bonaire.com\\\/activities\\\/\",\"url\":\"https:\\\/\\\/belmar-bonaire.com\\\/activities\\\/\",\"name\":\"Aktivit\u00e4ten - Belmar Oceanfront Apartments\",\"isPartOf\":{\"@id\":\"https:\\\/\\\/belmar-bonaire.com\\\/#website\"},\"datePublished\":\"2022-04-25T13:19:46+00:00\",\"dateModified\":\"2024-06-14T20:10:27+00:00\",\"description\":\"Bonaire ist die perfekte Insel f\u00fcr Outdoor-Aktivit\u00e4ten, egal ob unter Wasser, auf dem Wasser oder an Land. Die Belmar Apartments sind Ihnen gerne bei der Organisation Ihrer Aktivit\u00e4ten behilflich.\",\"breadcrumb\":{\"@id\":\"https:\\\/\\\/belmar-bonaire.com\\\/activities\\\/#breadcrumb\"},\"inLanguage\":\"de\",\"potentialAction\":[{\"@type\":\"ReadAction\",\"target\":[\"https:\\\/\\\/belmar-bonaire.com\\\/activities\\\/\"]}]},{\"@type\":\"BreadcrumbList\",\"@id\":\"https:\\\/\\\/belmar-bonaire.com\\\/activities\\\/#breadcrumb\",\"itemListElement\":[{\"@type\":\"ListItem\",\"position\":1,\"name\":\"Home\",\"item\":\"https:\\\/\\\/belmar-bonaire.com\\\/\"},{\"@type\":\"ListItem\",\"position\":2,\"name\":\"Aktivit\u00e4ten\"}]},{\"@type\":\"WebSite\",\"@id\":\"https:\\\/\\\/belmar-bonaire.com\\\/#website\",\"url\":\"https:\\\/\\\/belmar-bonaire.com\\\/\",\"name\":\"Belmar Oceanfront Apartments\",\"description\":\"Belmar Bonaire\",\"publisher\":{\"@id\":\"https:\\\/\\\/belmar-bonaire.com\\\/#organization\"},\"potentialAction\":[{\"@type\":\"SearchAction\",\"target\":{\"@type\":\"EntryPoint\",\"urlTemplate\":\"https:\\\/\\\/belmar-bonaire.com\\\/?s={search_term_string}\"},\"query-input\":{\"@type\":\"PropertyValueSpecification\",\"valueRequired\":true,\"valueName\":\"search_term_string\"}}],\"inLanguage\":\"de\"},{\"@type\":\"Organization\",\"@id\":\"https:\\\/\\\/belmar-bonaire.com\\\/#organization\",\"name\":\"Belmar Oceanfront Apartments\",\"url\":\"https:\\\/\\\/belmar-bonaire.com\\\/\",\"logo\":{\"@type\":\"ImageObject\",\"inLanguage\":\"de\",\"@id\":\"https:\\\/\\\/belmar-bonaire.com\\\/#\\\/schema\\\/logo\\\/image\\\/\",\"url\":\"https:\\\/\\\/belmar-bonaire.com\\\/wp-content\\\/uploads\\\/2022\\\/02\\\/Belmar-Logo.png\",\"contentUrl\":\"https:\\\/\\\/belmar-bonaire.com\\\/wp-content\\\/uploads\\\/2022\\\/02\\\/Belmar-Logo.png\",\"width\":1461,\"height\":612,\"caption\":\"Belmar Oceanfront Apartments\"},\"image\":{\"@id\":\"https:\\\/\\\/belmar-bonaire.com\\\/#\\\/schema\\\/logo\\\/image\\\/\"},\"sameAs\":[\"https:\\\/\\\/www.facebook.com\\\/belmaroceanfrontapartments\\\/\",\"https:\\\/\\\/www.instagram.com\\\/belmaroceanfrontapartments\\\/\"]}]}<\/script>\n<!-- \/ Yoast SEO plugin. -->","yoast_head_json":{"title":"Aktivit\u00e4ten - Belmar Oceanfront Apartments","description":"Bonaire ist die perfekte Insel f\u00fcr Outdoor-Aktivit\u00e4ten, egal ob unter Wasser, auf dem Wasser oder an Land. Die Belmar Apartments sind Ihnen gerne bei der Organisation Ihrer Aktivit\u00e4ten behilflich.","robots":{"index":"index","follow":"follow","max-snippet":"max-snippet:-1","max-image-preview":"max-image-preview:large","max-video-preview":"max-video-preview:-1"},"canonical":"https:\/\/belmar-bonaire.com\/activities\/","og_locale":"de_DE","og_type":"article","og_title":"Aktivit\u00e4ten - Belmar Oceanfront Apartments","og_description":"Bonaire ist die perfekte Insel f\u00fcr Outdoor-Aktivit\u00e4ten, egal ob unter Wasser, auf dem Wasser oder an Land. Die Belmar Apartments sind Ihnen gerne bei der Organisation Ihrer Aktivit\u00e4ten behilflich.","og_url":"https:\/\/belmar-bonaire.com\/activities\/","og_site_name":"Belmar Oceanfront Apartments","article_publisher":"https:\/\/www.facebook.com\/belmaroceanfrontapartments\/","article_modified_time":"2024-06-14T20:10:27+00:00","og_image":[{"width":1461,"height":612,"url":"https:\/\/belmar-bonaire.com\/wp-content\/uploads\/2022\/02\/Belmar-Logo.png","type":"image\/png"}],"twitter_card":"summary_large_image","twitter_misc":{"Gesch\u00e4tzte Lesezeit":"6\u00a0Minuten"},"schema":{"@context":"https:\/\/schema.org","@graph":[{"@type":"WebPage","@id":"https:\/\/belmar-bonaire.com\/activities\/","url":"https:\/\/belmar-bonaire.com\/activities\/","name":"Aktivit\u00e4ten - Belmar Oceanfront Apartments","isPartOf":{"@id":"https:\/\/belmar-bonaire.com\/#website"},"datePublished":"2022-04-25T13:19:46+00:00","dateModified":"2024-06-14T20:10:27+00:00","description":"Bonaire ist die perfekte Insel f\u00fcr Outdoor-Aktivit\u00e4ten, egal ob unter Wasser, auf dem Wasser oder an Land. Die Belmar Apartments sind Ihnen gerne bei der Organisation Ihrer Aktivit\u00e4ten behilflich.","breadcrumb":{"@id":"https:\/\/belmar-bonaire.com\/activities\/#breadcrumb"},"inLanguage":"de","potentialAction":[{"@type":"ReadAction","target":["https:\/\/belmar-bonaire.com\/activities\/"]}]},{"@type":"BreadcrumbList","@id":"https:\/\/belmar-bonaire.com\/activities\/#breadcrumb","itemListElement":[{"@type":"ListItem","position":1,"name":"Home","item":"https:\/\/belmar-bonaire.com\/"},{"@type":"ListItem","position":2,"name":"Aktivit\u00e4ten"}]},{"@type":"WebSite","@id":"https:\/\/belmar-bonaire.com\/#website","url":"https:\/\/belmar-bonaire.com\/","name":"Belmar Oceanfront Apartments","description":"Belmar Bonaire","publisher":{"@id":"https:\/\/belmar-bonaire.com\/#organization"},"potentialAction":[{"@type":"SearchAction","target":{"@type":"EntryPoint","urlTemplate":"https:\/\/belmar-bonaire.com\/?s={search_term_string}"},"query-input":{"@type":"PropertyValueSpecification","valueRequired":true,"valueName":"search_term_string"}}],"inLanguage":"de"},{"@type":"Organization","@id":"https:\/\/belmar-bonaire.com\/#organization","name":"Belmar Oceanfront Apartments","url":"https:\/\/belmar-bonaire.com\/","logo":{"@type":"ImageObject","inLanguage":"de","@id":"https:\/\/belmar-bonaire.com\/#\/schema\/logo\/image\/","url":"https:\/\/belmar-bonaire.com\/wp-content\/uploads\/2022\/02\/Belmar-Logo.png","contentUrl":"https:\/\/belmar-bonaire.com\/wp-content\/uploads\/2022\/02\/Belmar-Logo.png","width":1461,"height":612,"caption":"Belmar Oceanfront Apartments"},"image":{"@id":"https:\/\/belmar-bonaire.com\/#\/schema\/logo\/image\/"},"sameAs":["https:\/\/www.facebook.com\/belmaroceanfrontapartments\/","https:\/\/www.instagram.com\/belmaroceanfrontapartments\/"]}]}},"_links":{"self":[{"href":"https:\/\/belmar-bonaire.com\/de\/wp-json\/wp\/v2\/pages\/4780","targetHints":{"allow":["GET"]}}],"collection":[{"href":"https:\/\/belmar-bonaire.com\/de\/wp-json\/wp\/v2\/pages"}],"about":[{"href":"https:\/\/belmar-bonaire.com\/de\/wp-json\/wp\/v2\/types\/page"}],"author":[{"embeddable":true,"href":"https:\/\/belmar-bonaire.com\/de\/wp-json\/wp\/v2\/users\/1"}],"replies":[{"embeddable":true,"href":"https:\/\/belmar-bonaire.com\/de\/wp-json\/wp\/v2\/comments?post=4780"}],"version-history":[{"count":7,"href":"https:\/\/belmar-bonaire.com\/de\/wp-json\/wp\/v2\/pages\/4780\/revisions"}],"predecessor-version":[{"id":8510,"href":"https:\/\/belmar-bonaire.com\/de\/wp-json\/wp\/v2\/pages\/4780\/revisions\/8510"}],"wp:attachment":[{"href":"https:\/\/belmar-bonaire.com\/de\/wp-json\/wp\/v2\/media?parent=4780"}],"curies":[{"name":"wp","href":"https:\/\/api.w.org\/{rel}","templated":true}]}}