{"id":4776,"date":"2022-04-25T13:10:42","date_gmt":"2022-04-25T13:10:42","guid":{"rendered":"https:\/\/belmar-bonaire.com\/ueber-bonaire\/"},"modified":"2024-04-27T17:28:49","modified_gmt":"2024-04-27T17:28:49","slug":"ueber-bonaire","status":"publish","type":"page","link":"https:\/\/belmar-bonaire.com\/de\/ueber-bonaire\/","title":{"rendered":"\u00dcber Bonaire"},"content":{"rendered":"<div class=\"wpb-content-wrapper\">[vc_row][vc_column][vc_column_text]\n<h1 style=\"text-align: center;\"><small>Belmar Oceanfront Apartments<\/small>\u00dcBER BONAIRE<\/h1>\n<p>&nbsp;<br \/>\n[\/vc_column_text][vc_empty_space][vc_column_text]\n<h4>Die Insel liegt in der s\u00fcdlichen Karibik, au\u00dferhalb des Hurrikang\u00fcrtels in der N\u00e4he von Aruba und Cura\u00e7ao, die nur 86 bzw. 30 Meilen (138 bzw. 44 Kilometer) entfernt sind. Bonaire ist nur 3 Flugstunden von Miami und etwa 10 Flugstunden von Europa entfernt.<\/h4>\n<p>Bonaire wird durchweg als bestes Tauchziel der Welt und als Pionier im Naturschutz eingestuft und ist ein Traum f\u00fcr jeden Taucher. \u00dcber 80 Tauchpl\u00e4tze, von denen viele vom Land aus leicht zu erreichen sind, machen Bonaire wirklich zur Welthauptstadt des K\u00fcstentauchens. Diese bumerangf\u00f6rmige Insel, 39 Kilometer lang und 5 bis 8 Kilometer breit, bietet jedoch auch eine Vielzahl von Aktivit\u00e4ten f\u00fcr diejenigen, die nicht tauchen.<\/p>\n<p>Die \u00f6stlichen Mangroven, die \u201eKinderstube des Riffs\u201c, lassen sich am besten mit dem Kajak entdecken, w\u00e4hrend im westlichen Teil der Insel mehrere H\u00f6hlen f\u00fcr gef\u00fchrte Touren ge\u00f6ffnet sind, um diese unbekannte und mystische Seite von Bonaire zu erkunden. Die Lac Bay im S\u00fcden bietet nahezu perfekte Windsurfbedingungen, was das Gebiet ideal f\u00fcr Anf\u00e4nger und Fortgeschrittene macht, w\u00e4hrend die h\u00fcgelige Landschaft im Norden der Traum eines jeden Mountainbikers ist. Klein Bonaire, eine kleine einsame Insel eine Meile vor der K\u00fcste von Bonaire, ist bekannt f\u00fcr ihr Brutgebiet f\u00fcr Schildkr\u00f6ten und ihre Str\u00e4nde.<\/p>\n<h5>Das klare Wasser ist ideal zum Schnorcheln und Sonnenbaden. Tauchen, Kajakfahren, H\u00f6hlenforschung, Schnorcheln, Mountainbiken, Wind- oder Kitesurfen, Vogelbeobachtung, Wandern oder einfach nur entspannen und vom Stress der realen Welt neue Energie tanken: Sie nennen es und Sie werden es auf Bonaire finden.<\/h5>\n<p>Konstante Passatwinde aus dem Osten sorgen f\u00fcr eine angenehme Brise \u00fcber der 294 Quadratkilometer gro\u00dfen Insel. Obwohl Bonaire von einem trockenen Klima beeinflusst wird, hat es drei charakteristische Landtypen. Die zentrale Region ist halbtrocken, w\u00e4hrend die s\u00fcdliche Region flach und weit offen ist mit einem einzigartigen Mangrovensystem und Salzpfannen. Der n\u00f6rdliche Teil ist gr\u00fcner und h\u00fcgeliger. Mit einer H\u00f6he von 218 Metern ist Brandaris Bonaires h\u00f6chster Punkt. Eine durchschnittliche j\u00e4hrliche Niederschlagsmenge von 56 cm (22 Zoll), eine nahezu konstante Wassertemperatur von 27 Grad Celsius (80 Grad Fahrenheit) und eine etwas h\u00f6here Lufttemperatur von 28 Grad Celsius (82 Grad Fahrenheit) machen Bonaire zu einer angenehmen Umgebung Urlauben.[\/vc_column_text][vc_single_image image=&#8220;4637&#8243; img_size=&#8220;2400&#215;1350&#8243;][vc_column_text]\n<h3 style=\"text-align: center;\">Bonaire-Kultur<\/h3>\n<p>Bonaires Bev\u00f6lkerung ist eine reiche Mischung aus mehreren Kulturen und reicht bis etwa 1000 n. Chr. zur\u00fcck, der \u00c4ra der Arawak-Indianer, als die Caiquetios vom heutigen Venezuela her\u00fcbersegelten. Spuren ihrer Kultur sind noch heute an verschiedenen arch\u00e4ologischen St\u00e4tten zu finden. Sklaven wurden in den fr\u00fchen 1600er Jahren aus Afrika gebracht. Historische Wahrzeichen aus dieser dunklen Zeit der Geschichte sind noch immer auf der Insel zu sehen. Am auff\u00e4lligsten und beeindruckendsten sind nat\u00fcrlich die Sklavenh\u00fctten an der S\u00fcdspitze der Insel. Obwohl von Vielfalt gepr\u00e4gt, ist Bonaires reiche Kultur stark von afrikanischen Elementen beeinflusst. Die Lieder und T\u00e4nze der Sklaven, die geschaffen wurden, um mit ihrer unmenschlichen Behandlung fertig zu werden, werden von den Menschen auf Bonaire am Leben erhalten. Afrikanische Stile wurden kreativ mit kulturellen Einfl\u00fcssen der Inselbewohner wie Spanier und Holl\u00e4nder vermischt. Freundlich und warmherzig sind die besten M\u00f6glichkeiten, die Menschen hinter dem strahlenden L\u00e4cheln zu beschreiben, f\u00fcr das die Bonaireaner so ber\u00fchmt sind.<\/p>\n<p>W\u00e4hrend Niederl\u00e4ndisch und Papiamentu die offiziellen Sprachen sind, wird Englisch von den meisten Menschen auf der Insel gesprochen. Es wird dringend empfohlen, ein Auto zu mieten, da es auf der Insel kein formelles \u00f6ffentliches Verkehrssystem gibt. Taxis stehen am Flughafen zur Verf\u00fcgung oder k\u00f6nnen von Ihrem Hotel arrangiert werden.<\/p>\n<p>Auf der Hauptstra\u00dfe von Bonaire, Kaya Grandi, finden Sie keine gesch\u00e4ftigen und \u00fcberf\u00fcllten Gesch\u00e4fte, die die traditionellen Ger\u00e4te und Souvenirs verkaufen, denen Sie begegnen, wenn Sie andere wichtige karibische Touristenziele besuchen. Die Auswahl der angebotenen Waren ist wie Bonaire selbst: vielf\u00e4ltig und \u00fcberraschend. Wir haben einige Gesch\u00e4fte, die hochwertigen Schmuck anbieten, w\u00e4hrend andere Kunsthandwerk von unseren lokalen Handwerkern f\u00fchren.<\/p>\n<p>Seit vielen Jahren spielt die Regierung von Bonaire eine f\u00fchrende Rolle bei der Erhaltung und dem Schutz der Natur auf der Insel, sowohl unter als auch \u00fcber dem Wasser. Am bedeutendsten und bekanntesten ist nat\u00fcrlich der Bonaire National Marine Park, der vor \u00fcber 30 Jahren ins Leben gerufen wurde, als Meeresparks noch unbekannt waren.[\/vc_column_text][\/vc_column][\/vc_row]\n<\/div>","protected":false},"excerpt":{"rendered":"<p>[vc_row][vc_column][vc_column_text] Belmar Oceanfront Apartments\u00dcBER BONAIRE &nbsp; [\/vc_column_text][vc_empty_space][vc_column_text] Die Insel liegt in der s\u00fcdlichen Karibik, au\u00dferhalb des Hurrikang\u00fcrtels in der N\u00e4he [&hellip;]<\/p>\n","protected":false},"author":2,"featured_media":0,"parent":0,"menu_order":0,"comment_status":"closed","ping_status":"closed","template":"","meta":{"footnotes":""},"class_list":["post-4776","page","type-page","status-publish","hentry"],"yoast_head":"<!-- This site is optimized with the Yoast SEO plugin v27.5 - https:\/\/yoast.com\/product\/yoast-seo-wordpress\/ -->\n<title>\u00dcber Bonaire - Belmar Oceanfront Apartments<\/title>\n<meta name=\"description\" content=\"Bonaire ist nur 3 Flugstunden von Miami und etwa 10 Flugstunden von Europa entfernt. Bonaire wird durchweg als bestes Tauchziel der Welt und als Pionier im Naturschutz eingestuft und ist ein Traum f\u00fcr jeden Taucher.\" \/>\n<meta name=\"robots\" content=\"index, follow, max-snippet:-1, max-image-preview:large, max-video-preview:-1\" \/>\n<link rel=\"canonical\" href=\"https:\/\/belmar-bonaire.com\/about-bonaire\/\" \/>\n<meta property=\"og:locale\" content=\"de_DE\" \/>\n<meta property=\"og:type\" content=\"article\" \/>\n<meta property=\"og:title\" content=\"\u00dcber Bonaire - Belmar Oceanfront Apartments\" \/>\n<meta property=\"og:description\" content=\"Bonaire ist nur 3 Flugstunden von Miami und etwa 10 Flugstunden von Europa entfernt. Bonaire wird durchweg als bestes Tauchziel der Welt und als Pionier im Naturschutz eingestuft und ist ein Traum f\u00fcr jeden Taucher.\" \/>\n<meta property=\"og:url\" content=\"https:\/\/belmar-bonaire.com\/about-bonaire\/\" \/>\n<meta property=\"og:site_name\" content=\"Belmar Oceanfront Apartments\" \/>\n<meta property=\"article:publisher\" content=\"https:\/\/www.facebook.com\/belmaroceanfrontapartments\/\" \/>\n<meta property=\"article:modified_time\" content=\"2024-04-27T17:28:49+00:00\" \/>\n<meta property=\"og:image\" content=\"https:\/\/belmar-bonaire.com\/wp-content\/uploads\/2022\/02\/Belmar-Logo.png\" \/>\n\t<meta property=\"og:image:width\" content=\"1461\" \/>\n\t<meta property=\"og:image:height\" content=\"612\" \/>\n\t<meta property=\"og:image:type\" content=\"image\/png\" \/>\n<meta name=\"twitter:card\" content=\"summary_large_image\" \/>\n<meta name=\"twitter:label1\" content=\"Gesch\u00e4tzte Lesezeit\" \/>\n\t<meta name=\"twitter:data1\" content=\"4\u00a0Minuten\" \/>\n<script type=\"application\/ld+json\" class=\"yoast-schema-graph\">{\"@context\":\"https:\\\/\\\/schema.org\",\"@graph\":[{\"@type\":\"WebPage\",\"@id\":\"https:\\\/\\\/belmar-bonaire.com\\\/about-bonaire\\\/\",\"url\":\"https:\\\/\\\/belmar-bonaire.com\\\/about-bonaire\\\/\",\"name\":\"\u00dcber Bonaire - Belmar Oceanfront Apartments\",\"isPartOf\":{\"@id\":\"https:\\\/\\\/belmar-bonaire.com\\\/#website\"},\"datePublished\":\"2022-04-25T13:10:42+00:00\",\"dateModified\":\"2024-04-27T17:28:49+00:00\",\"description\":\"Bonaire ist nur 3 Flugstunden von Miami und etwa 10 Flugstunden von Europa entfernt. Bonaire wird durchweg als bestes Tauchziel der Welt und als Pionier im Naturschutz eingestuft und ist ein Traum f\u00fcr jeden Taucher.\",\"breadcrumb\":{\"@id\":\"https:\\\/\\\/belmar-bonaire.com\\\/about-bonaire\\\/#breadcrumb\"},\"inLanguage\":\"de\",\"potentialAction\":[{\"@type\":\"ReadAction\",\"target\":[\"https:\\\/\\\/belmar-bonaire.com\\\/about-bonaire\\\/\"]}]},{\"@type\":\"BreadcrumbList\",\"@id\":\"https:\\\/\\\/belmar-bonaire.com\\\/about-bonaire\\\/#breadcrumb\",\"itemListElement\":[{\"@type\":\"ListItem\",\"position\":1,\"name\":\"Home\",\"item\":\"https:\\\/\\\/belmar-bonaire.com\\\/\"},{\"@type\":\"ListItem\",\"position\":2,\"name\":\"\u00dcber Bonaire\"}]},{\"@type\":\"WebSite\",\"@id\":\"https:\\\/\\\/belmar-bonaire.com\\\/#website\",\"url\":\"https:\\\/\\\/belmar-bonaire.com\\\/\",\"name\":\"Belmar Oceanfront Apartments\",\"description\":\"Belmar Bonaire\",\"publisher\":{\"@id\":\"https:\\\/\\\/belmar-bonaire.com\\\/#organization\"},\"potentialAction\":[{\"@type\":\"SearchAction\",\"target\":{\"@type\":\"EntryPoint\",\"urlTemplate\":\"https:\\\/\\\/belmar-bonaire.com\\\/?s={search_term_string}\"},\"query-input\":{\"@type\":\"PropertyValueSpecification\",\"valueRequired\":true,\"valueName\":\"search_term_string\"}}],\"inLanguage\":\"de\"},{\"@type\":\"Organization\",\"@id\":\"https:\\\/\\\/belmar-bonaire.com\\\/#organization\",\"name\":\"Belmar Oceanfront Apartments\",\"url\":\"https:\\\/\\\/belmar-bonaire.com\\\/\",\"logo\":{\"@type\":\"ImageObject\",\"inLanguage\":\"de\",\"@id\":\"https:\\\/\\\/belmar-bonaire.com\\\/#\\\/schema\\\/logo\\\/image\\\/\",\"url\":\"https:\\\/\\\/belmar-bonaire.com\\\/wp-content\\\/uploads\\\/2022\\\/02\\\/Belmar-Logo.png\",\"contentUrl\":\"https:\\\/\\\/belmar-bonaire.com\\\/wp-content\\\/uploads\\\/2022\\\/02\\\/Belmar-Logo.png\",\"width\":1461,\"height\":612,\"caption\":\"Belmar Oceanfront Apartments\"},\"image\":{\"@id\":\"https:\\\/\\\/belmar-bonaire.com\\\/#\\\/schema\\\/logo\\\/image\\\/\"},\"sameAs\":[\"https:\\\/\\\/www.facebook.com\\\/belmaroceanfrontapartments\\\/\",\"https:\\\/\\\/www.instagram.com\\\/belmaroceanfrontapartments\\\/\"]}]}<\/script>\n<!-- \/ Yoast SEO plugin. -->","yoast_head_json":{"title":"\u00dcber Bonaire - Belmar Oceanfront Apartments","description":"Bonaire ist nur 3 Flugstunden von Miami und etwa 10 Flugstunden von Europa entfernt. Bonaire wird durchweg als bestes Tauchziel der Welt und als Pionier im Naturschutz eingestuft und ist ein Traum f\u00fcr jeden Taucher.","robots":{"index":"index","follow":"follow","max-snippet":"max-snippet:-1","max-image-preview":"max-image-preview:large","max-video-preview":"max-video-preview:-1"},"canonical":"https:\/\/belmar-bonaire.com\/about-bonaire\/","og_locale":"de_DE","og_type":"article","og_title":"\u00dcber Bonaire - Belmar Oceanfront Apartments","og_description":"Bonaire ist nur 3 Flugstunden von Miami und etwa 10 Flugstunden von Europa entfernt. Bonaire wird durchweg als bestes Tauchziel der Welt und als Pionier im Naturschutz eingestuft und ist ein Traum f\u00fcr jeden Taucher.","og_url":"https:\/\/belmar-bonaire.com\/about-bonaire\/","og_site_name":"Belmar Oceanfront Apartments","article_publisher":"https:\/\/www.facebook.com\/belmaroceanfrontapartments\/","article_modified_time":"2024-04-27T17:28:49+00:00","og_image":[{"width":1461,"height":612,"url":"https:\/\/belmar-bonaire.com\/wp-content\/uploads\/2022\/02\/Belmar-Logo.png","type":"image\/png"}],"twitter_card":"summary_large_image","twitter_misc":{"Gesch\u00e4tzte Lesezeit":"4\u00a0Minuten"},"schema":{"@context":"https:\/\/schema.org","@graph":[{"@type":"WebPage","@id":"https:\/\/belmar-bonaire.com\/about-bonaire\/","url":"https:\/\/belmar-bonaire.com\/about-bonaire\/","name":"\u00dcber Bonaire - Belmar Oceanfront Apartments","isPartOf":{"@id":"https:\/\/belmar-bonaire.com\/#website"},"datePublished":"2022-04-25T13:10:42+00:00","dateModified":"2024-04-27T17:28:49+00:00","description":"Bonaire ist nur 3 Flugstunden von Miami und etwa 10 Flugstunden von Europa entfernt. Bonaire wird durchweg als bestes Tauchziel der Welt und als Pionier im Naturschutz eingestuft und ist ein Traum f\u00fcr jeden Taucher.","breadcrumb":{"@id":"https:\/\/belmar-bonaire.com\/about-bonaire\/#breadcrumb"},"inLanguage":"de","potentialAction":[{"@type":"ReadAction","target":["https:\/\/belmar-bonaire.com\/about-bonaire\/"]}]},{"@type":"BreadcrumbList","@id":"https:\/\/belmar-bonaire.com\/about-bonaire\/#breadcrumb","itemListElement":[{"@type":"ListItem","position":1,"name":"Home","item":"https:\/\/belmar-bonaire.com\/"},{"@type":"ListItem","position":2,"name":"\u00dcber Bonaire"}]},{"@type":"WebSite","@id":"https:\/\/belmar-bonaire.com\/#website","url":"https:\/\/belmar-bonaire.com\/","name":"Belmar Oceanfront Apartments","description":"Belmar Bonaire","publisher":{"@id":"https:\/\/belmar-bonaire.com\/#organization"},"potentialAction":[{"@type":"SearchAction","target":{"@type":"EntryPoint","urlTemplate":"https:\/\/belmar-bonaire.com\/?s={search_term_string}"},"query-input":{"@type":"PropertyValueSpecification","valueRequired":true,"valueName":"search_term_string"}}],"inLanguage":"de"},{"@type":"Organization","@id":"https:\/\/belmar-bonaire.com\/#organization","name":"Belmar Oceanfront Apartments","url":"https:\/\/belmar-bonaire.com\/","logo":{"@type":"ImageObject","inLanguage":"de","@id":"https:\/\/belmar-bonaire.com\/#\/schema\/logo\/image\/","url":"https:\/\/belmar-bonaire.com\/wp-content\/uploads\/2022\/02\/Belmar-Logo.png","contentUrl":"https:\/\/belmar-bonaire.com\/wp-content\/uploads\/2022\/02\/Belmar-Logo.png","width":1461,"height":612,"caption":"Belmar Oceanfront Apartments"},"image":{"@id":"https:\/\/belmar-bonaire.com\/#\/schema\/logo\/image\/"},"sameAs":["https:\/\/www.facebook.com\/belmaroceanfrontapartments\/","https:\/\/www.instagram.com\/belmaroceanfrontapartments\/"]}]}},"_links":{"self":[{"href":"https:\/\/belmar-bonaire.com\/de\/wp-json\/wp\/v2\/pages\/4776","targetHints":{"allow":["GET"]}}],"collection":[{"href":"https:\/\/belmar-bonaire.com\/de\/wp-json\/wp\/v2\/pages"}],"about":[{"href":"https:\/\/belmar-bonaire.com\/de\/wp-json\/wp\/v2\/types\/page"}],"author":[{"embeddable":true,"href":"https:\/\/belmar-bonaire.com\/de\/wp-json\/wp\/v2\/users\/2"}],"replies":[{"embeddable":true,"href":"https:\/\/belmar-bonaire.com\/de\/wp-json\/wp\/v2\/comments?post=4776"}],"version-history":[{"count":7,"href":"https:\/\/belmar-bonaire.com\/de\/wp-json\/wp\/v2\/pages\/4776\/revisions"}],"predecessor-version":[{"id":8304,"href":"https:\/\/belmar-bonaire.com\/de\/wp-json\/wp\/v2\/pages\/4776\/revisions\/8304"}],"wp:attachment":[{"href":"https:\/\/belmar-bonaire.com\/de\/wp-json\/wp\/v2\/media?parent=4776"}],"curies":[{"name":"wp","href":"https:\/\/api.w.org\/{rel}","templated":true}]}}